{"id":267644,"date":"2022-06-21T17:23:01","date_gmt":"2022-06-21T17:23:01","guid":{"rendered":"http:\/\/www.feman-jagodina.feman.co.rs\/?post_type=product&#038;p=267644"},"modified":"2022-06-21T17:23:45","modified_gmt":"2022-06-21T17:23:45","slug":"modularni-merno-razvodni-orman-od-poliestera-mro4h-1200x665x235","status":"publish","type":"product","link":"https:\/\/www.feman.net\/eng\/?product=modularni-merno-razvodni-orman-od-poliestera-mro4h-1200x665x235","title":{"rendered":"MODULARNI MERNO-RAZVODNI ORMAN OD POLIESTERA  MRO4H  1200x665x235"},"content":{"rendered":"<p><img loading=\"lazy\" decoding=\"async\" class=\"wp-image-267646 alignleft\" src=\"http:\/\/www.feman.net\/wp-content\/uploads\/2022\/06\/mro4h-1200x665x235-1024x677.png\" alt=\"\" width=\"672\" height=\"444\" srcset=\"https:\/\/www.feman.net\/eng\/wp-content\/uploads\/2022\/06\/mro4h-1200x665x235-1024x677.png 1024w, https:\/\/www.feman.net\/eng\/wp-content\/uploads\/2022\/06\/mro4h-1200x665x235-300x198.png 300w, https:\/\/www.feman.net\/eng\/wp-content\/uploads\/2022\/06\/mro4h-1200x665x235-768x508.png 768w, https:\/\/www.feman.net\/eng\/wp-content\/uploads\/2022\/06\/mro4h-1200x665x235-1080x714.png 1080w, https:\/\/www.feman.net\/eng\/wp-content\/uploads\/2022\/06\/mro4h-1200x665x235-1280x846.png 1280w, https:\/\/www.feman.net\/eng\/wp-content\/uploads\/2022\/06\/mro4h-1200x665x235-980x648.png 980w, https:\/\/www.feman.net\/eng\/wp-content\/uploads\/2022\/06\/mro4h-1200x665x235-480x317.png 480w, https:\/\/www.feman.net\/eng\/wp-content\/uploads\/2022\/06\/mro4h-1200x665x235-600x397.png 600w, https:\/\/www.feman.net\/eng\/wp-content\/uploads\/2022\/06\/mro4h-1200x665x235.png 1535w\" sizes=\"(max-width: 672px) 100vw, 672px\" \/><img loading=\"lazy\" decoding=\"async\" class=\"alignnone wp-image-267645\" src=\"http:\/\/www.feman.net\/wp-content\/uploads\/2022\/06\/2-mro4h-1200x665x235-1024x676.png\" alt=\"\" width=\"674\" height=\"445\" srcset=\"https:\/\/www.feman.net\/eng\/wp-content\/uploads\/2022\/06\/2-mro4h-1200x665x235-1024x676.png 1024w, https:\/\/www.feman.net\/eng\/wp-content\/uploads\/2022\/06\/2-mro4h-1200x665x235-300x198.png 300w, https:\/\/www.feman.net\/eng\/wp-content\/uploads\/2022\/06\/2-mro4h-1200x665x235-768x507.png 768w, https:\/\/www.feman.net\/eng\/wp-content\/uploads\/2022\/06\/2-mro4h-1200x665x235-1080x713.png 1080w, https:\/\/www.feman.net\/eng\/wp-content\/uploads\/2022\/06\/2-mro4h-1200x665x235-1280x846.png 1280w, https:\/\/www.feman.net\/eng\/wp-content\/uploads\/2022\/06\/2-mro4h-1200x665x235-980x647.png 980w, https:\/\/www.feman.net\/eng\/wp-content\/uploads\/2022\/06\/2-mro4h-1200x665x235-480x317.png 480w, https:\/\/www.feman.net\/eng\/wp-content\/uploads\/2022\/06\/2-mro4h-1200x665x235-600x396.png 600w, https:\/\/www.feman.net\/eng\/wp-content\/uploads\/2022\/06\/2-mro4h-1200x665x235.png 1535w\" sizes=\"(max-width: 674px) 100vw, 674px\" \/><\/p>\n<p>&nbsp;<\/p>\n<h3>FEMAN POLIESTERSKI ORMANI &#8211; KARAKTERISTIKE<\/h3>\n<p><a href=\"http:\/\/www.feman.net\/wp-content\/uploads\/2022\/05\/karakteristike-1.png\"><img loading=\"lazy\" decoding=\"async\" class=\"alignnone size-full wp-image-266869\" src=\"http:\/\/www.feman.net\/wp-content\/uploads\/2022\/05\/karakteristike-1.png\" alt=\"\" width=\"1000\" height=\"323\" srcset=\"https:\/\/www.feman.net\/eng\/wp-content\/uploads\/2022\/05\/karakteristike-1.png 1000w, https:\/\/www.feman.net\/eng\/wp-content\/uploads\/2022\/05\/karakteristike-1-300x97.png 300w, https:\/\/www.feman.net\/eng\/wp-content\/uploads\/2022\/05\/karakteristike-1-768x248.png 768w, https:\/\/www.feman.net\/eng\/wp-content\/uploads\/2022\/05\/karakteristike-1-980x317.png 980w, https:\/\/www.feman.net\/eng\/wp-content\/uploads\/2022\/05\/karakteristike-1-480x155.png 480w, https:\/\/www.feman.net\/eng\/wp-content\/uploads\/2022\/05\/karakteristike-1-600x194.png 600w\" sizes=\"(max-width: 1000px) 100vw, 1000px\" \/><\/a><\/p>\n<h3><strong>TEHNI\u010cKE KARAKTERISTIKE MODULARNOG MERNO-RAZVODNOG ORMANA<\/strong><\/h3>\n<h4>Koristi za monta\u017eu dva merna ure\u0111aja, raspore\u0111ena po horizontali. Za monta\u017eu vi\u0161e mernih ure\u0111aja mogu se nizati jedan pored drugog i jedan iznad drugog.<\/h4>\n<p><a href=\"http:\/\/www.feman.net\/wp-content\/uploads\/2022\/05\/3-MRO-1.png\"> \u00a0\u00a0\u00a0\u00a0\u00a0\u00a0\u00a0\u00a0\u00a0\u00a0 \u00a0\u00a0<\/a><a href=\"http:\/\/www.feman.net\/wp-content\/uploads\/2022\/05\/3-MRO-1.png\">\u00a0\u00a0\u00a0\u00a0\u00a0\u00a0\u00a0\u00a0\u00a0\u00a0\u00a0\u00a0\u00a0\u00a0\u00a0\u00a0\u00a0\u00a0\u00a0\u00a0\u00a0\u00a0\u00a0\u00a0\u00a0\u00a0\u00a0\u00a0\u00a0\u00a0 <img loading=\"lazy\" decoding=\"async\" class=\"alignnone wp-image-267647\" src=\"http:\/\/www.feman.net\/wp-content\/uploads\/2022\/06\/3-mro4h.jpg\" alt=\"\" width=\"563\" height=\"473\" srcset=\"https:\/\/www.feman.net\/eng\/wp-content\/uploads\/2022\/06\/3-mro4h.jpg 811w, https:\/\/www.feman.net\/eng\/wp-content\/uploads\/2022\/06\/3-mro4h-300x252.jpg 300w, https:\/\/www.feman.net\/eng\/wp-content\/uploads\/2022\/06\/3-mro4h-768x645.jpg 768w, https:\/\/www.feman.net\/eng\/wp-content\/uploads\/2022\/06\/3-mro4h-480x403.jpg 480w, https:\/\/www.feman.net\/eng\/wp-content\/uploads\/2022\/06\/3-mro4h-600x504.jpg 600w\" sizes=\"(max-width: 563px) 100vw, 563px\" \/><\/a><\/p>\n<p>Vi\u0161enamenski modularni univerzalni orman izra\u0111ujemo u vi\u0161e varijanti, za monta\u017eu na stub, na zid, u zidu, kao slobodnostoje\u0107i nadzemni i kao slobodnostoje\u0107i uzemni.<br \/>\nOrman izra\u0111ujemo od presovanog negorivog poliestera oja\u010danog staklenim vlaknima. Otporan je na udare, savijanje i ima veliku dijalektri\u010dnu \u010dvrsto\u0107u. Otporan je na atmosferske uticaje, kao i UV zra\u010denje. Ne prouzrokuje \u0161tetna dejstva na \u017eive organizme i \u010dovekovu okolinu. Pru\u017ea veoma dobru mehani\u010dku i elektri\u010dnu za\u0161titu. Spada u visoko izolacione ormane. Dodavanjem dihtung gume na vratima, prozorima i drugim otvorima posti\u017ee se visok stepen zaptivenosti IP 54. Zbog svojih tehni\u010dkih karakteristika mogu se koristiti u vla\u017enim prostorijama, sredinama gde je veliko prisustvo kiselina, pra\u0161ina i soli, termoelektranama, prostorijama sa visokim i niskim temperaturama, u industrijskim halama itd. Kori\u0161\u0107enje je jednostavno i bez dodatnog odr\u017eavanja, otporan je na visoke i niske temperature. Veoma laka i jednostavna monta\u017ea i ugradnja. Spada u visoko izolacione ormane.<br \/>\nU skladu sa evropskim standardima i normama razvili smo \u0161irok program prate\u0107e ugradnje opreme za ormane. Po \u017eelji kupca ormane isporu\u010dujemo kompletno opremljene (\u0161emirane) prema tehni\u010dkom uputstvu dostavljenom od strane kupca.<\/p>\n<h3>VRSTE, UPOTREBA I PRIMERI ORMANA<\/h3>\n<p><img loading=\"lazy\" decoding=\"async\" class=\"wp-image-267648 aligncenter\" src=\"http:\/\/www.feman.net\/wp-content\/uploads\/2022\/06\/10-mro4h-1200x665x235-1024x614.png\" alt=\"\" width=\"637\" height=\"382\" srcset=\"https:\/\/www.feman.net\/eng\/wp-content\/uploads\/2022\/06\/10-mro4h-1200x665x235-1024x614.png 1024w, https:\/\/www.feman.net\/eng\/wp-content\/uploads\/2022\/06\/10-mro4h-1200x665x235-300x180.png 300w, https:\/\/www.feman.net\/eng\/wp-content\/uploads\/2022\/06\/10-mro4h-1200x665x235-768x460.png 768w, https:\/\/www.feman.net\/eng\/wp-content\/uploads\/2022\/06\/10-mro4h-1200x665x235-1080x647.png 1080w, https:\/\/www.feman.net\/eng\/wp-content\/uploads\/2022\/06\/10-mro4h-1200x665x235-980x588.png 980w, https:\/\/www.feman.net\/eng\/wp-content\/uploads\/2022\/06\/10-mro4h-1200x665x235-480x288.png 480w, https:\/\/www.feman.net\/eng\/wp-content\/uploads\/2022\/06\/10-mro4h-1200x665x235-600x360.png 600w, https:\/\/www.feman.net\/eng\/wp-content\/uploads\/2022\/06\/10-mro4h-1200x665x235.png 1236w\" sizes=\"(max-width: 637px) 100vw, 637px\" \/><\/p>\n<p>&nbsp;<\/p>\n<p><img loading=\"lazy\" decoding=\"async\" class=\"wp-image-267649 aligncenter\" src=\"http:\/\/www.feman.net\/wp-content\/uploads\/2022\/06\/11-mro4h-1200x665x235-1024x615.png\" alt=\"\" width=\"635\" height=\"381\" srcset=\"https:\/\/www.feman.net\/eng\/wp-content\/uploads\/2022\/06\/11-mro4h-1200x665x235-1024x615.png 1024w, https:\/\/www.feman.net\/eng\/wp-content\/uploads\/2022\/06\/11-mro4h-1200x665x235-300x180.png 300w, https:\/\/www.feman.net\/eng\/wp-content\/uploads\/2022\/06\/11-mro4h-1200x665x235-768x461.png 768w, https:\/\/www.feman.net\/eng\/wp-content\/uploads\/2022\/06\/11-mro4h-1200x665x235-1080x648.png 1080w, https:\/\/www.feman.net\/eng\/wp-content\/uploads\/2022\/06\/11-mro4h-1200x665x235-980x588.png 980w, https:\/\/www.feman.net\/eng\/wp-content\/uploads\/2022\/06\/11-mro4h-1200x665x235-480x288.png 480w, https:\/\/www.feman.net\/eng\/wp-content\/uploads\/2022\/06\/11-mro4h-1200x665x235-600x360.png 600w, https:\/\/www.feman.net\/eng\/wp-content\/uploads\/2022\/06\/11-mro4h-1200x665x235.png 1261w\" sizes=\"(max-width: 635px) 100vw, 635px\" \/><\/p>\n<p>&nbsp;<\/p>\n<p><img loading=\"lazy\" decoding=\"async\" class=\"wp-image-267650 aligncenter\" src=\"http:\/\/www.feman.net\/wp-content\/uploads\/2022\/06\/12-mro4h-1200x665x235-1024x412.png\" alt=\"\" width=\"822\" height=\"331\" srcset=\"https:\/\/www.feman.net\/eng\/wp-content\/uploads\/2022\/06\/12-mro4h-1200x665x235-1024x412.png 1024w, https:\/\/www.feman.net\/eng\/wp-content\/uploads\/2022\/06\/12-mro4h-1200x665x235-300x121.png 300w, https:\/\/www.feman.net\/eng\/wp-content\/uploads\/2022\/06\/12-mro4h-1200x665x235-768x309.png 768w, https:\/\/www.feman.net\/eng\/wp-content\/uploads\/2022\/06\/12-mro4h-1200x665x235-1536x618.png 1536w, https:\/\/www.feman.net\/eng\/wp-content\/uploads\/2022\/06\/12-mro4h-1200x665x235-1080x434.png 1080w, https:\/\/www.feman.net\/eng\/wp-content\/uploads\/2022\/06\/12-mro4h-1200x665x235-1280x515.png 1280w, https:\/\/www.feman.net\/eng\/wp-content\/uploads\/2022\/06\/12-mro4h-1200x665x235-980x394.png 980w, https:\/\/www.feman.net\/eng\/wp-content\/uploads\/2022\/06\/12-mro4h-1200x665x235-480x193.png 480w, https:\/\/www.feman.net\/eng\/wp-content\/uploads\/2022\/06\/12-mro4h-1200x665x235-600x241.png 600w, https:\/\/www.feman.net\/eng\/wp-content\/uploads\/2022\/06\/12-mro4h-1200x665x235.png 2022w\" sizes=\"(max-width: 822px) 100vw, 822px\" \/><\/p>\n<h3><\/h3>\n<h4><\/h4>\n<h4><\/h4>\n<h4><\/h4>\n<h4><\/h4>\n","protected":false},"excerpt":{"rendered":"<p>&nbsp; FEMAN POLIESTERSKI ORMANI &#8211; KARAKTERISTIKE TEHNI\u010cKE KARAKTERISTIKE MODULARNOG MERNO-RAZVODNOG ORMANA Koristi za monta\u017eu dva merna ure\u0111aja, raspore\u0111ena po horizontali. Za monta\u017eu vi\u0161e mernih ure\u0111aja mogu se nizati jedan pored drugog i jedan iznad drugog. \u00a0\u00a0\u00a0\u00a0\u00a0\u00a0\u00a0\u00a0\u00a0\u00a0 \u00a0\u00a0\u00a0\u00a0\u00a0\u00a0\u00a0\u00a0\u00a0\u00a0\u00a0\u00a0\u00a0\u00a0\u00a0\u00a0\u00a0\u00a0\u00a0\u00a0\u00a0\u00a0\u00a0\u00a0\u00a0\u00a0\u00a0\u00a0\u00a0\u00a0\u00a0\u00a0 Vi\u0161enamenski modularni univerzalni orman izra\u0111ujemo u vi\u0161e varijanti, za monta\u017eu na stub, na zid, u zidu, kao slobodnostoje\u0107i [&hellip;]<\/p>\n","protected":false},"featured_media":267651,"comment_status":"open","ping_status":"closed","template":"","meta":[],"product_brand":[],"product_cat":[226,230],"product_tag":[],"class_list":{"0":"post-267644","1":"product","2":"type-product","3":"status-publish","4":"has-post-thumbnail","6":"product_cat-ormani-karakteristike","7":"product_cat-ormani-mro4","9":"first","10":"instock","11":"shipping-taxable","12":"product-type-simple"},"_links":{"self":[{"href":"https:\/\/www.feman.net\/eng\/index.php?rest_route=\/wp\/v2\/product\/267644","targetHints":{"allow":["GET"]}}],"collection":[{"href":"https:\/\/www.feman.net\/eng\/index.php?rest_route=\/wp\/v2\/product"}],"about":[{"href":"https:\/\/www.feman.net\/eng\/index.php?rest_route=\/wp\/v2\/types\/product"}],"replies":[{"embeddable":true,"href":"https:\/\/www.feman.net\/eng\/index.php?rest_route=%2Fwp%2Fv2%2Fcomments&post=267644"}],"wp:featuredmedia":[{"embeddable":true,"href":"https:\/\/www.feman.net\/eng\/index.php?rest_route=\/wp\/v2\/media\/267651"}],"wp:attachment":[{"href":"https:\/\/www.feman.net\/eng\/index.php?rest_route=%2Fwp%2Fv2%2Fmedia&parent=267644"}],"wp:term":[{"taxonomy":"product_brand","embeddable":true,"href":"https:\/\/www.feman.net\/eng\/index.php?rest_route=%2Fwp%2Fv2%2Fproduct_brand&post=267644"},{"taxonomy":"product_cat","embeddable":true,"href":"https:\/\/www.feman.net\/eng\/index.php?rest_route=%2Fwp%2Fv2%2Fproduct_cat&post=267644"},{"taxonomy":"product_tag","embeddable":true,"href":"https:\/\/www.feman.net\/eng\/index.php?rest_route=%2Fwp%2Fv2%2Fproduct_tag&post=267644"}],"curies":[{"name":"wp","href":"https:\/\/api.w.org\/{rel}","templated":true}]}}