{"id":267691,"date":"2022-06-21T18:03:44","date_gmt":"2022-06-21T18:03:44","guid":{"rendered":"http:\/\/www.feman-jagodina.feman.co.rs\/?post_type=product&#038;p=267691"},"modified":"2026-04-05T16:57:36","modified_gmt":"2026-04-05T16:57:36","slug":"modularni-merno-razvodni-orman-od-poliestera-mro4-600x1055x235","status":"publish","type":"product","link":"https:\/\/www.feman.net\/eng\/?product=modularni-merno-razvodni-orman-od-poliestera-mro4-600x1055x235","title":{"rendered":"MODULARNI MERNO-RAZVODNI ORMAN OD POLIESTERA  MRO4  600x1055x235"},"content":{"rendered":"<img loading=\"lazy\" decoding=\"async\" class=\"alignnone  wp-image-267692\" src=\"http:\/\/www.feman.net\/wp-content\/uploads\/2022\/06\/1-2-MRO4-600x1055x235-575x1024.png\" alt=\"\" width=\"366\" height=\"652\" srcset=\"https:\/\/www.feman.net\/eng\/wp-content\/uploads\/2022\/06\/1-2-MRO4-600x1055x235-575x1024.png 575w, https:\/\/www.feman.net\/eng\/wp-content\/uploads\/2022\/06\/1-2-MRO4-600x1055x235-300x534.png 300w, https:\/\/www.feman.net\/eng\/wp-content\/uploads\/2022\/06\/1-2-MRO4-600x1055x235-768x1367.png 768w, https:\/\/www.feman.net\/eng\/wp-content\/uploads\/2022\/06\/1-2-MRO4-600x1055x235-480x854.png 480w, https:\/\/www.feman.net\/eng\/wp-content\/uploads\/2022\/06\/1-2-MRO4-600x1055x235-600x1068.png 600w, https:\/\/www.feman.net\/eng\/wp-content\/uploads\/2022\/06\/1-2-MRO4-600x1055x235.png 813w\" sizes=\"(max-width: 366px) 100vw, 366px\" \/> \u00a0\u00a0\u00a0\u00a0\u00a0\u00a0\u00a0\u00a0\u00a0\u00a0\u00a0\u00a0\u00a0\u00a0\u00a0\u00a0\u00a0 <img loading=\"lazy\" decoding=\"async\" class=\"alignnone  wp-image-267693\" src=\"http:\/\/www.feman.net\/wp-content\/uploads\/2022\/06\/2-MRO4-600x1055x235-573x1024.png\" alt=\"\" width=\"353\" height=\"630\" srcset=\"https:\/\/www.feman.net\/eng\/wp-content\/uploads\/2022\/06\/2-MRO4-600x1055x235-573x1024.png 573w, https:\/\/www.feman.net\/eng\/wp-content\/uploads\/2022\/06\/2-MRO4-600x1055x235-300x536.png 300w, https:\/\/www.feman.net\/eng\/wp-content\/uploads\/2022\/06\/2-MRO4-600x1055x235-768x1372.png 768w, https:\/\/www.feman.net\/eng\/wp-content\/uploads\/2022\/06\/2-MRO4-600x1055x235-480x857.png 480w, https:\/\/www.feman.net\/eng\/wp-content\/uploads\/2022\/06\/2-MRO4-600x1055x235-600x1072.png 600w, https:\/\/www.feman.net\/eng\/wp-content\/uploads\/2022\/06\/2-MRO4-600x1055x235.png 819w\" sizes=\"(max-width: 353px) 100vw, 353px\" \/>\r\n\r\n&nbsp;\r\n\r\nFEMAN POLIESTERSKI ORMANI - KARAKTERISTIKE\r\n\r\n<a href=\"http:\/\/www.feman.net\/wp-content\/uploads\/2022\/05\/karakteristike-1.png\"><img loading=\"lazy\" decoding=\"async\" class=\"alignnone size-full wp-image-266869\" src=\"http:\/\/www.feman.net\/wp-content\/uploads\/2022\/05\/karakteristike-1.png\" alt=\"\" width=\"1000\" height=\"323\" srcset=\"https:\/\/www.feman.net\/eng\/wp-content\/uploads\/2022\/05\/karakteristike-1.png 1000w, https:\/\/www.feman.net\/eng\/wp-content\/uploads\/2022\/05\/karakteristike-1-300x97.png 300w, https:\/\/www.feman.net\/eng\/wp-content\/uploads\/2022\/05\/karakteristike-1-768x248.png 768w, https:\/\/www.feman.net\/eng\/wp-content\/uploads\/2022\/05\/karakteristike-1-980x317.png 980w, https:\/\/www.feman.net\/eng\/wp-content\/uploads\/2022\/05\/karakteristike-1-480x155.png 480w, https:\/\/www.feman.net\/eng\/wp-content\/uploads\/2022\/05\/karakteristike-1-600x194.png 600w\" sizes=\"(max-width: 1000px) 100vw, 1000px\" \/><\/a>\r\n<h3><strong>TEHNI\u010cKE KARAKTERISTIKE MODULARNOG MERNO-RAZVODNOG ORMANA<\/strong><\/h3>\r\n<h4>Koristi za monta\u017eu dva merna ure\u0111aja, raspore\u0111ena po horizontali. Za monta\u017eu vi\u0161e mernih ure\u0111aja mogu se nizati jedan pored drugog i jedan iznad drugog.<\/h4>\r\n<p style=\"text-align: center;\"><a href=\"http:\/\/www.feman.net\/wp-content\/uploads\/2022\/05\/3-MRO-1.png\"> <img loading=\"lazy\" decoding=\"async\" class=\"alignnone size-full wp-image-267694\" src=\"http:\/\/www.feman.net\/wp-content\/uploads\/2022\/06\/4-mro4-600.jpg\" alt=\"\" width=\"439\" height=\"542\" srcset=\"https:\/\/www.feman.net\/eng\/wp-content\/uploads\/2022\/06\/4-mro4-600.jpg 439w, https:\/\/www.feman.net\/eng\/wp-content\/uploads\/2022\/06\/4-mro4-600-300x370.jpg 300w\" sizes=\"(max-width: 439px) 100vw, 439px\" \/>\u00a0\u00a0\u00a0\u00a0\u00a0\u00a0\u00a0\u00a0\u00a0\u00a0 \u00a0\u00a0<\/a><\/p>\r\n<img loading=\"lazy\" decoding=\"async\" class=\" wp-image-267695 alignright\" src=\"http:\/\/www.feman.net\/wp-content\/uploads\/2022\/06\/3-MRO4-600x1055x235.png\" alt=\"\" width=\"266\" height=\"356\" srcset=\"https:\/\/www.feman.net\/eng\/wp-content\/uploads\/2022\/06\/3-MRO4-600x1055x235.png 694w, https:\/\/www.feman.net\/eng\/wp-content\/uploads\/2022\/06\/3-MRO4-600x1055x235-300x401.png 300w, https:\/\/www.feman.net\/eng\/wp-content\/uploads\/2022\/06\/3-MRO4-600x1055x235-480x642.png 480w, https:\/\/www.feman.net\/eng\/wp-content\/uploads\/2022\/06\/3-MRO4-600x1055x235-600x802.png 600w\" sizes=\"(max-width: 266px) 100vw, 266px\" \/>Vi\u0161enamenski modularni univerzalni orman izra\u0111ujemo u vi\u0161e varijanti, za monta\u017eu na stub, na zid, u zidu, kao slobodnostoje\u0107i nadzemni i kao slobodnostoje\u0107i uzemni.\r\nOrman izra\u0111ujemo od presovanog negorivog poliestera oja\u010danog staklenim vlaknima. Otporan je na udare, savijanje i ima veliku dijalektri\u010dnu \u010dvrsto\u0107u. Otporan je na atmosferske uticaje, kao i UV zra\u010denje. Ne prouzrokuje \u0161tetna dejstva na \u017eive organizme i \u010dovekovu okolinu. Pru\u017ea veoma dobru mehani\u010dku i elektri\u010dnu za\u0161titu. Spada u visoko izolacione ormane. Dodavanjem dihtung gume na vratima, prozorima i drugim otvorima posti\u017ee se visok stepen zaptivenosti IP 54. Zbog svojih tehni\u010dkih karakteristika mogu se koristiti u vla\u017enim prostorijama, sredinama gde je veliko prisustvo kiselina, pra\u0161ina i soli, termoelektranama, prostorijama sa visokim i niskim temperaturama, u industrijskim halama itd. Kori\u0161\u0107enje je jednostavno i bez dodatnog odr\u017eavanja, otporan je na visoke i niske temperature. Veoma laka i jednostavna monta\u017ea i ugradnja. Spada u visoko izolacione ormane.\r\nU skladu sa evropskim standardima i normama razvili smo \u0161irok program prate\u0107e ugradnje opreme za ormane. Po \u017eelji kupca ormane isporu\u010dujemo kompletno opremljene (\u0161emirane) prema tehni\u010dkom uputstvu dostavljenom od strane kupca.\r\n<h3><\/h3>\r\n<h3>VRSTE, UPOTREBA I PRIMERI ORMANA<\/h3>\r\n&nbsp;\r\n<p style=\"text-align: center;\">\u00a0\u00a0\u00a0\u00a0\u00a0\u00a0\u00a0\u00a0\u00a0\u00a0\u00a0 <img loading=\"lazy\" decoding=\"async\" class=\"alignnone size-large wp-image-267697\" src=\"http:\/\/www.feman.net\/wp-content\/uploads\/2022\/06\/31-mro4-600.jpg\" alt=\"\" width=\"340\" height=\"500\" srcset=\"https:\/\/www.feman.net\/eng\/wp-content\/uploads\/2022\/06\/31-mro4-600.jpg 340w, https:\/\/www.feman.net\/eng\/wp-content\/uploads\/2022\/06\/31-mro4-600-300x441.jpg 300w\" sizes=\"(max-width: 340px) 100vw, 340px\" \/> \u00a0\u00a0\u00a0\u00a0\u00a0 <img loading=\"lazy\" decoding=\"async\" class=\"alignnone size-large wp-image-267698\" src=\"http:\/\/www.feman.net\/wp-content\/uploads\/2022\/06\/32-mro4-600.jpg\" alt=\"\" width=\"297\" height=\"500\" \/><\/p>\r\n<p style=\"text-align: center;\"><img loading=\"lazy\" decoding=\"async\" class=\"alignnone size-large wp-image-267699\" src=\"http:\/\/www.feman.net\/wp-content\/uploads\/2022\/06\/33-mro4-600.jpg\" alt=\"\" width=\"335\" height=\"500\" srcset=\"https:\/\/www.feman.net\/eng\/wp-content\/uploads\/2022\/06\/33-mro4-600.jpg 335w, https:\/\/www.feman.net\/eng\/wp-content\/uploads\/2022\/06\/33-mro4-600-300x448.jpg 300w\" sizes=\"(max-width: 335px) 100vw, 335px\" \/> \u00a0\u00a0 <img loading=\"lazy\" decoding=\"async\" class=\"alignnone size-large wp-image-267700\" src=\"http:\/\/www.feman.net\/wp-content\/uploads\/2022\/06\/34-mro4-600.jpg\" alt=\"\" width=\"353\" height=\"500\" srcset=\"https:\/\/www.feman.net\/eng\/wp-content\/uploads\/2022\/06\/34-mro4-600.jpg 353w, https:\/\/www.feman.net\/eng\/wp-content\/uploads\/2022\/06\/34-mro4-600-300x425.jpg 300w\" sizes=\"(max-width: 353px) 100vw, 353px\" \/><\/p>\r\n&nbsp;\r\n\r\nMogu se koristiti kao merni, merno-komadni, za uli\u010dnu rasvetu, razvodni, komadni ormani za automatiku u pogonima itd.\r\n\r\n&nbsp;\r\n\r\n&nbsp;\r\n\r\n&nbsp;\r\n<h3><\/h3>\r\n<h4><\/h4>\r\n<h4><\/h4>\r\n<h4><\/h4>\r\n<h4><\/h4>","protected":false},"excerpt":{"rendered":"","protected":false},"featured_media":267696,"comment_status":"open","ping_status":"closed","template":"","meta":[],"product_brand":[],"product_cat":[226,230],"product_tag":[],"class_list":{"0":"post-267691","1":"product","2":"type-product","3":"status-publish","4":"has-post-thumbnail","6":"product_cat-ormani-karakteristike","7":"product_cat-ormani-mro4","9":"first","10":"instock","11":"shipping-taxable","12":"product-type-simple"},"_links":{"self":[{"href":"https:\/\/www.feman.net\/eng\/index.php?rest_route=\/wp\/v2\/product\/267691","targetHints":{"allow":["GET"]}}],"collection":[{"href":"https:\/\/www.feman.net\/eng\/index.php?rest_route=\/wp\/v2\/product"}],"about":[{"href":"https:\/\/www.feman.net\/eng\/index.php?rest_route=\/wp\/v2\/types\/product"}],"replies":[{"embeddable":true,"href":"https:\/\/www.feman.net\/eng\/index.php?rest_route=%2Fwp%2Fv2%2Fcomments&post=267691"}],"wp:featuredmedia":[{"embeddable":true,"href":"https:\/\/www.feman.net\/eng\/index.php?rest_route=\/wp\/v2\/media\/267696"}],"wp:attachment":[{"href":"https:\/\/www.feman.net\/eng\/index.php?rest_route=%2Fwp%2Fv2%2Fmedia&parent=267691"}],"wp:term":[{"taxonomy":"product_brand","embeddable":true,"href":"https:\/\/www.feman.net\/eng\/index.php?rest_route=%2Fwp%2Fv2%2Fproduct_brand&post=267691"},{"taxonomy":"product_cat","embeddable":true,"href":"https:\/\/www.feman.net\/eng\/index.php?rest_route=%2Fwp%2Fv2%2Fproduct_cat&post=267691"},{"taxonomy":"product_tag","embeddable":true,"href":"https:\/\/www.feman.net\/eng\/index.php?rest_route=%2Fwp%2Fv2%2Fproduct_tag&post=267691"}],"curies":[{"name":"wp","href":"https:\/\/api.w.org\/{rel}","templated":true}]}}