{"id":267792,"date":"2022-07-12T07:44:42","date_gmt":"2022-07-12T07:44:42","guid":{"rendered":"http:\/\/www.feman-jagodina.feman.co.rs\/?post_type=product&#038;p=267792"},"modified":"2022-07-12T07:53:37","modified_gmt":"2022-07-12T07:53:37","slug":"modularni-merno-razvodni-orman-od-poliestera-mro2-s-600x665x235","status":"publish","type":"product","link":"https:\/\/www.feman.net\/eng\/?product=modularni-merno-razvodni-orman-od-poliestera-mro2-s-600x665x235","title":{"rendered":"Modularni merno-razvodni orman od poliestera MRO2-S 600x665x235"},"content":{"rendered":"<h2><strong>ORMANI ZA MONTA\u017dU NA STUB SA LE\u0110NIM NOSA\u010cIMA<\/strong><\/h2>\n<p><img loading=\"lazy\" decoding=\"async\" class=\"alignnone  wp-image-267793\" src=\"http:\/\/www.feman.net\/wp-content\/uploads\/2022\/07\/1-MRO2S-600x665x235.jpg\" alt=\"\" width=\"562\" height=\"397\" srcset=\"https:\/\/www.feman.net\/eng\/wp-content\/uploads\/2022\/07\/1-MRO2S-600x665x235.jpg 630w, https:\/\/www.feman.net\/eng\/wp-content\/uploads\/2022\/07\/1-MRO2S-600x665x235-300x212.jpg 300w, https:\/\/www.feman.net\/eng\/wp-content\/uploads\/2022\/07\/1-MRO2S-600x665x235-400x284.jpg 400w, https:\/\/www.feman.net\/eng\/wp-content\/uploads\/2022\/07\/1-MRO2S-600x665x235-480x339.jpg 480w, https:\/\/www.feman.net\/eng\/wp-content\/uploads\/2022\/07\/1-MRO2S-600x665x235-600x424.jpg 600w\" sizes=\"(max-width: 562px) 100vw, 562px\" \/><\/p>\n<p>&nbsp;<\/p>\n<table style=\"height: 236px; width: 33.5355%; border-style: solid; border-color: #515c99;\" border=\"1\" cellspacing=\"0\" cellpadding=\"0\">\n<tbody>\n<tr>\n<td style=\"text-align: center; background-color: #e5f5ff;\" width=\"95\"><strong>Kodni broj<\/strong><\/td>\n<td style=\"text-align: center; background-color: #e5f5ff;\" width=\"209\"><strong>Tip<\/strong><\/td>\n<\/tr>\n<tr>\n<td style=\"text-align: center;\" width=\"95\"><strong>5702010<\/strong><\/td>\n<td style=\"text-align: center;\" width=\"209\"><strong>MRO2-S 600x665x235 P<\/strong><\/td>\n<\/tr>\n<tr>\n<td style=\"text-align: center;\" width=\"95\"><strong>5702020<\/strong><\/td>\n<td style=\"text-align: center;\" width=\"209\"><strong>MRO2-S 600x665x235 PT<\/strong><\/td>\n<\/tr>\n<tr>\n<td style=\"text-align: center;\" width=\"95\"><strong>5702030<\/strong><\/td>\n<td style=\"text-align: center;\" width=\"209\"><strong>MRO2-S 600x665x235 PE<\/strong><\/td>\n<\/tr>\n<tr>\n<td style=\"text-align: center;\" width=\"95\"><strong>5702040<\/strong><\/td>\n<td style=\"text-align: center;\" width=\"209\"><strong>MRO2-S 600x665x235 PS<\/strong><\/td>\n<\/tr>\n<tr>\n<td style=\"text-align: center;\" width=\"95\"><strong>5702050<\/strong><\/td>\n<td style=\"text-align: center;\" width=\"209\"><strong>MRO2-S 600x665x235 SS<\/strong><\/td>\n<\/tr>\n<tr>\n<td style=\"text-align: center;\" width=\"95\"><strong>5702060<\/strong><\/td>\n<td style=\"text-align: center;\" width=\"209\"><strong>MRO2-S 600x665x235 SL<\/strong><\/td>\n<\/tr>\n<tr>\n<td style=\"text-align: center;\" width=\"95\"><strong>5702070<\/strong><\/td>\n<td style=\"text-align: center;\" width=\"209\"><strong>MRO2-S 600x665x235 SB<\/strong><\/td>\n<\/tr>\n<\/tbody>\n<\/table>\n<p>&nbsp;<\/p>\n","protected":false},"excerpt":{"rendered":"<p><strong>Legenda:<\/strong><\/p>\n<p><strong>S\u00a0\u00a0\u00a0\u00a0\u00a0\u00a0\u00a0\u00a0\u00a0\u00a0\u00a0 <\/strong>&#8211; Stubni<\/p>\n<p><strong>P\u00a0\u00a0\u00a0\u00a0\u00a0\u00a0\u00a0\u00a0\u00a0\u00a0\u00a0 <\/strong>&#8211; Prazan (bez opreme)<\/p>\n<p><strong>PT\u00a0\u00a0\u00a0\u00a0\u00a0\u00a0\u00a0\u00a0\u00a0 <\/strong>&#8211; Prazan sa tablom za brojilo i priklju\u010dnom izolacionom kutijom<\/p>\n<p><strong>PE\u00a0\u00a0\u00a0\u00a0\u00a0\u00a0\u00a0\u00a0 <\/strong>&#8211; Prazan sa ekstudiranom ravnom tablom<\/p>\n<p><strong>PS\u00a0\u00a0\u00a0\u00a0\u00a0\u00a0\u00a0\u00a0 <\/strong>&#8211; Prazan sa tablom za brojilo, priklju\u010dnom izolacionom kutijom i strujnim rednim stezaljkama<\/p>\n<p><strong>SS\u00a0\u00a0\u00a0\u00a0\u00a0\u00a0\u00a0\u00a0 <\/strong>&#8211; \u0160emiran sa tablom za brojilo, priklju\u010dnom izolacionom kutijom i strujnim rednim stezaljkama<\/p>\n<p><strong>SL\u00a0\u00a0\u00a0\u00a0\u00a0\u00a0\u00a0\u00a0\u00a0 <\/strong>&#8211; \u0160emiran sa tablom za brojilo, priklju\u010dnom izolacionom kutijom, strujnim rednim stezaljkama i limitatorima<\/p>\n<p><strong>SB\u00a0\u00a0\u00a0\u00a0\u00a0\u00a0\u00a0\u00a0 <\/strong>&#8211; \u0160emiran sa tablom za brojilo, priklju\u010dnom izolacionom kutijom, strujnim rednim stezaljkama, limitatorima i brojilom<\/p>\n","protected":false},"featured_media":267794,"comment_status":"open","ping_status":"closed","template":"","meta":[],"product_brand":[],"product_cat":[229],"product_tag":[],"class_list":{"0":"post-267792","1":"product","2":"type-product","3":"status-publish","4":"has-post-thumbnail","6":"product_cat-ormani-mro2","8":"first","9":"instock","10":"shipping-taxable","11":"product-type-simple"},"_links":{"self":[{"href":"https:\/\/www.feman.net\/eng\/index.php?rest_route=\/wp\/v2\/product\/267792","targetHints":{"allow":["GET"]}}],"collection":[{"href":"https:\/\/www.feman.net\/eng\/index.php?rest_route=\/wp\/v2\/product"}],"about":[{"href":"https:\/\/www.feman.net\/eng\/index.php?rest_route=\/wp\/v2\/types\/product"}],"replies":[{"embeddable":true,"href":"https:\/\/www.feman.net\/eng\/index.php?rest_route=%2Fwp%2Fv2%2Fcomments&post=267792"}],"wp:featuredmedia":[{"embeddable":true,"href":"https:\/\/www.feman.net\/eng\/index.php?rest_route=\/wp\/v2\/media\/267794"}],"wp:attachment":[{"href":"https:\/\/www.feman.net\/eng\/index.php?rest_route=%2Fwp%2Fv2%2Fmedia&parent=267792"}],"wp:term":[{"taxonomy":"product_brand","embeddable":true,"href":"https:\/\/www.feman.net\/eng\/index.php?rest_route=%2Fwp%2Fv2%2Fproduct_brand&post=267792"},{"taxonomy":"product_cat","embeddable":true,"href":"https:\/\/www.feman.net\/eng\/index.php?rest_route=%2Fwp%2Fv2%2Fproduct_cat&post=267792"},{"taxonomy":"product_tag","embeddable":true,"href":"https:\/\/www.feman.net\/eng\/index.php?rest_route=%2Fwp%2Fv2%2Fproduct_tag&post=267792"}],"curies":[{"name":"wp","href":"https:\/\/api.w.org\/{rel}","templated":true}]}}