{"id":267888,"date":"2022-08-16T08:08:31","date_gmt":"2022-08-16T08:08:31","guid":{"rendered":"http:\/\/www.feman-jagodina.feman.co.rs\/?post_type=product&#038;p=267888"},"modified":"2022-08-16T08:37:08","modified_gmt":"2022-08-16T08:37:08","slug":"slobodnostojeci-uzemni-orman-sa-kpk-om-mro2v-ssuk-320x2480x235-copy","status":"publish","type":"product","link":"https:\/\/www.feman.net\/eng\/?product=slobodnostojeci-uzemni-orman-sa-kpk-om-mro2v-ssuk-320x2480x235-copy","title":{"rendered":"Modularni merno-razvodni ormani od poliestera  MRO2V  320x1200x235"},"content":{"rendered":"<p>Koristi se za monta\u017eu maksimalno dva merna ure\u0111aja, raspore\u0111ena po vertikali. Za monta\u017eu vi\u0161e mernih ure\u0111aja mogu se nizati jedan pored drugog i jedan iznad drugog.<\/p>\n<p><img loading=\"lazy\" decoding=\"async\" class=\"alignnone wp-image-267889\" src=\"http:\/\/www.feman.net\/wp-content\/uploads\/2022\/08\/5-Ormani-2021-RADNI-za-sajt-294x1024.png\" alt=\"\" width=\"176\" height=\"613\" srcset=\"https:\/\/www.feman.net\/eng\/wp-content\/uploads\/2022\/08\/5-Ormani-2021-RADNI-za-sajt-294x1024.png 294w, https:\/\/www.feman.net\/eng\/wp-content\/uploads\/2022\/08\/5-Ormani-2021-RADNI-za-sajt-230x800.png 230w, https:\/\/www.feman.net\/eng\/wp-content\/uploads\/2022\/08\/5-Ormani-2021-RADNI-za-sajt-300x1045.png 300w, https:\/\/www.feman.net\/eng\/wp-content\/uploads\/2022\/08\/5-Ormani-2021-RADNI-za-sajt.png 344w\" sizes=\"(max-width: 176px) 100vw, 176px\" \/>\u00a0 \u00a0 \u00a0 \u00a0 \u00a0 \u00a0 \u00a0 \u00a0 \u00a0 \u00a0 \u00a0 \u00a0 \u00a0 \u00a0 \u00a0<img loading=\"lazy\" decoding=\"async\" class=\"alignnone wp-image-267890\" src=\"http:\/\/www.feman.net\/wp-content\/uploads\/2022\/08\/mro2v-320x1200x235.jpg\" alt=\"\" width=\"340\" height=\"500\" srcset=\"https:\/\/www.feman.net\/eng\/wp-content\/uploads\/2022\/08\/mro2v-320x1200x235.jpg 550w, https:\/\/www.feman.net\/eng\/wp-content\/uploads\/2022\/08\/mro2v-320x1200x235-300x441.jpg 300w, https:\/\/www.feman.net\/eng\/wp-content\/uploads\/2022\/08\/mro2v-320x1200x235-480x706.jpg 480w\" sizes=\"(max-width: 340px) 100vw, 340px\" \/><\/p>\n<p>&nbsp;<\/p>\n<p>Vi\u0161enamenski modularni univerzalni orman izra\u0111ujemo u vi\u0161e varijanti, za monta\u017eu na stub, na zid, u zidu,<br \/>\nkao slobodnostoje\u0107i nadzemni i kao slobodno\u00adstoje\u0107i uzemni.<img loading=\"lazy\" decoding=\"async\" class=\"alignright wp-image-267891\" src=\"http:\/\/www.feman.net\/wp-content\/uploads\/2022\/08\/2Ormani-2021-RADNI-za-sajt-455x1024.png\" alt=\"\" width=\"208\" height=\"468\" srcset=\"https:\/\/www.feman.net\/eng\/wp-content\/uploads\/2022\/08\/2Ormani-2021-RADNI-za-sajt-455x1024.png 455w, https:\/\/www.feman.net\/eng\/wp-content\/uploads\/2022\/08\/2Ormani-2021-RADNI-za-sajt-300x676.png 300w, https:\/\/www.feman.net\/eng\/wp-content\/uploads\/2022\/08\/2Ormani-2021-RADNI-za-sajt-480x1081.png 480w, https:\/\/www.feman.net\/eng\/wp-content\/uploads\/2022\/08\/2Ormani-2021-RADNI-za-sajt-600x1352.png 600w, https:\/\/www.feman.net\/eng\/wp-content\/uploads\/2022\/08\/2Ormani-2021-RADNI-za-sajt.png 625w\" sizes=\"(max-width: 208px) 100vw, 208px\" \/><\/p>\n<p>Orman izra\u0111ujemo od presovanog negorivog poliestera oja\u010danog staklenim vlaknima. Otporan je na udare, savijanje i ima veliku dijalektri\u010dnu \u010dvrsto\u0107u. Otporan je na atmosferske uticaje, kao i UV zra\u010denje. Ne prouzrokuje \u0161tetna dejstva na \u017eive organizme i \u010dovekovu okolinu. Pru\u017ea veoma dobru mehani\u010dku i elektri\u010dnu za\u0161titu. Spada u visoko izolacione ormane. Dodavanjem dihtung gume na vratima, prozorima i drugim otvorima posti\u017ee se visok stepen zaptivenosti IP 54.<\/p>\n<p>Zbog svojih tehni\u010dkih karakteristika mogu se koristiti u vla\u017enim prostorijama, sredinama gde je veliko prisustvo kiselina, pra\u0161ina i soli, termoelektranama, prostorijama sa visokim i niskim temperaturama, u industrijskim halama itd. Kori\u0161\u0107enje je jednostavno i bez dodatnog odr\u017eavanja, otporan je na visoke i niske temperature. Veoma laka i jednostavna monta\u017ea i ugradnja. Spada u visoko izolacione ormane.<\/p>\n<p>U skladu sa evropskim standardima i normama razvili smo \u0161irok program prate\u0107e ugradnje opreme za ormane. Po \u017eelji kupca ormane isporu\u010dujemo kompletno opremljene (\u0161emirane) prema tehni\u010dkom uputstvu dostavljenom od strane kupca.<\/p>\n","protected":false},"excerpt":{"rendered":"<p><strong>Legenda:<\/strong><\/p>\n<p><strong>SSUK \u00a0\u00a0\u00a0 <\/strong>&#8211; Slobodnostoje\u0107i uzemni sa KPK<br \/>\n<strong>P\u00a0\u00a0\u00a0\u00a0\u00a0\u00a0\u00a0\u00a0\u00a0\u00a0\u00a0 <\/strong>&#8211; Prazan (bez opreme)<br \/>\n<strong>PT\u00a0\u00a0\u00a0\u00a0\u00a0\u00a0\u00a0\u00a0\u00a0 <\/strong>&#8211; Prazan sa tablom za brojilo i priklju\u010dnom izolacionom kutijom<br \/>\n<strong>PE\u00a0\u00a0\u00a0\u00a0\u00a0\u00a0\u00a0\u00a0 <\/strong>&#8211; Prazan sa ekstudiranom ravnom tablom<br \/>\n<strong>PS\u00a0\u00a0\u00a0\u00a0\u00a0\u00a0\u00a0\u00a0 <\/strong>&#8211; Prazan sa tablom za brojilo, priklju\u010dnom izolacionom kutijom i strujnim rednim stezaljkama<br \/>\n<strong>SS\u00a0\u00a0\u00a0\u00a0\u00a0\u00a0\u00a0\u00a0 <\/strong>&#8211; \u0160emiran sa tablom za brojilo, priklju\u010dnom izolacionom kutijom i strujnim rednim stezaljkama<br \/>\n<strong>SL\u00a0\u00a0\u00a0\u00a0\u00a0\u00a0\u00a0\u00a0\u00a0 <\/strong>&#8211; \u0160emiran sa tablom za brojilo, priklju\u010dnom izolacionom kutijom, strujnim rednim stezaljkama i limitatorima<br \/>\n<strong>SB\u00a0\u00a0\u00a0\u00a0\u00a0\u00a0\u00a0\u00a0 <\/strong>&#8211; \u0160emiran sa tablom za brojilo, priklju\u010dnom izolacionom kutijom, strujnim rednim stezaljkama, limitatorima i brojilom<\/p>\n","protected":false},"featured_media":267892,"comment_status":"open","ping_status":"closed","template":"","meta":[],"product_brand":[],"product_cat":[229],"product_tag":[],"class_list":{"0":"post-267888","1":"product","2":"type-product","3":"status-publish","4":"has-post-thumbnail","6":"product_cat-ormani-mro2","8":"first","9":"instock","10":"shipping-taxable","11":"product-type-simple"},"_links":{"self":[{"href":"https:\/\/www.feman.net\/eng\/index.php?rest_route=\/wp\/v2\/product\/267888","targetHints":{"allow":["GET"]}}],"collection":[{"href":"https:\/\/www.feman.net\/eng\/index.php?rest_route=\/wp\/v2\/product"}],"about":[{"href":"https:\/\/www.feman.net\/eng\/index.php?rest_route=\/wp\/v2\/types\/product"}],"replies":[{"embeddable":true,"href":"https:\/\/www.feman.net\/eng\/index.php?rest_route=%2Fwp%2Fv2%2Fcomments&post=267888"}],"wp:featuredmedia":[{"embeddable":true,"href":"https:\/\/www.feman.net\/eng\/index.php?rest_route=\/wp\/v2\/media\/267892"}],"wp:attachment":[{"href":"https:\/\/www.feman.net\/eng\/index.php?rest_route=%2Fwp%2Fv2%2Fmedia&parent=267888"}],"wp:term":[{"taxonomy":"product_brand","embeddable":true,"href":"https:\/\/www.feman.net\/eng\/index.php?rest_route=%2Fwp%2Fv2%2Fproduct_brand&post=267888"},{"taxonomy":"product_cat","embeddable":true,"href":"https:\/\/www.feman.net\/eng\/index.php?rest_route=%2Fwp%2Fv2%2Fproduct_cat&post=267888"},{"taxonomy":"product_tag","embeddable":true,"href":"https:\/\/www.feman.net\/eng\/index.php?rest_route=%2Fwp%2Fv2%2Fproduct_tag&post=267888"}],"curies":[{"name":"wp","href":"https:\/\/api.w.org\/{rel}","templated":true}]}}