{"id":268167,"date":"2022-08-17T14:12:59","date_gmt":"2022-08-17T14:12:59","guid":{"rendered":"http:\/\/www.feman-jagodina.feman.co.rs\/?post_type=product&#038;p=268167"},"modified":"2022-08-17T14:22:55","modified_gmt":"2022-08-17T14:22:55","slug":"modularni-merno-razvodni-orman-od-poliestera-mro4-600x1200x235","status":"publish","type":"product","link":"https:\/\/www.feman.net\/eng\/?product=modularni-merno-razvodni-orman-od-poliestera-mro4-600x1200x235","title":{"rendered":"MODULARNI MERNO-RAZVODNI ORMAN OD POLIESTERA  MRO4  600x1200x235"},"content":{"rendered":"<p>Koristi se za monta\u017eu \u010detiri merna ure\u0111aja. Za monta\u017eu vi\u0161e mernih ure\u0111aja mogu se nizati jedan pored drugog i jedan iznad drugog.<\/p>\n<p><img loading=\"lazy\" decoding=\"async\" class=\"alignnone  wp-image-268168\" src=\"http:\/\/www.feman.net\/wp-content\/uploads\/2022\/08\/1-MRO4-600x1200x235.png\" alt=\"\" width=\"241\" height=\"430\" srcset=\"https:\/\/www.feman.net\/eng\/wp-content\/uploads\/2022\/08\/1-MRO4-600x1200x235.png 558w, https:\/\/www.feman.net\/eng\/wp-content\/uploads\/2022\/08\/1-MRO4-600x1200x235-300x535.png 300w, https:\/\/www.feman.net\/eng\/wp-content\/uploads\/2022\/08\/1-MRO4-600x1200x235-480x857.png 480w\" sizes=\"(max-width: 241px) 100vw, 241px\" \/>\u00a0 \u00a0 \u00a0 \u00a0 \u00a0 \u00a0 \u00a0 \u00a0 \u00a0 \u00a0 \u00a0 \u00a0 \u00a0 \u00a0 \u00a0 \u00a0 <img loading=\"lazy\" decoding=\"async\" class=\"alignnone size-full wp-image-268169\" src=\"http:\/\/www.feman.net\/wp-content\/uploads\/2022\/08\/2-MRO4-600x1200x235.jpg\" alt=\"\" width=\"385\" height=\"489\" srcset=\"https:\/\/www.feman.net\/eng\/wp-content\/uploads\/2022\/08\/2-MRO4-600x1200x235.jpg 385w, https:\/\/www.feman.net\/eng\/wp-content\/uploads\/2022\/08\/2-MRO4-600x1200x235-300x381.jpg 300w\" sizes=\"(max-width: 385px) 100vw, 385px\" \/><\/p>\n<p>&nbsp;<\/p>\n<h3>FEMAN POLIESTERSKI ORMANI &#8211; KARAKTERISTIKE<\/h3>\n<p><a href=\"http:\/\/www.feman.net\/wp-content\/uploads\/2022\/05\/karakteristike-1.png\"><img loading=\"lazy\" decoding=\"async\" class=\"alignnone  wp-image-266869\" src=\"http:\/\/www.feman.net\/wp-content\/uploads\/2022\/05\/karakteristike-1.png\" alt=\"\" width=\"743\" height=\"240\" srcset=\"https:\/\/www.feman.net\/eng\/wp-content\/uploads\/2022\/05\/karakteristike-1.png 1000w, https:\/\/www.feman.net\/eng\/wp-content\/uploads\/2022\/05\/karakteristike-1-300x97.png 300w, https:\/\/www.feman.net\/eng\/wp-content\/uploads\/2022\/05\/karakteristike-1-768x248.png 768w, https:\/\/www.feman.net\/eng\/wp-content\/uploads\/2022\/05\/karakteristike-1-980x317.png 980w, https:\/\/www.feman.net\/eng\/wp-content\/uploads\/2022\/05\/karakteristike-1-480x155.png 480w, https:\/\/www.feman.net\/eng\/wp-content\/uploads\/2022\/05\/karakteristike-1-600x194.png 600w\" sizes=\"(max-width: 743px) 100vw, 743px\" \/><\/a><\/p>\n<h3><strong>TEHNI\u010cKE KARAKTERISTIKE MODULARNOG MERNO-RAZVODNOG ORMANA<\/strong><\/h3>\n<p style=\"text-align: justify;\">Vi\u0161enamenski modularni univerzalni orman izra\u0111ujemo u vi\u0161e varijanti, za monta\u017eu na stub, na zid, u zidu, kao slobodno\u00adstoje\u0107i nad\u00adzemni i kao slobodnostoje\u0107i uzemni.<img loading=\"lazy\" decoding=\"async\" class=\"wp-image-268170 alignright\" src=\"http:\/\/www.feman.net\/wp-content\/uploads\/2022\/08\/3-MRO4-600x1200x235-682x1024.png\" alt=\"\" width=\"284\" height=\"427\" srcset=\"https:\/\/www.feman.net\/eng\/wp-content\/uploads\/2022\/08\/3-MRO4-600x1200x235-682x1024.png 682w, https:\/\/www.feman.net\/eng\/wp-content\/uploads\/2022\/08\/3-MRO4-600x1200x235-300x451.png 300w, https:\/\/www.feman.net\/eng\/wp-content\/uploads\/2022\/08\/3-MRO4-600x1200x235-768x1153.png 768w, https:\/\/www.feman.net\/eng\/wp-content\/uploads\/2022\/08\/3-MRO4-600x1200x235-480x721.png 480w, https:\/\/www.feman.net\/eng\/wp-content\/uploads\/2022\/08\/3-MRO4-600x1200x235-600x901.png 600w, https:\/\/www.feman.net\/eng\/wp-content\/uploads\/2022\/08\/3-MRO4-600x1200x235.png 849w\" sizes=\"(max-width: 284px) 100vw, 284px\" \/><\/p>\n<p style=\"text-align: justify;\">Orman izra\u0111ujemo od presovanog negorivog poliestera oja\u010danog staklenim vlaknima. Otporan je na udare, savijanje i ima veliku dielektri\u010dnu \u010dvrsto\u0107u. Otporan je na atmosferske uticaje, kao i UV zra\u010denje. Ne prouzrokuje \u0161tetna dejstva na \u017eive organizme i \u010dovekovu okolinu. Pru\u017ea veoma dobru mehani\u010dku i elektri\u010dnu za\u0161titu. Spada u visoko izolacione ormane. Dodavanjem dihtung gume na vratima, prozorima i drugim otvorima posti\u017ee se visok stepen zaptivenosti IP 54.<\/p>\n<p style=\"text-align: justify;\">Zbog svojih tehni\u010dkih karakteristika mogu se koristiti u vla\u017enim prostorijama, sredinama gde je veliko prisustvo kiselina, pra\u0161ina i soli, termoelektranama, prostorijama sa visokim i niskim temperaturama, u industrijskim halama itd. Kori\u0161\u0107enje je jednostavno i bez dodatnog odr\u017eavanja, otporan je na visoke i niske temperature. Veoma laka i jednostavna monta\u017ea i ugradnja.<br \/>\nU skladu sa evropskim standardima i normama razvili smo \u0161irok program prate\u0107e ugradnje opreme za ormane. Po \u017eelji kupca ormane isporu\u010dujemo kompletno opremljene (\u0161emirane) prema tehni\u010dkom uputstvu dostavljenom od strane kupca.<\/p>\n<p>&nbsp;<\/p>\n<h4><\/h4>\n","protected":false},"excerpt":{"rendered":"<p>Koristi se za monta\u017eu \u010detiri merna ure\u0111aja. Za monta\u017eu vi\u0161e mernih ure\u0111aja mogu se nizati jedan pored drugog i jedan iznad drugog. \u00a0 \u00a0 \u00a0 \u00a0 \u00a0 \u00a0 \u00a0 \u00a0 \u00a0 \u00a0 \u00a0 \u00a0 \u00a0 \u00a0 \u00a0 \u00a0 &nbsp; FEMAN POLIESTERSKI ORMANI &#8211; KARAKTERISTIKE TEHNI\u010cKE KARAKTERISTIKE MODULARNOG MERNO-RAZVODNOG ORMANA Vi\u0161enamenski modularni univerzalni orman izra\u0111ujemo u [&hellip;]<\/p>\n","protected":false},"featured_media":268171,"comment_status":"open","ping_status":"closed","template":"","meta":[],"product_brand":[],"product_cat":[226,230],"product_tag":[],"class_list":{"0":"post-268167","1":"product","2":"type-product","3":"status-publish","4":"has-post-thumbnail","6":"product_cat-ormani-karakteristike","7":"product_cat-ormani-mro4","9":"first","10":"instock","11":"shipping-taxable","12":"product-type-simple"},"_links":{"self":[{"href":"https:\/\/www.feman.net\/eng\/index.php?rest_route=\/wp\/v2\/product\/268167","targetHints":{"allow":["GET"]}}],"collection":[{"href":"https:\/\/www.feman.net\/eng\/index.php?rest_route=\/wp\/v2\/product"}],"about":[{"href":"https:\/\/www.feman.net\/eng\/index.php?rest_route=\/wp\/v2\/types\/product"}],"replies":[{"embeddable":true,"href":"https:\/\/www.feman.net\/eng\/index.php?rest_route=%2Fwp%2Fv2%2Fcomments&post=268167"}],"wp:featuredmedia":[{"embeddable":true,"href":"https:\/\/www.feman.net\/eng\/index.php?rest_route=\/wp\/v2\/media\/268171"}],"wp:attachment":[{"href":"https:\/\/www.feman.net\/eng\/index.php?rest_route=%2Fwp%2Fv2%2Fmedia&parent=268167"}],"wp:term":[{"taxonomy":"product_brand","embeddable":true,"href":"https:\/\/www.feman.net\/eng\/index.php?rest_route=%2Fwp%2Fv2%2Fproduct_brand&post=268167"},{"taxonomy":"product_cat","embeddable":true,"href":"https:\/\/www.feman.net\/eng\/index.php?rest_route=%2Fwp%2Fv2%2Fproduct_cat&post=268167"},{"taxonomy":"product_tag","embeddable":true,"href":"https:\/\/www.feman.net\/eng\/index.php?rest_route=%2Fwp%2Fv2%2Fproduct_tag&post=268167"}],"curies":[{"name":"wp","href":"https:\/\/api.w.org\/{rel}","templated":true}]}}