{"id":268576,"date":"2022-09-19T15:58:01","date_gmt":"2022-09-19T15:58:01","guid":{"rendered":"http:\/\/www.feman-jagodina.feman.co.rs\/?post_type=product&#038;p=268576"},"modified":"2022-11-23T18:44:04","modified_gmt":"2022-11-23T18:44:04","slug":"izolovana-vodozaptivna-prikljucna-stezaljka-fidos-%d1%80%d1%81-4-150-m","status":"publish","type":"product","link":"https:\/\/www.feman.net\/eng\/?product=izolovana-vodozaptivna-prikljucna-stezaljka-fidos-%d1%80%d1%81-4-150-m","title":{"rendered":"IZOLOVANA VODOZAPTIVNA PRIKLJU\u010cNA STEZALJKA FIDOS  \u0420\u0421 4-150 M"},"content":{"rendered":"<p><img loading=\"lazy\" decoding=\"async\" class=\"size-full wp-image-268577 alignnone\" src=\"http:\/\/www.feman.net\/wp-content\/uploads\/2022\/09\/3.jpg\" alt=\"\" width=\"581\" height=\"486\" srcset=\"https:\/\/www.feman.net\/eng\/wp-content\/uploads\/2022\/09\/3.jpg 581w, https:\/\/www.feman.net\/eng\/wp-content\/uploads\/2022\/09\/3-300x251.jpg 300w, https:\/\/www.feman.net\/eng\/wp-content\/uploads\/2022\/09\/3-200x167.jpg 200w, https:\/\/www.feman.net\/eng\/wp-content\/uploads\/2022\/09\/3-480x402.jpg 480w\" sizes=\"(max-width: 581px) 100vw, 581px\" \/><\/p>\n<p style=\"text-align: justify;\">Koristi se za priklju\u010divanje odcepnog voda za ku\u0107ni priklju\u010dak na distributivni samonosivi kablovski snop pod naponom. Vodozaptivnost je obezbe\u0111ena specijalnom gumom otpornom na UV zra\u010denje i sve atmosferske uticaje. Dihtovanjem spoja pouzdano je spre\u010dena pojava elektroliti\u010dke korozije a istovremeno je omogu\u0107eno spajanje Al i Cu vodova. Stezanje se vr\u0161i moment navrtkom. Pozicija 1 ozna\u010dava mesto kidanja moment navrtke (automatski se reguli\u0161e sila stezanja pomo\u0107u navrtke koja se kida tek kada je ostvaren odgovaraju\u0107i moment 14 Nm). Za pritezanje stezaljke koristiti klu\u010d OK-13, a demonta\u017ea se vr\u0161i klju\u010dem OK-17. Prilikom monta\u017ee pod naponom obavezno je kori\u0161\u0107enje za\u0161titnih rukavica. Stezaljka je ura\u0111ena u skladu sa standardom EN 50483.<\/p>\n<table style=\"width: 90.5328%; height: 77px;\">\n<tbody>\n<tr style=\"background-color: #b6d8fa;\">\n<td style=\"text-align: center; height: 10px;\"><strong>Kodni <\/strong><br \/>\n<strong>broj<\/strong><\/td>\n<td style=\"text-align: center; height: 10px;\"><strong>Tip<\/strong><\/td>\n<td style=\"text-align: center; height: 10px;\"><strong>Opseg primene <\/strong><br \/>\n<strong>mm<sup>2<\/sup><\/strong><\/td>\n<td style=\"text-align: center; height: 10px;\"><strong>Nazivna struja<br \/>\n<\/strong><strong>Al\u00a0 provodnika <\/strong><\/td>\n<td style=\"text-align: center; height: 10px;\"><strong>Pakovanje<\/strong><\/td>\n<td style=\"text-align: center; height: 10px;\"><strong>Te\u017eina <\/strong><br \/>\n<strong>kg\/100 kom<\/strong><\/td>\n<\/tr>\n<tr style=\"height: 23px;\">\n<td style=\"text-align: center; height: 23px;\">3804352<\/td>\n<td style=\"text-align: center; height: 23px;\">PC 4-150 M<\/td>\n<td style=\"text-align: center; height: 23px;\">4-35\/6-150<\/td>\n<td style=\"text-align: center; height: 23px;\">120 A<\/td>\n<td style=\"text-align: center; height: 23px;\">40<\/td>\n<td style=\"text-align: center; height: 23px;\">11,4<\/td>\n<\/tr>\n<\/tbody>\n<\/table>\n<p>&nbsp;<\/p>\n","protected":false},"excerpt":{"rendered":"<p>Koristi se za priklju\u010divanje odcepnog voda za ku\u0107ni priklju\u010dak na distributivni samonosivi kablovski snop pod naponom. Vodozaptivnost je obezbe\u0111ena specijalnom gumom otpornom na UV zra\u010denje i sve atmosferske uticaje. Dihtovanjem spoja pouzdano je spre\u010dena pojava elektroliti\u010dke korozije a istovremeno je omogu\u0107eno spajanje Al i Cu vodova. Stezanje se vr\u0161i moment navrtkom. Pozicija 1 ozna\u010dava mesto [&hellip;]<\/p>\n","protected":false},"featured_media":268580,"comment_status":"closed","ping_status":"closed","template":"","meta":[],"product_brand":[],"product_cat":[173,172],"product_tag":[],"class_list":{"0":"post-268576","1":"product","2":"type-product","3":"status-publish","4":"has-post-thumbnail","6":"product_cat-izolovane-vodozaptivne-stezaljke","7":"product_cat-oprema-sks-adss","9":"first","10":"instock","11":"shipping-taxable","12":"product-type-simple"},"_links":{"self":[{"href":"https:\/\/www.feman.net\/eng\/index.php?rest_route=\/wp\/v2\/product\/268576","targetHints":{"allow":["GET"]}}],"collection":[{"href":"https:\/\/www.feman.net\/eng\/index.php?rest_route=\/wp\/v2\/product"}],"about":[{"href":"https:\/\/www.feman.net\/eng\/index.php?rest_route=\/wp\/v2\/types\/product"}],"replies":[{"embeddable":true,"href":"https:\/\/www.feman.net\/eng\/index.php?rest_route=%2Fwp%2Fv2%2Fcomments&post=268576"}],"wp:featuredmedia":[{"embeddable":true,"href":"https:\/\/www.feman.net\/eng\/index.php?rest_route=\/wp\/v2\/media\/268580"}],"wp:attachment":[{"href":"https:\/\/www.feman.net\/eng\/index.php?rest_route=%2Fwp%2Fv2%2Fmedia&parent=268576"}],"wp:term":[{"taxonomy":"product_brand","embeddable":true,"href":"https:\/\/www.feman.net\/eng\/index.php?rest_route=%2Fwp%2Fv2%2Fproduct_brand&post=268576"},{"taxonomy":"product_cat","embeddable":true,"href":"https:\/\/www.feman.net\/eng\/index.php?rest_route=%2Fwp%2Fv2%2Fproduct_cat&post=268576"},{"taxonomy":"product_tag","embeddable":true,"href":"https:\/\/www.feman.net\/eng\/index.php?rest_route=%2Fwp%2Fv2%2Fproduct_tag&post=268576"}],"curies":[{"name":"wp","href":"https:\/\/api.w.org\/{rel}","templated":true}]}}