{"id":268589,"date":"2022-09-19T17:07:00","date_gmt":"2022-09-19T17:07:00","guid":{"rendered":"http:\/\/www.feman-jagodina.feman.co.rs\/?post_type=product&#038;p=268589"},"modified":"2022-11-23T18:46:06","modified_gmt":"2022-11-23T18:46:06","slug":"izolovana-vodozaptivna-prikljucna-stezaljka-fidos-pc-25-150-m","status":"publish","type":"product","link":"https:\/\/www.feman.net\/eng\/?product=izolovana-vodozaptivna-prikljucna-stezaljka-fidos-pc-25-150-m","title":{"rendered":"IZOLOVANA VODOZAPTIVNA PRIKLJU\u010cNA STEZALJKA FIDOS PC 25-150 M"},"content":{"rendered":"<p style=\"text-align: justify;\"><img loading=\"lazy\" decoding=\"async\" class=\"wp-image-268590 alignnone\" src=\"http:\/\/www.feman.net\/wp-content\/uploads\/2022\/09\/14.jpg\" alt=\"\" width=\"454\" height=\"356\" srcset=\"https:\/\/www.feman.net\/eng\/wp-content\/uploads\/2022\/09\/14.jpg 586w, https:\/\/www.feman.net\/eng\/wp-content\/uploads\/2022\/09\/14-300x235.jpg 300w, https:\/\/www.feman.net\/eng\/wp-content\/uploads\/2022\/09\/14-200x157.jpg 200w, https:\/\/www.feman.net\/eng\/wp-content\/uploads\/2022\/09\/14-480x377.jpg 480w\" sizes=\"(max-width: 454px) 100vw, 454px\" \/>Koristi se za priklju\u010divanje odcepnog voda nisko naponskog samonosivog kablovskog snopa na distributivni samonosivi kablovski snop. Vodozaptivnost je obezbe\u0111ena specijalnom gumom otpornom na UV &#8211; zra\u010denje i sve atmosferske uticaje. Dihtovanje spoja pouzdano spre\u010dava pojavu elektroliti\u010dke korozije. Stezanje se vr\u0161i aluminijumskom moment navrtkom. Pozicija 1 ozna\u010dava mesto kidanja moment navrtke (automatski se reguli\u0161e sila stezanja pomo\u0107u aluminijumske navrtke koja se kida tek kada je ostvaren odgovaraju\u0107i moment 24Nm). Za pritezanje se koristi klju\u010d OK-13, a demonta\u017ea se vr\u0161i klju\u010dem OK-17. Prilikom monta\u017ee pod naponom obavezno je kori\u0161\u0107enje za\u0161titnih rukavica. Stezaljka je ura\u0111ena u skladu sa standardom EN 50483.<\/p>\n<p>&nbsp;<\/p>\n<table style=\"width: 87.3858%; height: 76px;\">\n<tbody>\n<tr style=\"background-color: #b6d8fa;\">\n<td style=\"text-align: center; height: 47px;\"><strong>Kodni <\/strong><br \/>\n<strong>broj<\/strong><\/td>\n<td style=\"text-align: center; height: 47px;\"><strong>Tip<\/strong><\/td>\n<td style=\"text-align: center; height: 47px;\"><strong>Opseg primene <\/strong><br \/>\n<strong>mm<sup>2<\/sup><\/strong><\/td>\n<td style=\"text-align: center; height: 47px;\"><strong>Maksimalna <\/strong><br \/>\n<strong>struja<\/strong><\/td>\n<td style=\"text-align: center; height: 47px;\"><strong>Pakovanje<\/strong><\/td>\n<td style=\"text-align: center; height: 47px;\"><strong>Te\u017eina <\/strong><br \/>\n<strong>kg\/100 kom<\/strong><\/td>\n<\/tr>\n<tr style=\"height: 29px;\">\n<td style=\"text-align: center; height: 29px;\">3802585<\/td>\n<td style=\"text-align: center; height: 29px;\">PC 25-150 M<\/td>\n<td style=\"text-align: center; height: 29px;\">25-150\/25-150<\/td>\n<td style=\"text-align: center; height: 29px;\">300 A<\/td>\n<td style=\"text-align: center; height: 29px;\">50<\/td>\n<td style=\"text-align: center; height: 29px;\">19,1<\/td>\n<\/tr>\n<\/tbody>\n<\/table>\n","protected":false},"excerpt":{"rendered":"<p>Koristi se za priklju\u010divanje odcepnog voda nisko naponskog samonosivog kablovskog snopa na distributivni samonosivi kablovski snop. Vodozaptivnost je obezbe\u0111ena specijalnom gumom otpornom na UV &#8211; zra\u010denje i sve atmosferske uticaje. Dihtovanje spoja pouzdano spre\u010dava pojavu elektroliti\u010dke korozije. Stezanje se vr\u0161i aluminijumskom moment navrtkom. Pozicija 1 ozna\u010dava mesto kidanja moment navrtke (automatski se reguli\u0161e sila stezanja [&hellip;]<\/p>\n","protected":false},"featured_media":268591,"comment_status":"closed","ping_status":"closed","template":"","meta":[],"product_brand":[],"product_cat":[173,172],"product_tag":[],"class_list":{"0":"post-268589","1":"product","2":"type-product","3":"status-publish","4":"has-post-thumbnail","6":"product_cat-izolovane-vodozaptivne-stezaljke","7":"product_cat-oprema-sks-adss","9":"first","10":"instock","11":"shipping-taxable","12":"product-type-simple"},"_links":{"self":[{"href":"https:\/\/www.feman.net\/eng\/index.php?rest_route=\/wp\/v2\/product\/268589","targetHints":{"allow":["GET"]}}],"collection":[{"href":"https:\/\/www.feman.net\/eng\/index.php?rest_route=\/wp\/v2\/product"}],"about":[{"href":"https:\/\/www.feman.net\/eng\/index.php?rest_route=\/wp\/v2\/types\/product"}],"replies":[{"embeddable":true,"href":"https:\/\/www.feman.net\/eng\/index.php?rest_route=%2Fwp%2Fv2%2Fcomments&post=268589"}],"wp:featuredmedia":[{"embeddable":true,"href":"https:\/\/www.feman.net\/eng\/index.php?rest_route=\/wp\/v2\/media\/268591"}],"wp:attachment":[{"href":"https:\/\/www.feman.net\/eng\/index.php?rest_route=%2Fwp%2Fv2%2Fmedia&parent=268589"}],"wp:term":[{"taxonomy":"product_brand","embeddable":true,"href":"https:\/\/www.feman.net\/eng\/index.php?rest_route=%2Fwp%2Fv2%2Fproduct_brand&post=268589"},{"taxonomy":"product_cat","embeddable":true,"href":"https:\/\/www.feman.net\/eng\/index.php?rest_route=%2Fwp%2Fv2%2Fproduct_cat&post=268589"},{"taxonomy":"product_tag","embeddable":true,"href":"https:\/\/www.feman.net\/eng\/index.php?rest_route=%2Fwp%2Fv2%2Fproduct_tag&post=268589"}],"curies":[{"name":"wp","href":"https:\/\/api.w.org\/{rel}","templated":true}]}}