{"id":268592,"date":"2022-09-19T17:39:09","date_gmt":"2022-09-19T17:39:09","guid":{"rendered":"http:\/\/www.feman-jagodina.feman.co.rs\/?post_type=product&#038;p=268592"},"modified":"2022-11-23T18:46:12","modified_gmt":"2022-11-23T18:46:12","slug":"izolovana-vodozaptivna-prikljucna-stezaljka-fidos-dupla-pc-35-150-d","status":"publish","type":"product","link":"https:\/\/www.feman.net\/eng\/?product=izolovana-vodozaptivna-prikljucna-stezaljka-fidos-dupla-pc-35-150-d","title":{"rendered":"IZOLOVANA VODOZAPTIVNA PRIKLJU\u010cNA STEZALJKA FIDOS DUPLA  PC 35-150 D"},"content":{"rendered":"<p><img loading=\"lazy\" decoding=\"async\" class=\"wp-image-268594 alignnone\" src=\"http:\/\/www.feman.net\/wp-content\/uploads\/2022\/09\/17.jpg\" alt=\"\" width=\"466\" height=\"266\" srcset=\"https:\/\/www.feman.net\/eng\/wp-content\/uploads\/2022\/09\/17.jpg 674w, https:\/\/www.feman.net\/eng\/wp-content\/uploads\/2022\/09\/17-300x171.jpg 300w, https:\/\/www.feman.net\/eng\/wp-content\/uploads\/2022\/09\/17-200x114.jpg 200w, https:\/\/www.feman.net\/eng\/wp-content\/uploads\/2022\/09\/17-480x274.jpg 480w, https:\/\/www.feman.net\/eng\/wp-content\/uploads\/2022\/09\/17-600x343.jpg 600w\" sizes=\"(max-width: 466px) 100vw, 466px\" \/><\/p>\n<p style=\"text-align: justify;\">Koristi se za ote\u017eane uslove rada za priklju\u010divanje odcepnog voda na distributivni samonosivi kablovski snop pod naponom. Vodozaptivnost je obezbe\u0111ena specijalnom gumom otpornom na UV-zra\u010denje i sve atmosferske uticaje. Dihtovanje spoja pouzdano spre\u010dava pojavu elektroliti\u010dke korozije, a istovremeno je omogu\u0107eno spajanje Al i Cu odcepnih vodova za ku\u0107ne priklju\u010dke. Stezanje se vr\u0161i moment navrtkama. Automatski se reguli\u0161e sila stezanja pomo\u0107u navrtki koje se kidaju tek kada je ostvaren odgovaraju\u0107i moment &#8211; 24 Nm. Za pritezanje stezaljke upotrebiti klju\u010d OK-13, a demonta\u017ea se vr\u0161i klju\u010dem OK-22.<br \/>\nPrilikom monta\u017ee pod naponom obavezno je kori\u0161\u0107enje za\u0161titnih rukavica.<br \/>\nStezaljka je ura\u0111ena u skladu sa standardom EN 50483.<\/p>\n<p>&nbsp;<\/p>\n<table style=\"border-collapse: collapse; width: 97.5168%; height: 94px;\">\n<tbody>\n<tr style=\"background-color: #b6d8fa;\">\n<td style=\"width: 16.6667%; text-align: center; height: 48px;\"><strong>Kodni <\/strong><br \/>\n<strong>broj<\/strong><\/td>\n<td style=\"width: 16.6667%; text-align: center; height: 48px;\"><strong>Tip<\/strong><\/td>\n<td style=\"width: 16.6667%; text-align: center; height: 48px;\"><strong>Opseg primene <\/strong><br \/>\n<strong>mm<sup>2<\/sup><\/strong><\/td>\n<td style=\"width: 16.6667%; text-align: center; height: 48px;\"><strong>Maksimalna <\/strong><br \/>\n<strong>struja<\/strong><\/td>\n<td style=\"width: 16.6667%; text-align: center; height: 48px;\"><strong>Pakovanje<\/strong><\/td>\n<td style=\"width: 16.6667%; text-align: center; height: 48px;\"><strong>Te\u017eina <\/strong><br \/>\n<strong>kg\/100 kom<\/strong><\/td>\n<\/tr>\n<tr style=\"height: 23px;\">\n<td style=\"width: 16.6667%; text-align: center; height: 23px;\">3802590<\/td>\n<td style=\"width: 16.6667%; text-align: center; height: 23px;\">PC 35-150 D<\/td>\n<td style=\"width: 16.6667%; text-align: center; height: 23px;\">35-150\/35-150<\/td>\n<td style=\"width: 16.6667%; text-align: center; height: 23px;\">300\/370 A<\/td>\n<td style=\"width: 16.6667%; text-align: center; height: 23px;\">25<\/td>\n<td style=\"width: 16.6667%; text-align: center; height: 23px;\">46<\/td>\n<\/tr>\n<tr style=\"height: 23px;\">\n<td style=\"width: 16.6667%; text-align: center; height: 23px;\">3802592<\/td>\n<td style=\"width: 16.6667%; text-align: center; height: 23px;\">PC 35-150 DM<\/td>\n<td style=\"width: 16.6667%; text-align: center; height: 23px;\">35-150\/35-150<\/td>\n<td style=\"width: 16.6667%; text-align: center; height: 23px;\">300\/370 A<\/td>\n<td style=\"width: 16.6667%; text-align: center; height: 23px;\">25<\/td>\n<td style=\"width: 16.6667%; text-align: center; height: 23px;\">46<\/td>\n<\/tr>\n<\/tbody>\n<\/table>\n","protected":false},"excerpt":{"rendered":"<p>Koristi se za ote\u017eane uslove rada za priklju\u010divanje odcepnog voda na distributivni samonosivi kablovski snop pod naponom. Vodozaptivnost je obezbe\u0111ena specijalnom gumom otpornom na UV-zra\u010denje i sve atmosferske uticaje. Dihtovanje spoja pouzdano spre\u010dava pojavu elektroliti\u010dke korozije, a istovremeno je omogu\u0107eno spajanje Al i Cu odcepnih vodova za ku\u0107ne priklju\u010dke. Stezanje se vr\u0161i moment navrtkama. Automatski [&hellip;]<\/p>\n","protected":false},"featured_media":268593,"comment_status":"closed","ping_status":"closed","template":"","meta":[],"product_brand":[],"product_cat":[173,172],"product_tag":[],"class_list":{"0":"post-268592","1":"product","2":"type-product","3":"status-publish","4":"has-post-thumbnail","6":"product_cat-izolovane-vodozaptivne-stezaljke","7":"product_cat-oprema-sks-adss","9":"first","10":"instock","11":"shipping-taxable","12":"product-type-simple"},"_links":{"self":[{"href":"https:\/\/www.feman.net\/eng\/index.php?rest_route=\/wp\/v2\/product\/268592","targetHints":{"allow":["GET"]}}],"collection":[{"href":"https:\/\/www.feman.net\/eng\/index.php?rest_route=\/wp\/v2\/product"}],"about":[{"href":"https:\/\/www.feman.net\/eng\/index.php?rest_route=\/wp\/v2\/types\/product"}],"replies":[{"embeddable":true,"href":"https:\/\/www.feman.net\/eng\/index.php?rest_route=%2Fwp%2Fv2%2Fcomments&post=268592"}],"wp:featuredmedia":[{"embeddable":true,"href":"https:\/\/www.feman.net\/eng\/index.php?rest_route=\/wp\/v2\/media\/268593"}],"wp:attachment":[{"href":"https:\/\/www.feman.net\/eng\/index.php?rest_route=%2Fwp%2Fv2%2Fmedia&parent=268592"}],"wp:term":[{"taxonomy":"product_brand","embeddable":true,"href":"https:\/\/www.feman.net\/eng\/index.php?rest_route=%2Fwp%2Fv2%2Fproduct_brand&post=268592"},{"taxonomy":"product_cat","embeddable":true,"href":"https:\/\/www.feman.net\/eng\/index.php?rest_route=%2Fwp%2Fv2%2Fproduct_cat&post=268592"},{"taxonomy":"product_tag","embeddable":true,"href":"https:\/\/www.feman.net\/eng\/index.php?rest_route=%2Fwp%2Fv2%2Fproduct_tag&post=268592"}],"curies":[{"name":"wp","href":"https:\/\/api.w.org\/{rel}","templated":true}]}}