{"id":268840,"date":"2022-09-21T12:24:35","date_gmt":"2022-09-21T12:24:35","guid":{"rendered":"http:\/\/www.feman-jagodina.feman.co.rs\/?post_type=product&#038;p=268840"},"modified":"2022-11-23T18:41:50","modified_gmt":"2022-11-23T18:41:50","slug":"al-konzola-za-nn-sks-ca-1500-1500-dan","status":"publish","type":"product","link":"https:\/\/www.feman.net\/eng\/?product=al-konzola-za-nn-sks-ca-1500-1500-dan","title":{"rendered":"AL KONZOLA ZA NN SKS CA 1500 (  1500 daN  )"},"content":{"rendered":"<p><strong><img loading=\"lazy\" decoding=\"async\" class=\"wp-image-268842 alignnone\" src=\"http:\/\/www.feman.net\/wp-content\/uploads\/2022\/09\/40.jpg\" alt=\"\" width=\"445\" height=\"287\" srcset=\"https:\/\/www.feman.net\/eng\/wp-content\/uploads\/2022\/09\/40.jpg 578w, https:\/\/www.feman.net\/eng\/wp-content\/uploads\/2022\/09\/40-300x194.jpg 300w, https:\/\/www.feman.net\/eng\/wp-content\/uploads\/2022\/09\/40-200x129.jpg 200w, https:\/\/www.feman.net\/eng\/wp-content\/uploads\/2022\/09\/40-480x310.jpg 480w\" sizes=\"(max-width: 445px) 100vw, 445px\" \/><\/strong><\/p>\n<p style=\"text-align: justify;\">Namenjena je za zatezno i ugaono prihvatanje NN SKS-a. Izra\u0111ena je od legure aluminijuma visoke mehani\u010dke \u010dvrsto\u0107e. Pri\u010dvr\u0161\u0107uje se pomo\u0107u dve prohrom trake 19mm ili pomo\u0107u najvi\u0161e dve navrtke M16. Ugaono prihvatanje odnosno promena pravca distributivnog voda vr\u0161i se pomo\u0107u dve zatezne distributivne stezaljke PA 1500. Konzola je ura\u0111ena u skladu sa standardom EN 50483.<\/p>\n<ul>\n<li><strong>Pakovanje:\u00a0\u00a0 75 kom<\/strong><\/li>\n<li><strong>T<\/strong><strong>e\u017eina:\u00a0\u00a0 0,110 kg\/kom.<\/strong><\/li>\n<li><strong>Kodni broj:\u00a0\u00a0 3810016<\/strong><\/li>\n<\/ul>\n<p>&nbsp;<\/p>\n<p>&nbsp;<\/p>\n<p>&nbsp;<\/p>\n<p>&nbsp;<\/p>\n<p>&nbsp;<\/p>\n<p>&nbsp;<\/p>\n<p>&nbsp;<\/p>\n<p>&nbsp;<\/p>\n","protected":false},"excerpt":{"rendered":"<p>Namenjena je za zatezno i ugaono prihvatanje NN SKS-a. Izra\u0111ena je od legure aluminijuma visoke mehani\u010dke \u010dvrsto\u0107e. Pri\u010dvr\u0161\u0107uje se pomo\u0107u dve prohrom trake 19mm ili pomo\u0107u najvi\u0161e dve navrtke M16. Ugaono prihvatanje odnosno promena pravca distributivnog voda vr\u0161i se pomo\u0107u dve zatezne distributivne stezaljke PA 1500. Konzola je ura\u0111ena u skladu sa standardom EN 50483. [&hellip;]<\/p>\n","protected":false},"featured_media":268843,"comment_status":"closed","ping_status":"closed","template":"","meta":[],"product_brand":[],"product_cat":[175,172],"product_tag":[],"class_list":{"0":"post-268840","1":"product","2":"type-product","3":"status-publish","4":"has-post-thumbnail","6":"product_cat-konzole-za-nn-sks","7":"product_cat-oprema-sks-adss","9":"first","10":"instock","11":"shipping-taxable","12":"product-type-simple"},"_links":{"self":[{"href":"https:\/\/www.feman.net\/eng\/index.php?rest_route=\/wp\/v2\/product\/268840","targetHints":{"allow":["GET"]}}],"collection":[{"href":"https:\/\/www.feman.net\/eng\/index.php?rest_route=\/wp\/v2\/product"}],"about":[{"href":"https:\/\/www.feman.net\/eng\/index.php?rest_route=\/wp\/v2\/types\/product"}],"replies":[{"embeddable":true,"href":"https:\/\/www.feman.net\/eng\/index.php?rest_route=%2Fwp%2Fv2%2Fcomments&post=268840"}],"wp:featuredmedia":[{"embeddable":true,"href":"https:\/\/www.feman.net\/eng\/index.php?rest_route=\/wp\/v2\/media\/268843"}],"wp:attachment":[{"href":"https:\/\/www.feman.net\/eng\/index.php?rest_route=%2Fwp%2Fv2%2Fmedia&parent=268840"}],"wp:term":[{"taxonomy":"product_brand","embeddable":true,"href":"https:\/\/www.feman.net\/eng\/index.php?rest_route=%2Fwp%2Fv2%2Fproduct_brand&post=268840"},{"taxonomy":"product_cat","embeddable":true,"href":"https:\/\/www.feman.net\/eng\/index.php?rest_route=%2Fwp%2Fv2%2Fproduct_cat&post=268840"},{"taxonomy":"product_tag","embeddable":true,"href":"https:\/\/www.feman.net\/eng\/index.php?rest_route=%2Fwp%2Fv2%2Fproduct_tag&post=268840"}],"curies":[{"name":"wp","href":"https:\/\/api.w.org\/{rel}","templated":true}]}}