{"id":268868,"date":"2022-09-22T18:28:59","date_gmt":"2022-09-22T18:28:59","guid":{"rendered":"http:\/\/www.feman-jagodina.feman.co.rs\/?post_type=product&#038;p=268868"},"modified":"2022-11-23T19:03:52","modified_gmt":"2022-11-23T19:03:52","slug":"perforirana-pocinkovana-elipsasta-traka-5m","status":"publish","type":"product","link":"https:\/\/www.feman.net\/eng\/?product=perforirana-pocinkovana-elipsasta-traka-5m","title":{"rendered":"PERFORIRANA POCINKOVANA ELIPSASTA TRAKA 5m"},"content":{"rendered":"<p style=\"text-align: center;\"><span style=\"font-size: 14pt;\"><strong><span style=\"color: #ff6600;\">VRHUNSKA VI\u0160ENAMENSKA ELIPSASTA TRAKA ZA MONTERE I INSTALATERE<\/span><\/strong><\/span><br \/>\n<span style=\"font-size: 14pt;\"><strong><span style=\"color: #ff6600;\">PRVI I JEDINI PROIZVO\u0110A\u010c U SRBIJI<\/span><\/strong><\/span><\/p>\n<p><img loading=\"lazy\" decoding=\"async\" class=\" wp-image-268869 aligncenter\" src=\"http:\/\/www.feman.net\/wp-content\/uploads\/2022\/09\/6-2.jpg\" alt=\"\" width=\"412\" height=\"384\" srcset=\"https:\/\/www.feman.net\/eng\/wp-content\/uploads\/2022\/09\/6-2.jpg 615w, https:\/\/www.feman.net\/eng\/wp-content\/uploads\/2022\/09\/6-2-300x280.jpg 300w, https:\/\/www.feman.net\/eng\/wp-content\/uploads\/2022\/09\/6-2-200x186.jpg 200w, https:\/\/www.feman.net\/eng\/wp-content\/uploads\/2022\/09\/6-2-480x447.jpg 480w, https:\/\/www.feman.net\/eng\/wp-content\/uploads\/2022\/09\/6-2-600x559.jpg 600w\" sizes=\"(max-width: 412px) 100vw, 412px\" \/><\/p>\n<table style=\"width: 96.1283%; height: 93px;\">\n<tbody>\n<tr style=\"background-color: #dce4f7; height: 47px;\">\n<td style=\"width: 9.05459%; text-align: center; height: 47px;\"><strong>Kodni broj<\/strong><\/td>\n<td style=\"width: 4.66041%; text-align: center; height: 47px;\"><strong>A<\/strong><br \/>\n<strong>mm<\/strong><\/td>\n<td style=\"width: 5.0433%; text-align: center; height: 47px;\"><strong>B<\/strong><br \/>\n<strong>mm<\/strong><\/td>\n<td style=\"width: 5.0433%; text-align: center; height: 47px;\"><strong>C<\/strong><br \/>\n<strong>mm<\/strong><\/td>\n<td style=\"width: 10.0866%; text-align: center; height: 47px;\"><strong>Debljina<\/strong><br \/>\n<strong>mm<\/strong><\/td>\n<td style=\"width: 14.98%; text-align: center; height: 47px;\"><strong>Prekidna<\/strong><br \/>\n<strong>\u010dvrsto\u0107a (N)<\/strong><\/td>\n<td style=\"width: 17.3103%; text-align: center; height: 47px;\"><strong>Te\u017eina rolne<\/strong><br \/>\n<strong>u kaseti<\/strong><\/td>\n<td style=\"width: 15.1132%; text-align: center; height: 47px;\"><strong>Pakovanje<\/strong><br \/>\n<strong>m<\/strong><\/td>\n<\/tr>\n<tr style=\"height: 23px;\">\n<td style=\"width: 9.05459%; text-align: center; height: 23px;\">4710135<\/td>\n<td style=\"width: 4.66041%; text-align: center; height: 23px;\">20<\/td>\n<td style=\"width: 5.0433%; text-align: center; height: 23px;\">24,3<\/td>\n<td style=\"width: 5.0433%; text-align: center; height: 23px;\">6,2<\/td>\n<td style=\"width: 10.0866%; text-align: center; height: 23px;\">1,0<\/td>\n<td style=\"width: 14.98%; text-align: center; height: 23px;\">4000<\/td>\n<td style=\"width: 17.3103%; text-align: center; height: 23px;\">0,70 kg\/pc<\/td>\n<td style=\"width: 15.1132%; text-align: center; height: 23px;\">5<\/td>\n<\/tr>\n<tr style=\"height: 23px;\">\n<td style=\"width: 9.05459%; text-align: center; height: 23px;\">4710136<\/td>\n<td style=\"width: 4.66041%; text-align: center; height: 23px;\">20<\/td>\n<td style=\"width: 5.0433%; text-align: center; height: 23px;\">24,3<\/td>\n<td style=\"width: 5.0433%; text-align: center; height: 23px;\">6,2<\/td>\n<td style=\"width: 10.0866%; text-align: center; height: 23px;\">1,0<\/td>\n<td style=\"width: 14.98%; text-align: center; height: 23px;\">3400<\/td>\n<td style=\"width: 17.3103%; text-align: center; height: 23px;\">0,87 kg\/pc<\/td>\n<td style=\"width: 15.1132%; text-align: center; height: 23px;\">5<\/td>\n<\/tr>\n<\/tbody>\n<\/table>\n<p style=\"text-align: center;\"><strong><span style=\"font-size: 14pt;\">Pogodna za ve\u0161anje i pri\u010dvr\u0161\u0107ivanje svih vrsta i dimenzija cevi.<\/span><br \/>\n<\/strong><\/p>\n<p><img loading=\"lazy\" decoding=\"async\" class=\" wp-image-268870 aligncenter\" src=\"http:\/\/www.feman.net\/wp-content\/uploads\/2022\/09\/7-2-1024x285.jpg\" alt=\"\" width=\"826\" height=\"230\" srcset=\"https:\/\/www.feman.net\/eng\/wp-content\/uploads\/2022\/09\/7-2-1024x285.jpg 1024w, https:\/\/www.feman.net\/eng\/wp-content\/uploads\/2022\/09\/7-2-300x84.jpg 300w, https:\/\/www.feman.net\/eng\/wp-content\/uploads\/2022\/09\/7-2-768x214.jpg 768w, https:\/\/www.feman.net\/eng\/wp-content\/uploads\/2022\/09\/7-2-200x56.jpg 200w, https:\/\/www.feman.net\/eng\/wp-content\/uploads\/2022\/09\/7-2-1080x301.jpg 1080w, https:\/\/www.feman.net\/eng\/wp-content\/uploads\/2022\/09\/7-2-980x273.jpg 980w, https:\/\/www.feman.net\/eng\/wp-content\/uploads\/2022\/09\/7-2-480x134.jpg 480w, https:\/\/www.feman.net\/eng\/wp-content\/uploads\/2022\/09\/7-2-600x167.jpg 600w, https:\/\/www.feman.net\/eng\/wp-content\/uploads\/2022\/09\/7-2.jpg 1216w\" sizes=\"(max-width: 826px) 100vw, 826px\" \/><\/p>\n","protected":false},"excerpt":{"rendered":"<p>VRHUNSKA VI\u0160ENAMENSKA ELIPSASTA TRAKA ZA MONTERE I INSTALATERE PRVI I JEDINI PROIZVO\u0110A\u010c U SRBIJI Kodni broj A mm B mm C mm Debljina mm Prekidna \u010dvrsto\u0107a (N) Te\u017eina rolne u kaseti Pakovanje m 4710135 20 24,3 6,2 1,0 4000 0,70 kg\/pc 5 4710136 20 24,3 6,2 1,0 3400 0,87 kg\/pc 5 Pogodna za ve\u0161anje i [&hellip;]<\/p>\n","protected":false},"featured_media":268871,"comment_status":"closed","ping_status":"closed","template":"","meta":[],"product_brand":[],"product_cat":[210,178],"product_tag":[],"class_list":{"0":"post-268868","1":"product","2":"type-product","3":"status-publish","4":"has-post-thumbnail","6":"product_cat-nosaci-svetiljki-prikljucni-elementi","7":"product_cat-ostala-oprema-za-nn-sks","9":"first","10":"instock","11":"shipping-taxable","12":"product-type-simple"},"_links":{"self":[{"href":"https:\/\/www.feman.net\/eng\/index.php?rest_route=\/wp\/v2\/product\/268868","targetHints":{"allow":["GET"]}}],"collection":[{"href":"https:\/\/www.feman.net\/eng\/index.php?rest_route=\/wp\/v2\/product"}],"about":[{"href":"https:\/\/www.feman.net\/eng\/index.php?rest_route=\/wp\/v2\/types\/product"}],"replies":[{"embeddable":true,"href":"https:\/\/www.feman.net\/eng\/index.php?rest_route=%2Fwp%2Fv2%2Fcomments&post=268868"}],"wp:featuredmedia":[{"embeddable":true,"href":"https:\/\/www.feman.net\/eng\/index.php?rest_route=\/wp\/v2\/media\/268871"}],"wp:attachment":[{"href":"https:\/\/www.feman.net\/eng\/index.php?rest_route=%2Fwp%2Fv2%2Fmedia&parent=268868"}],"wp:term":[{"taxonomy":"product_brand","embeddable":true,"href":"https:\/\/www.feman.net\/eng\/index.php?rest_route=%2Fwp%2Fv2%2Fproduct_brand&post=268868"},{"taxonomy":"product_cat","embeddable":true,"href":"https:\/\/www.feman.net\/eng\/index.php?rest_route=%2Fwp%2Fv2%2Fproduct_cat&post=268868"},{"taxonomy":"product_tag","embeddable":true,"href":"https:\/\/www.feman.net\/eng\/index.php?rest_route=%2Fwp%2Fv2%2Fproduct_tag&post=268868"}],"curies":[{"name":"wp","href":"https:\/\/api.w.org\/{rel}","templated":true}]}}