{"id":268876,"date":"2022-09-22T19:47:40","date_gmt":"2022-09-22T19:47:40","guid":{"rendered":"http:\/\/www.feman-jagodina.feman.co.rs\/?post_type=product&#038;p=268876"},"modified":"2022-09-26T07:54:55","modified_gmt":"2022-09-26T07:54:55","slug":"primer-prihvatanja-kucnog-prikljucka-na-cevnom-krovnom-nosacu","status":"publish","type":"product","link":"https:\/\/www.feman.net\/eng\/?product=primer-prihvatanja-kucnog-prikljucka-na-cevnom-krovnom-nosacu","title":{"rendered":"PRIMER PRIHVATANJA KU\u0106NOG PRIKLJU\u010cKA NA CEVNOM KROVNOM NOSA\u010cU"},"content":{"rendered":"<p>Ku\u0107ni priklju\u0107ak mo\u017ee se prihvatati i pomo\u0107u cevnog krovnog nosa\u010da, kao \u0161to je prikazano na skici. Potrebno je \u0161elnama (ravnom i kosom) pri\u010dvrstiti cevni krovni nosa\u010d na krovnu konstrukciju i osigurati ga zatezanjem \u010deli\u010dnim u\u017eetom (vijak sa kukom i \u0161e\u0161iri\u0107em, zateza\u010d, jednostruka obujmica). Za spre\u010davanje prodora vode koriste se lim-crep za krovni nosa\u010d i lim-crep za anker.<\/p>\n<p><a href=\"http:\/\/www.feman.net\/wp-content\/uploads\/2015\/03\/84.png\"><img loading=\"lazy\" decoding=\"async\" class=\"wp-image-1303 aligncenter\" src=\"http:\/\/www.feman.net\/wp-content\/uploads\/2015\/03\/84-1024x966.png\" alt=\"PRIMER PRIHVATANJA KU\u0106NOG PRIKLJU\u010cKA NA CEVNOM KROVNOM NOSA\u010cU\" width=\"902\" height=\"851\" srcset=\"https:\/\/www.feman.net\/eng\/wp-content\/uploads\/2015\/03\/84-1024x966.png 1024w, https:\/\/www.feman.net\/eng\/wp-content\/uploads\/2015\/03\/84-300x283.png 300w, https:\/\/www.feman.net\/eng\/wp-content\/uploads\/2015\/03\/84-600x566.png 600w, https:\/\/www.feman.net\/eng\/wp-content\/uploads\/2015\/03\/84-150x142.png 150w, https:\/\/www.feman.net\/eng\/wp-content\/uploads\/2015\/03\/84.png 1084w\" sizes=\"(max-width: 902px) 100vw, 902px\" \/><\/a> <strong>\u00a0<\/strong><\/p>\n","protected":false},"excerpt":{"rendered":"<p>Ku\u0107ni priklju\u0107ak mo\u017ee se prihvatati i pomo\u0107u cevnog krovnog nosa\u010da, kao \u0161to je prikazano na skici. Potrebno je \u0161elnama (ravnom i kosom) pri\u010dvrstiti cevni krovni nosa\u010d na krovnu konstrukciju i osigurati ga zatezanjem \u010deli\u010dnim u\u017eetom (vijak sa kukom i \u0161e\u0161iri\u0107em, zateza\u010d, jednostruka obujmica). Za spre\u010davanje prodora vode koriste se lim-crep za krovni nosa\u010d i lim-crep [&hellip;]<\/p>\n","protected":false},"featured_media":268883,"comment_status":"closed","ping_status":"closed","template":"","meta":[],"product_brand":[],"product_cat":[251],"product_tag":[],"class_list":{"0":"post-268876","1":"product","2":"type-product","3":"status-publish","4":"has-post-thumbnail","6":"product_cat-primerisks","8":"first","9":"instock","10":"shipping-taxable","11":"product-type-simple"},"_links":{"self":[{"href":"https:\/\/www.feman.net\/eng\/index.php?rest_route=\/wp\/v2\/product\/268876","targetHints":{"allow":["GET"]}}],"collection":[{"href":"https:\/\/www.feman.net\/eng\/index.php?rest_route=\/wp\/v2\/product"}],"about":[{"href":"https:\/\/www.feman.net\/eng\/index.php?rest_route=\/wp\/v2\/types\/product"}],"replies":[{"embeddable":true,"href":"https:\/\/www.feman.net\/eng\/index.php?rest_route=%2Fwp%2Fv2%2Fcomments&post=268876"}],"wp:featuredmedia":[{"embeddable":true,"href":"https:\/\/www.feman.net\/eng\/index.php?rest_route=\/wp\/v2\/media\/268883"}],"wp:attachment":[{"href":"https:\/\/www.feman.net\/eng\/index.php?rest_route=%2Fwp%2Fv2%2Fmedia&parent=268876"}],"wp:term":[{"taxonomy":"product_brand","embeddable":true,"href":"https:\/\/www.feman.net\/eng\/index.php?rest_route=%2Fwp%2Fv2%2Fproduct_brand&post=268876"},{"taxonomy":"product_cat","embeddable":true,"href":"https:\/\/www.feman.net\/eng\/index.php?rest_route=%2Fwp%2Fv2%2Fproduct_cat&post=268876"},{"taxonomy":"product_tag","embeddable":true,"href":"https:\/\/www.feman.net\/eng\/index.php?rest_route=%2Fwp%2Fv2%2Fproduct_tag&post=268876"}],"curies":[{"name":"wp","href":"https:\/\/api.w.org\/{rel}","templated":true}]}}