{"id":268888,"date":"2022-09-23T07:55:36","date_gmt":"2022-09-23T07:55:36","guid":{"rendered":"http:\/\/www.feman-jagodina.feman.co.rs\/?post_type=product&#038;p=268888"},"modified":"2022-09-23T09:02:17","modified_gmt":"2022-09-23T09:02:17","slug":"pribor-za-krovni-kucni-prikljucak-samonoseceg-kablovskog-snopa","status":"publish","type":"product","link":"https:\/\/www.feman.net\/eng\/?product=pribor-za-krovni-kucni-prikljucak-samonoseceg-kablovskog-snopa","title":{"rendered":"PRIBOR ZA KROVNI KU\u0106NI PRIKLJU\u010cAK SAMONOSE\u0106EG KABLOVSKOG SNOPA"},"content":{"rendered":"<p><img loading=\"lazy\" decoding=\"async\" class=\" wp-image-268889 aligncenter\" src=\"http:\/\/www.feman.net\/wp-content\/uploads\/2022\/09\/21-1.jpg\" alt=\"\" width=\"1062\" height=\"695\" srcset=\"https:\/\/www.feman.net\/eng\/wp-content\/uploads\/2022\/09\/21-1.jpg 938w, https:\/\/www.feman.net\/eng\/wp-content\/uploads\/2022\/09\/21-1-300x196.jpg 300w, https:\/\/www.feman.net\/eng\/wp-content\/uploads\/2022\/09\/21-1-768x503.jpg 768w, https:\/\/www.feman.net\/eng\/wp-content\/uploads\/2022\/09\/21-1-200x131.jpg 200w, https:\/\/www.feman.net\/eng\/wp-content\/uploads\/2022\/09\/21-1-480x314.jpg 480w, https:\/\/www.feman.net\/eng\/wp-content\/uploads\/2022\/09\/21-1-600x393.jpg 600w\" sizes=\"(max-width: 1062px) 100vw, 1062px\" \/><\/p>\n<p>Ku\u0107ni priklju\u010dak samonosivim kablovskim snopom mo\u017ee se izvesti i na krovu kao \u0161to je prikazano na skici. Potrebno je na krov postaviti lim za ku\u0107ni priklju\u010dak kroz koji se vijak sa kukom u\u010dvr\u0161\u0107uje za konstrukciju krova. Za kuku se ka\u010di zatezna stezaljka za ku\u0107ni priklju\u010dak, kojom se samonose\u0107i kablovski snop prihvata. Sa stezaljke se kabl kroz otvor na limu za ku\u0107ni priklju\u010dak dalje vodi do glavnog razvodnog ormana (GRO) u kome se pomo\u0107u izolovanih vododihtuju\u0107ih stezaljki &#8211; FID spaja sa ku\u0107nom instalacijom. Osim opreme na krovu potrebne su FIDOS stezaljke za spajanje za glavni distributivni vod.<\/p>\n","protected":false},"excerpt":{"rendered":"<p>Ku\u0107ni priklju\u010dak samonosivim kablovskim snopom mo\u017ee se izvesti i na krovu kao \u0161to je prikazano na skici. Potrebno je na krov postaviti lim za ku\u0107ni priklju\u010dak kroz koji se vijak sa kukom u\u010dvr\u0161\u0107uje za konstrukciju krova. Za kuku se ka\u010di zatezna stezaljka za ku\u0107ni priklju\u010dak, kojom se samonose\u0107i kablovski snop prihvata. Sa stezaljke se kabl [&hellip;]<\/p>\n","protected":false},"featured_media":268893,"comment_status":"closed","ping_status":"closed","template":"","meta":[],"product_brand":[],"product_cat":[251],"product_tag":[],"class_list":{"0":"post-268888","1":"product","2":"type-product","3":"status-publish","4":"has-post-thumbnail","6":"product_cat-primerisks","8":"first","9":"instock","10":"shipping-taxable","11":"product-type-simple"},"_links":{"self":[{"href":"https:\/\/www.feman.net\/eng\/index.php?rest_route=\/wp\/v2\/product\/268888","targetHints":{"allow":["GET"]}}],"collection":[{"href":"https:\/\/www.feman.net\/eng\/index.php?rest_route=\/wp\/v2\/product"}],"about":[{"href":"https:\/\/www.feman.net\/eng\/index.php?rest_route=\/wp\/v2\/types\/product"}],"replies":[{"embeddable":true,"href":"https:\/\/www.feman.net\/eng\/index.php?rest_route=%2Fwp%2Fv2%2Fcomments&post=268888"}],"wp:featuredmedia":[{"embeddable":true,"href":"https:\/\/www.feman.net\/eng\/index.php?rest_route=\/wp\/v2\/media\/268893"}],"wp:attachment":[{"href":"https:\/\/www.feman.net\/eng\/index.php?rest_route=%2Fwp%2Fv2%2Fmedia&parent=268888"}],"wp:term":[{"taxonomy":"product_brand","embeddable":true,"href":"https:\/\/www.feman.net\/eng\/index.php?rest_route=%2Fwp%2Fv2%2Fproduct_brand&post=268888"},{"taxonomy":"product_cat","embeddable":true,"href":"https:\/\/www.feman.net\/eng\/index.php?rest_route=%2Fwp%2Fv2%2Fproduct_cat&post=268888"},{"taxonomy":"product_tag","embeddable":true,"href":"https:\/\/www.feman.net\/eng\/index.php?rest_route=%2Fwp%2Fv2%2Fproduct_tag&post=268888"}],"curies":[{"name":"wp","href":"https:\/\/api.w.org\/{rel}","templated":true}]}}