{"id":268890,"date":"2022-09-23T08:48:50","date_gmt":"2022-09-23T08:48:50","guid":{"rendered":"http:\/\/www.feman-jagodina.feman.co.rs\/?post_type=product&#038;p=268890"},"modified":"2022-09-23T08:57:15","modified_gmt":"2022-09-23T08:57:15","slug":"pribor-za-zidni-kucni-prikljucak-samonoseceg-kablovskog-snopa","status":"publish","type":"product","link":"https:\/\/www.feman.net\/eng\/?product=pribor-za-zidni-kucni-prikljucak-samonoseceg-kablovskog-snopa","title":{"rendered":"PRIBOR ZA ZIDNI KU\u0106NI PRIKLJU\u010cAK SAMONOSE\u0106EG KABLOVSKOG SNOPA"},"content":{"rendered":"<p><img loading=\"lazy\" decoding=\"async\" class=\"size-full wp-image-268891 aligncenter\" src=\"http:\/\/www.feman.net\/wp-content\/uploads\/2022\/09\/25.jpg\" alt=\"\" width=\"926\" height=\"731\" srcset=\"https:\/\/www.feman.net\/eng\/wp-content\/uploads\/2022\/09\/25.jpg 926w, https:\/\/www.feman.net\/eng\/wp-content\/uploads\/2022\/09\/25-300x237.jpg 300w, https:\/\/www.feman.net\/eng\/wp-content\/uploads\/2022\/09\/25-768x606.jpg 768w, https:\/\/www.feman.net\/eng\/wp-content\/uploads\/2022\/09\/25-200x158.jpg 200w, https:\/\/www.feman.net\/eng\/wp-content\/uploads\/2022\/09\/25-480x379.jpg 480w, https:\/\/www.feman.net\/eng\/wp-content\/uploads\/2022\/09\/25-600x474.jpg 600w\" sizes=\"(max-width: 926px) 100vw, 926px\" \/><\/p>\n<p>Ku\u0107ni priklju\u010dak samonosivim kablovskim snopom mo\u017ee se izvesti i na zidu kao \u0161to je prikazano na skici. Potrebno je na zid postaviti konzolu za ku\u0107ni priklju\u010dak, za koju se ka\u010di zatezna stezaljka za ku\u0107ni priklju\u010dak kojom se samonose\u0107i kablovski snop prihvata. Sa stezaljke se SKS pomo\u0107u izolovanih vododihtuju\u0107ih spojnih \u010daura-FID spaja sa ku\u0107nom instalacijom i dalje kroz otvor na zidu vodi do glavnog razvodnog ormana (GRO). Osim opreme na zidu potrebne su FIDOS stezaljke za spajanje na glavni distributivni vod.<\/p>\n","protected":false},"excerpt":{"rendered":"<p>Ku\u0107ni priklju\u010dak samonosivim kablovskim snopom mo\u017ee se izvesti i na zidu kao \u0161to je prikazano na skici. Potrebno je na zid postaviti konzolu za ku\u0107ni priklju\u010dak, za koju se ka\u010di zatezna stezaljka za ku\u0107ni priklju\u010dak kojom se samonose\u0107i kablovski snop prihvata. Sa stezaljke se SKS pomo\u0107u izolovanih vododihtuju\u0107ih spojnih \u010daura-FID spaja sa ku\u0107nom instalacijom i [&hellip;]<\/p>\n","protected":false},"featured_media":268892,"comment_status":"closed","ping_status":"closed","template":"","meta":[],"product_brand":[],"product_cat":[251],"product_tag":[],"class_list":{"0":"post-268890","1":"product","2":"type-product","3":"status-publish","4":"has-post-thumbnail","6":"product_cat-primerisks","8":"first","9":"instock","10":"shipping-taxable","11":"product-type-simple"},"_links":{"self":[{"href":"https:\/\/www.feman.net\/eng\/index.php?rest_route=\/wp\/v2\/product\/268890","targetHints":{"allow":["GET"]}}],"collection":[{"href":"https:\/\/www.feman.net\/eng\/index.php?rest_route=\/wp\/v2\/product"}],"about":[{"href":"https:\/\/www.feman.net\/eng\/index.php?rest_route=\/wp\/v2\/types\/product"}],"replies":[{"embeddable":true,"href":"https:\/\/www.feman.net\/eng\/index.php?rest_route=%2Fwp%2Fv2%2Fcomments&post=268890"}],"wp:featuredmedia":[{"embeddable":true,"href":"https:\/\/www.feman.net\/eng\/index.php?rest_route=\/wp\/v2\/media\/268892"}],"wp:attachment":[{"href":"https:\/\/www.feman.net\/eng\/index.php?rest_route=%2Fwp%2Fv2%2Fmedia&parent=268890"}],"wp:term":[{"taxonomy":"product_brand","embeddable":true,"href":"https:\/\/www.feman.net\/eng\/index.php?rest_route=%2Fwp%2Fv2%2Fproduct_brand&post=268890"},{"taxonomy":"product_cat","embeddable":true,"href":"https:\/\/www.feman.net\/eng\/index.php?rest_route=%2Fwp%2Fv2%2Fproduct_cat&post=268890"},{"taxonomy":"product_tag","embeddable":true,"href":"https:\/\/www.feman.net\/eng\/index.php?rest_route=%2Fwp%2Fv2%2Fproduct_tag&post=268890"}],"curies":[{"name":"wp","href":"https:\/\/api.w.org\/{rel}","templated":true}]}}