{"id":268897,"date":"2022-09-23T11:10:15","date_gmt":"2022-09-23T11:10:15","guid":{"rendered":"http:\/\/www.feman-jagodina.feman.co.rs\/?post_type=product&#038;p=268897"},"modified":"2022-09-23T11:23:32","modified_gmt":"2022-09-23T11:23:32","slug":"nosece-i-ugaono-prihvatanje-i-nastavljanje-distr-sks-a-2","status":"publish","type":"product","link":"https:\/\/www.feman.net\/eng\/?product=nosece-i-ugaono-prihvatanje-i-nastavljanje-distr-sks-a-2","title":{"rendered":"NOSE\u0106E I UGAONO PRIHVATANJE I NASTAVLJANJE DISTR. SKS-a"},"content":{"rendered":"<p><img loading=\"lazy\" decoding=\"async\" class=\"size-large wp-image-268898 aligncenter\" src=\"http:\/\/www.feman.net\/wp-content\/uploads\/2022\/09\/33-1-1024x620.jpg\" alt=\"\" width=\"1024\" height=\"620\" srcset=\"https:\/\/www.feman.net\/eng\/wp-content\/uploads\/2022\/09\/33-1-1024x620.jpg 1024w, https:\/\/www.feman.net\/eng\/wp-content\/uploads\/2022\/09\/33-1-300x182.jpg 300w, https:\/\/www.feman.net\/eng\/wp-content\/uploads\/2022\/09\/33-1-768x465.jpg 768w, https:\/\/www.feman.net\/eng\/wp-content\/uploads\/2022\/09\/33-1-200x121.jpg 200w, https:\/\/www.feman.net\/eng\/wp-content\/uploads\/2022\/09\/33-1-980x593.jpg 980w, https:\/\/www.feman.net\/eng\/wp-content\/uploads\/2022\/09\/33-1-480x291.jpg 480w, https:\/\/www.feman.net\/eng\/wp-content\/uploads\/2022\/09\/33-1-600x363.jpg 600w, https:\/\/www.feman.net\/eng\/wp-content\/uploads\/2022\/09\/33-1.jpg 1069w\" sizes=\"(max-width: 1024px) 100vw, 1024px\" \/><\/p>\n<p>Nose\u0107e prihvatanje SKS-a izvodi se pomo\u0107u nose\u0107e stezaljke i Al univerzalne konzole. Prihvatanje se vr\u0161i preko nose\u0107eg provodnika (54-71.5 mm) a snop se sa obe strane stezaljke obuhvata kablovskom vezicom da bi se spre\u010dilo rasplitanje. Zatvaranjem specijalne kop\u010de na stezaljci posle postavljanja provodnika onemogu\u0107ava se slu\u010dajno otpu\u0161tanje SKS-a.<br \/>\nPomo\u0107u dve zatezne distributivne stezaljke oka\u010dene na Al univerzalnu konzolu mo\u017ee se vr\u0161iti promena pravca distributivnog SKS-a (ugaono prihvatanje). Tako\u0111e se na ovaj na\u010din mo\u017ee vr\u0161iti i nastavljanje SKS-a upotrebom izolovanih vododihtuju\u0107ih \u010daura &#8211; FID.<br \/>\nNa svim stubovima za u\u010dvr\u0161\u0107ivanje Al univerzalnih konzola koristi se obujmica sa uvijenim kukama, ali se isto tako mo\u017ee koristiti i konzola za op\u0161tu namenu.<\/p>\n","protected":false},"excerpt":{"rendered":"<p>Nose\u0107e prihvatanje SKS-a izvodi se pomo\u0107u nose\u0107e stezaljke i Al univerzalne konzole. Prihvatanje se vr\u0161i preko nose\u0107eg provodnika (54-71.5 mm) a snop se sa obe strane stezaljke obuhvata kablovskom vezicom da bi se spre\u010dilo rasplitanje. Zatvaranjem specijalne kop\u010de na stezaljci posle postavljanja provodnika onemogu\u0107ava se slu\u010dajno otpu\u0161tanje SKS-a. Pomo\u0107u dve zatezne distributivne stezaljke oka\u010dene na [&hellip;]<\/p>\n","protected":false},"featured_media":268899,"comment_status":"closed","ping_status":"closed","template":"","meta":[],"product_brand":[],"product_cat":[251],"product_tag":[],"class_list":{"0":"post-268897","1":"product","2":"type-product","3":"status-publish","4":"has-post-thumbnail","6":"product_cat-primerisks","8":"first","9":"instock","10":"shipping-taxable","11":"product-type-simple"},"_links":{"self":[{"href":"https:\/\/www.feman.net\/eng\/index.php?rest_route=\/wp\/v2\/product\/268897","targetHints":{"allow":["GET"]}}],"collection":[{"href":"https:\/\/www.feman.net\/eng\/index.php?rest_route=\/wp\/v2\/product"}],"about":[{"href":"https:\/\/www.feman.net\/eng\/index.php?rest_route=\/wp\/v2\/types\/product"}],"replies":[{"embeddable":true,"href":"https:\/\/www.feman.net\/eng\/index.php?rest_route=%2Fwp%2Fv2%2Fcomments&post=268897"}],"wp:featuredmedia":[{"embeddable":true,"href":"https:\/\/www.feman.net\/eng\/index.php?rest_route=\/wp\/v2\/media\/268899"}],"wp:attachment":[{"href":"https:\/\/www.feman.net\/eng\/index.php?rest_route=%2Fwp%2Fv2%2Fmedia&parent=268897"}],"wp:term":[{"taxonomy":"product_brand","embeddable":true,"href":"https:\/\/www.feman.net\/eng\/index.php?rest_route=%2Fwp%2Fv2%2Fproduct_brand&post=268897"},{"taxonomy":"product_cat","embeddable":true,"href":"https:\/\/www.feman.net\/eng\/index.php?rest_route=%2Fwp%2Fv2%2Fproduct_cat&post=268897"},{"taxonomy":"product_tag","embeddable":true,"href":"https:\/\/www.feman.net\/eng\/index.php?rest_route=%2Fwp%2Fv2%2Fproduct_tag&post=268897"}],"curies":[{"name":"wp","href":"https:\/\/api.w.org\/{rel}","templated":true}]}}