{"id":268916,"date":"2022-09-23T17:37:31","date_gmt":"2022-09-23T17:37:31","guid":{"rendered":"http:\/\/www.feman-jagodina.feman.co.rs\/?post_type=product&#038;p=268916"},"modified":"2022-11-23T19:20:32","modified_gmt":"2022-11-23T19:20:32","slug":"aparat-za-zatezanje-vodova-i-dizanje-tereta-do-250-kg","status":"publish","type":"product","link":"https:\/\/www.feman.net\/eng\/?product=aparat-za-zatezanje-vodova-i-dizanje-tereta-do-250-kg","title":{"rendered":"APARAT ZA ZATEZANJE VODOVA I DIZANJE TERETA DO 250 Kg"},"content":{"rendered":"<p><img loading=\"lazy\" decoding=\"async\" class=\"alignnone size-large wp-image-268917 aligncenter\" src=\"http:\/\/www.feman.net\/wp-content\/uploads\/2022\/09\/51-1024x560.jpg\" alt=\"\" width=\"1024\" height=\"560\" srcset=\"https:\/\/www.feman.net\/eng\/wp-content\/uploads\/2022\/09\/51-1024x560.jpg 1024w, https:\/\/www.feman.net\/eng\/wp-content\/uploads\/2022\/09\/51-300x164.jpg 300w, https:\/\/www.feman.net\/eng\/wp-content\/uploads\/2022\/09\/51-768x420.jpg 768w, https:\/\/www.feman.net\/eng\/wp-content\/uploads\/2022\/09\/51-200x109.jpg 200w, https:\/\/www.feman.net\/eng\/wp-content\/uploads\/2022\/09\/51-1080x590.jpg 1080w, https:\/\/www.feman.net\/eng\/wp-content\/uploads\/2022\/09\/51-1280x700.jpg 1280w, https:\/\/www.feman.net\/eng\/wp-content\/uploads\/2022\/09\/51-980x536.jpg 980w, https:\/\/www.feman.net\/eng\/wp-content\/uploads\/2022\/09\/51-480x262.jpg 480w, https:\/\/www.feman.net\/eng\/wp-content\/uploads\/2022\/09\/51-600x328.jpg 600w, https:\/\/www.feman.net\/eng\/wp-content\/uploads\/2022\/09\/51.jpg 1418w\" sizes=\"(max-width: 1024px) 100vw, 1024px\" \/><\/p>\n<p style=\"text-align: justify;\">Aparat slu\u017ei za zatezanje vazdu\u0161nih vodova i dizanje tereta. Jedan kraj ure\u0111aja se fiksira za stub, fasadu ili sli\u010dan nepokretan objekat. Pomeranjem ru\u010dice, aktivira se sistem zup\u010danika pri \u010demu se pokre\u0107e lanac. Monta\u017ea i primena ure\u0111aja je brza i laka. Maksimalna zatezna sila je 250 kg.<\/p>\n<p><strong>Kodni broj: 6601734<\/strong><\/p>\n<p>&nbsp;<\/p>\n<p>&nbsp;<\/p>\n<p>&nbsp;<\/p>\n<p>&nbsp;<\/p>\n<p>&nbsp;<\/p>\n<p>&nbsp;<\/p>\n<p>&nbsp;<\/p>\n<p>&nbsp;<\/p>\n","protected":false},"excerpt":{"rendered":"<p>Aparat slu\u017ei za zatezanje vazdu\u0161nih vodova i dizanje tereta. Jedan kraj ure\u0111aja se fiksira za stub, fasadu ili sli\u010dan nepokretan objekat. Pomeranjem ru\u010dice, aktivira se sistem zup\u010danika pri \u010demu se pokre\u0107e lanac. Monta\u017ea i primena ure\u0111aja je brza i laka. Maksimalna zatezna sila je 250 kg. Kodni broj: 6601734 &nbsp; &nbsp; &nbsp; &nbsp; &nbsp; &nbsp; [&hellip;]<\/p>\n","protected":false},"featured_media":268918,"comment_status":"closed","ping_status":"closed","template":"","meta":[],"product_brand":[],"product_cat":[172,178],"product_tag":[],"class_list":{"0":"post-268916","1":"product","2":"type-product","3":"status-publish","4":"has-post-thumbnail","6":"product_cat-oprema-sks-adss","7":"product_cat-ostala-oprema-za-nn-sks","9":"first","10":"instock","11":"shipping-taxable","12":"product-type-simple"},"_links":{"self":[{"href":"https:\/\/www.feman.net\/eng\/index.php?rest_route=\/wp\/v2\/product\/268916","targetHints":{"allow":["GET"]}}],"collection":[{"href":"https:\/\/www.feman.net\/eng\/index.php?rest_route=\/wp\/v2\/product"}],"about":[{"href":"https:\/\/www.feman.net\/eng\/index.php?rest_route=\/wp\/v2\/types\/product"}],"replies":[{"embeddable":true,"href":"https:\/\/www.feman.net\/eng\/index.php?rest_route=%2Fwp%2Fv2%2Fcomments&post=268916"}],"wp:featuredmedia":[{"embeddable":true,"href":"https:\/\/www.feman.net\/eng\/index.php?rest_route=\/wp\/v2\/media\/268918"}],"wp:attachment":[{"href":"https:\/\/www.feman.net\/eng\/index.php?rest_route=%2Fwp%2Fv2%2Fmedia&parent=268916"}],"wp:term":[{"taxonomy":"product_brand","embeddable":true,"href":"https:\/\/www.feman.net\/eng\/index.php?rest_route=%2Fwp%2Fv2%2Fproduct_brand&post=268916"},{"taxonomy":"product_cat","embeddable":true,"href":"https:\/\/www.feman.net\/eng\/index.php?rest_route=%2Fwp%2Fv2%2Fproduct_cat&post=268916"},{"taxonomy":"product_tag","embeddable":true,"href":"https:\/\/www.feman.net\/eng\/index.php?rest_route=%2Fwp%2Fv2%2Fproduct_tag&post=268916"}],"curies":[{"name":"wp","href":"https:\/\/api.w.org\/{rel}","templated":true}]}}