{"id":268924,"date":"2022-09-23T18:02:36","date_gmt":"2022-09-23T18:02:36","guid":{"rendered":"http:\/\/www.feman-jagodina.feman.co.rs\/?post_type=product&#038;p=268924"},"modified":"2022-11-23T19:21:26","modified_gmt":"2022-11-23T19:21:26","slug":"hidraulicna-glava-za-presovanje-fhp-300-c","status":"publish","type":"product","link":"https:\/\/www.feman.net\/eng\/?product=hidraulicna-glava-za-presovanje-fhp-300-c","title":{"rendered":"HIDRAULI\u010cNA GLAVA ZA PRESOVANJE FHP-300 C"},"content":{"rendered":"<p><img loading=\"lazy\" decoding=\"async\" class=\"wp-image-267480 alignnone\" src=\"http:\/\/www.feman.net\/wp-content\/uploads\/2015\/04\/1-FHP-300C-343x1024.png\" alt=\"\" width=\"102\" height=\"305\" srcset=\"https:\/\/www.feman.net\/eng\/wp-content\/uploads\/2015\/04\/1-FHP-300C-343x1024.png 343w, https:\/\/www.feman.net\/eng\/wp-content\/uploads\/2015\/04\/1-FHP-300C-268x800.png 268w, https:\/\/www.feman.net\/eng\/wp-content\/uploads\/2015\/04\/1-FHP-300C-300x895.png 300w, https:\/\/www.feman.net\/eng\/wp-content\/uploads\/2015\/04\/1-FHP-300C.png 347w\" sizes=\"(max-width: 102px) 100vw, 102px\" \/><\/p>\n<p>Koristi se za presovanje Cu provodnika preseka 10-300 mm\u00b2 i Al provodnika 16-240 mm\u00b2. Glava je okretna za 360\u00ba \u0161to omogu\u0107uje rad u svim polo\u017eajima.<\/p>\n<p><strong>Du\u017eina: 213 mm<br \/>\n<\/strong><strong>Te\u017eina: 2,41 kg<br \/>\n<\/strong><strong>Kodni broj: 1870299<\/strong><\/p>\n<p>Za pogon ove hidrauli\u010dne prese koristi se elektri\u010dna ili hidrauli\u010dna pumpa koje se poru\u010duju posebno.<\/p>\n<p><img loading=\"lazy\" decoding=\"async\" class=\"alignnone wp-image-267483\" src=\"http:\/\/www.feman.net\/wp-content\/uploads\/2015\/04\/4-FHP-300C.png\" alt=\"\" width=\"329\" height=\"343\" srcset=\"https:\/\/www.feman.net\/eng\/wp-content\/uploads\/2015\/04\/4-FHP-300C.png 801w, https:\/\/www.feman.net\/eng\/wp-content\/uploads\/2015\/04\/4-FHP-300C-300x313.png 300w, https:\/\/www.feman.net\/eng\/wp-content\/uploads\/2015\/04\/4-FHP-300C-768x801.png 768w, https:\/\/www.feman.net\/eng\/wp-content\/uploads\/2015\/04\/4-FHP-300C-480x500.png 480w, https:\/\/www.feman.net\/eng\/wp-content\/uploads\/2015\/04\/4-FHP-300C-600x625.png 600w\" sizes=\"(max-width: 329px) 100vw, 329px\" \/> \u00a0\u00a0\u00a0\u00a0\u00a0\u00a0\u00a0\u00a0\u00a0 <img loading=\"lazy\" decoding=\"async\" class=\"alignnone wp-image-267484\" src=\"http:\/\/www.feman.net\/wp-content\/uploads\/2015\/04\/5-FHP-300C.jpg\" alt=\"\" width=\"397\" height=\"243\" srcset=\"https:\/\/www.feman.net\/eng\/wp-content\/uploads\/2015\/04\/5-FHP-300C.jpg 643w, https:\/\/www.feman.net\/eng\/wp-content\/uploads\/2015\/04\/5-FHP-300C-300x184.jpg 300w, https:\/\/www.feman.net\/eng\/wp-content\/uploads\/2015\/04\/5-FHP-300C-480x294.jpg 480w, https:\/\/www.feman.net\/eng\/wp-content\/uploads\/2015\/04\/5-FHP-300C-600x368.jpg 600w\" sizes=\"(max-width: 397px) 100vw, 397px\" \/><\/p>\n<p>&nbsp;<\/p>\n<p>&nbsp;<\/p>\n<p>&nbsp;<\/p>\n<p>&nbsp;<\/p>\n<p>&nbsp;<\/p>\n","protected":false},"excerpt":{"rendered":"<p>Koristi se za presovanje Cu provodnika preseka 10-300 mm\u00b2 i Al provodnika 16-240 mm\u00b2. Glava je okretna za 360\u00ba \u0161to omogu\u0107uje rad u svim polo\u017eajima. Du\u017eina: 213 mm Te\u017eina: 2,41 kg Kodni broj: 1870299 Za pogon ove hidrauli\u010dne prese koristi se elektri\u010dna ili hidrauli\u010dna pumpa koje se poru\u010duju posebno. \u00a0\u00a0\u00a0\u00a0\u00a0\u00a0\u00a0\u00a0\u00a0 &nbsp; &nbsp; &nbsp; &nbsp; &nbsp;<\/p>\n","protected":false},"featured_media":268925,"comment_status":"closed","ping_status":"closed","template":"","meta":[],"product_brand":[],"product_cat":[178],"product_tag":[],"class_list":{"0":"post-268924","1":"product","2":"type-product","3":"status-publish","4":"has-post-thumbnail","6":"product_cat-ostala-oprema-za-nn-sks","8":"first","9":"instock","10":"shipping-taxable","11":"product-type-simple"},"_links":{"self":[{"href":"https:\/\/www.feman.net\/eng\/index.php?rest_route=\/wp\/v2\/product\/268924","targetHints":{"allow":["GET"]}}],"collection":[{"href":"https:\/\/www.feman.net\/eng\/index.php?rest_route=\/wp\/v2\/product"}],"about":[{"href":"https:\/\/www.feman.net\/eng\/index.php?rest_route=\/wp\/v2\/types\/product"}],"replies":[{"embeddable":true,"href":"https:\/\/www.feman.net\/eng\/index.php?rest_route=%2Fwp%2Fv2%2Fcomments&post=268924"}],"wp:featuredmedia":[{"embeddable":true,"href":"https:\/\/www.feman.net\/eng\/index.php?rest_route=\/wp\/v2\/media\/268925"}],"wp:attachment":[{"href":"https:\/\/www.feman.net\/eng\/index.php?rest_route=%2Fwp%2Fv2%2Fmedia&parent=268924"}],"wp:term":[{"taxonomy":"product_brand","embeddable":true,"href":"https:\/\/www.feman.net\/eng\/index.php?rest_route=%2Fwp%2Fv2%2Fproduct_brand&post=268924"},{"taxonomy":"product_cat","embeddable":true,"href":"https:\/\/www.feman.net\/eng\/index.php?rest_route=%2Fwp%2Fv2%2Fproduct_cat&post=268924"},{"taxonomy":"product_tag","embeddable":true,"href":"https:\/\/www.feman.net\/eng\/index.php?rest_route=%2Fwp%2Fv2%2Fproduct_tag&post=268924"}],"curies":[{"name":"wp","href":"https:\/\/api.w.org\/{rel}","templated":true}]}}