{"id":268935,"date":"2022-09-26T08:10:53","date_gmt":"2022-09-26T08:10:53","guid":{"rendered":"http:\/\/www.feman-jagodina.feman.co.rs\/?post_type=product&#038;p=268935"},"modified":"2022-11-23T18:30:46","modified_gmt":"2022-11-23T18:30:46","slug":"hidraulicna-glava-za-presovanje-fhp-300-c-copy","status":"publish","type":"product","link":"https:\/\/www.feman.net\/eng\/?product=hidraulicna-glava-za-presovanje-fhp-300-c-copy","title":{"rendered":"UNIVERZALNA STEZALJKA ZA NOSE\u0106E PRIHVATANJE NN SKS-a PS 2-4x(25-120)"},"content":{"rendered":"<p><img loading=\"lazy\" decoding=\"async\" class=\" wp-image-268936 aligncenter\" src=\"http:\/\/www.feman.net\/wp-content\/uploads\/2022\/09\/1-2.jpg\" alt=\"\" width=\"699\" height=\"379\" srcset=\"https:\/\/www.feman.net\/eng\/wp-content\/uploads\/2022\/09\/1-2.jpg 841w, https:\/\/www.feman.net\/eng\/wp-content\/uploads\/2022\/09\/1-2-300x163.jpg 300w, https:\/\/www.feman.net\/eng\/wp-content\/uploads\/2022\/09\/1-2-768x416.jpg 768w, https:\/\/www.feman.net\/eng\/wp-content\/uploads\/2022\/09\/1-2-200x108.jpg 200w, https:\/\/www.feman.net\/eng\/wp-content\/uploads\/2022\/09\/1-2-480x260.jpg 480w, https:\/\/www.feman.net\/eng\/wp-content\/uploads\/2022\/09\/1-2-600x325.jpg 600w\" sizes=\"(max-width: 699px) 100vw, 699px\" \/><\/p>\n<p style=\"text-align: justify;\">Koristi se za nose\u0107e prihvatanje NN SKS-a bez nose\u0107eg provodnika. Mo\u017ee da se koristi i na ugaonim stubovima sa maksimalnim skretanjem SKS-a do 60\u00b0. Konstruisana je za no\u0161enje 2 ili 4 izolovana provodnika maksimalnog preseka 4x120mm\u00b2, odnosno minimalnog preseka 4x25mm\u00b2 .<br \/>\nSavremena konstrukcija omogu\u0107ava brzu, laku i pouzdanu monta\u017eu. Stezaljka je ura\u0111ena u skladu sa standardom EN 50483.<\/p>\n<p><strong>Pakovanje:\u00a0\u00a0 50 kom<br \/>\n<\/strong><strong>Te\u017eina:\u00a0 35 kg\/kom<br \/>\n<\/strong><strong>Kodni broj:\u00a0 3810500<br \/>\n<\/strong><\/p>\n<p>&nbsp;<\/p>\n<p>&nbsp;<\/p>\n<p>&nbsp;<\/p>\n<p>&nbsp;<\/p>\n<p>&nbsp;<\/p>\n<p>&nbsp;<\/p>\n","protected":false},"excerpt":{"rendered":"<p>Koristi se za nose\u0107e prihvatanje NN SKS-a bez nose\u0107eg provodnika. Mo\u017ee da se koristi i na ugaonim stubovima sa maksimalnim skretanjem SKS-a do 60\u00b0. Konstruisana je za no\u0161enje 2 ili 4 izolovana provodnika maksimalnog preseka 4x120mm\u00b2, odnosno minimalnog preseka 4x25mm\u00b2 . Savremena konstrukcija omogu\u0107ava brzu, laku i pouzdanu monta\u017eu. Stezaljka je ura\u0111ena u skladu sa [&hellip;]<\/p>\n","protected":false},"featured_media":268937,"comment_status":"closed","ping_status":"closed","template":"","meta":[],"product_brand":[],"product_cat":[177],"product_tag":[],"class_list":{"0":"post-268935","1":"product","2":"type-product","3":"status-publish","4":"has-post-thumbnail","6":"product_cat-nosece-stezaljke-za-nn-sks","8":"first","9":"instock","10":"shipping-taxable","11":"product-type-simple"},"_links":{"self":[{"href":"https:\/\/www.feman.net\/eng\/index.php?rest_route=\/wp\/v2\/product\/268935","targetHints":{"allow":["GET"]}}],"collection":[{"href":"https:\/\/www.feman.net\/eng\/index.php?rest_route=\/wp\/v2\/product"}],"about":[{"href":"https:\/\/www.feman.net\/eng\/index.php?rest_route=\/wp\/v2\/types\/product"}],"replies":[{"embeddable":true,"href":"https:\/\/www.feman.net\/eng\/index.php?rest_route=%2Fwp%2Fv2%2Fcomments&post=268935"}],"wp:featuredmedia":[{"embeddable":true,"href":"https:\/\/www.feman.net\/eng\/index.php?rest_route=\/wp\/v2\/media\/268937"}],"wp:attachment":[{"href":"https:\/\/www.feman.net\/eng\/index.php?rest_route=%2Fwp%2Fv2%2Fmedia&parent=268935"}],"wp:term":[{"taxonomy":"product_brand","embeddable":true,"href":"https:\/\/www.feman.net\/eng\/index.php?rest_route=%2Fwp%2Fv2%2Fproduct_brand&post=268935"},{"taxonomy":"product_cat","embeddable":true,"href":"https:\/\/www.feman.net\/eng\/index.php?rest_route=%2Fwp%2Fv2%2Fproduct_cat&post=268935"},{"taxonomy":"product_tag","embeddable":true,"href":"https:\/\/www.feman.net\/eng\/index.php?rest_route=%2Fwp%2Fv2%2Fproduct_tag&post=268935"}],"curies":[{"name":"wp","href":"https:\/\/api.w.org\/{rel}","templated":true}]}}