{"id":268939,"date":"2022-09-26T08:39:35","date_gmt":"2022-09-26T08:39:35","guid":{"rendered":"http:\/\/www.feman-jagodina.feman.co.rs\/?post_type=product&#038;p=268939"},"modified":"2022-11-23T18:31:42","modified_gmt":"2022-11-23T18:31:42","slug":"ugaona-stezaljka-za-kucni-prikljucak-ra-25-200-dan","status":"publish","type":"product","link":"https:\/\/www.feman.net\/eng\/?product=ugaona-stezaljka-za-kucni-prikljucak-ra-25-200-dan","title":{"rendered":"UGAONA STEZALJKA ZA KU\u0106NI PRIKLJU\u010cAK RA 25 (200 daN)"},"content":{"rendered":"<p><img loading=\"lazy\" decoding=\"async\" class=\"size-full wp-image-268940 alignnone\" src=\"http:\/\/www.feman.net\/wp-content\/uploads\/2022\/09\/4-5.jpg\" alt=\"\" width=\"651\" height=\"331\" srcset=\"https:\/\/www.feman.net\/eng\/wp-content\/uploads\/2022\/09\/4-5.jpg 651w, https:\/\/www.feman.net\/eng\/wp-content\/uploads\/2022\/09\/4-5-300x153.jpg 300w, https:\/\/www.feman.net\/eng\/wp-content\/uploads\/2022\/09\/4-5-200x102.jpg 200w, https:\/\/www.feman.net\/eng\/wp-content\/uploads\/2022\/09\/4-5-480x244.jpg 480w, https:\/\/www.feman.net\/eng\/wp-content\/uploads\/2022\/09\/4-5-600x305.jpg 600w\" sizes=\"(max-width: 651px) 100vw, 651px\" \/><\/p>\n<p style=\"text-align: justify;\">Koristi se pri promeni smera NN SKS-a kod ku\u0107nog priklju\u010dka. Konstruisana je za no\u0161enje 2 ili 4 izolovana provodnika preseka 2&#215;16, 4&#215;16, 2&#215;25, 4&#215;25 mm2. Sastoji se od tela stezaljke i ve\u0161aju\u0107e uzengije. Telo stezaljke je izra\u0111eno od poliamida visoko mehani\u010dke \u010dvrsto\u0107e. Za pri\u010dvr\u0161\u0107ivanje SKS-a za stezaljku preporu\u010dujemo FEMAN vezicu 200&#215;13 mm2 (kodni broj: 1710213). Stezaljka je ura\u0111ena u skladu sa standardom EN\u00a050483.<\/p>\n<ul>\n<li><strong>Pakovanje:\u00a0\u00a0 75 kom<\/strong><\/li>\n<li><strong>T<\/strong><strong>e\u017eina:\u00a0 6,6\u00a0 kg\/100 kom.<\/strong><\/li>\n<li><strong>Kodni broj:\u00a0 3810015<\/strong><\/li>\n<\/ul>\n<p>&nbsp;<\/p>\n","protected":false},"excerpt":{"rendered":"<p>Koristi se pri promeni smera NN SKS-a kod ku\u0107nog priklju\u010dka. Konstruisana je za no\u0161enje 2 ili 4 izolovana provodnika preseka 2&#215;16, 4&#215;16, 2&#215;25, 4&#215;25 mm2. Sastoji se od tela stezaljke i ve\u0161aju\u0107e uzengije. Telo stezaljke je izra\u0111eno od poliamida visoko mehani\u010dke \u010dvrsto\u0107e. Za pri\u010dvr\u0161\u0107ivanje SKS-a za stezaljku preporu\u010dujemo FEMAN vezicu 200&#215;13 mm2 (kodni broj: 1710213). [&hellip;]<\/p>\n","protected":false},"featured_media":268941,"comment_status":"closed","ping_status":"closed","template":"","meta":[],"product_brand":[],"product_cat":[177,172],"product_tag":[],"class_list":{"0":"post-268939","1":"product","2":"type-product","3":"status-publish","4":"has-post-thumbnail","6":"product_cat-nosece-stezaljke-za-nn-sks","7":"product_cat-oprema-sks-adss","9":"first","10":"instock","11":"shipping-taxable","12":"product-type-simple"},"_links":{"self":[{"href":"https:\/\/www.feman.net\/eng\/index.php?rest_route=\/wp\/v2\/product\/268939","targetHints":{"allow":["GET"]}}],"collection":[{"href":"https:\/\/www.feman.net\/eng\/index.php?rest_route=\/wp\/v2\/product"}],"about":[{"href":"https:\/\/www.feman.net\/eng\/index.php?rest_route=\/wp\/v2\/types\/product"}],"replies":[{"embeddable":true,"href":"https:\/\/www.feman.net\/eng\/index.php?rest_route=%2Fwp%2Fv2%2Fcomments&post=268939"}],"wp:featuredmedia":[{"embeddable":true,"href":"https:\/\/www.feman.net\/eng\/index.php?rest_route=\/wp\/v2\/media\/268941"}],"wp:attachment":[{"href":"https:\/\/www.feman.net\/eng\/index.php?rest_route=%2Fwp%2Fv2%2Fmedia&parent=268939"}],"wp:term":[{"taxonomy":"product_brand","embeddable":true,"href":"https:\/\/www.feman.net\/eng\/index.php?rest_route=%2Fwp%2Fv2%2Fproduct_brand&post=268939"},{"taxonomy":"product_cat","embeddable":true,"href":"https:\/\/www.feman.net\/eng\/index.php?rest_route=%2Fwp%2Fv2%2Fproduct_cat&post=268939"},{"taxonomy":"product_tag","embeddable":true,"href":"https:\/\/www.feman.net\/eng\/index.php?rest_route=%2Fwp%2Fv2%2Fproduct_tag&post=268939"}],"curies":[{"name":"wp","href":"https:\/\/api.w.org\/{rel}","templated":true}]}}