{"id":268942,"date":"2022-09-26T08:53:56","date_gmt":"2022-09-26T08:53:56","guid":{"rendered":"http:\/\/www.feman-jagodina.feman.co.rs\/?post_type=product&#038;p=268942"},"modified":"2022-11-23T18:31:54","modified_gmt":"2022-11-23T18:31:54","slug":"ugaona-stezaljka-ra-25a-500-dan","status":"publish","type":"product","link":"https:\/\/www.feman.net\/eng\/?product=ugaona-stezaljka-ra-25a-500-dan","title":{"rendered":"UGAONA STEZALJKA RA 25A (500 daN)"},"content":{"rendered":"<p><img loading=\"lazy\" decoding=\"async\" class=\"wp-image-268943 alignnone\" src=\"http:\/\/www.feman.net\/wp-content\/uploads\/2022\/09\/6-3.jpg\" alt=\"\" width=\"537\" height=\"299\" srcset=\"https:\/\/www.feman.net\/eng\/wp-content\/uploads\/2022\/09\/6-3.jpg 632w, https:\/\/www.feman.net\/eng\/wp-content\/uploads\/2022\/09\/6-3-300x167.jpg 300w, https:\/\/www.feman.net\/eng\/wp-content\/uploads\/2022\/09\/6-3-200x111.jpg 200w, https:\/\/www.feman.net\/eng\/wp-content\/uploads\/2022\/09\/6-3-480x267.jpg 480w, https:\/\/www.feman.net\/eng\/wp-content\/uploads\/2022\/09\/6-3-600x334.jpg 600w\" sizes=\"(max-width: 537px) 100vw, 537px\" \/><\/p>\n<p style=\"text-align: justify;\">Koristi se pri promeni smera NN SKS-a. Konstruisana je za no\u0161enje 2 ili 4 izolovana provodnika maksimalnog preseka 4\u00d770 mm\u00b2. Sastoji se od tela stezaljke i ve\u0161aju\u0107e uzengije. Telo stezaljke je izra\u0111eno od plastificiranog aluminijumskog lima visoko mehani\u010dke \u010dvrsto\u0107e.<\/p>\n<ul>\n<li><strong>Pakovanje:\u00a0\u00a0 75 kom<\/strong><\/li>\n<li><strong>T<\/strong><strong>e\u017eina:\u00a0 9,1\u00a0 kg\/100 kom.<\/strong><\/li>\n<li><strong>Kodni broj:\u00a0 3810018<\/strong><\/li>\n<\/ul>\n<p>&nbsp;<\/p>\n","protected":false},"excerpt":{"rendered":"<p>Koristi se pri promeni smera NN SKS-a. Konstruisana je za no\u0161enje 2 ili 4 izolovana provodnika maksimalnog preseka 4\u00d770 mm\u00b2. Sastoji se od tela stezaljke i ve\u0161aju\u0107e uzengije. Telo stezaljke je izra\u0111eno od plastificiranog aluminijumskog lima visoko mehani\u010dke \u010dvrsto\u0107e. Pakovanje:\u00a0\u00a0 75 kom Te\u017eina:\u00a0 9,1\u00a0 kg\/100 kom. Kodni broj:\u00a0 3810018 &nbsp;<\/p>\n","protected":false},"featured_media":268944,"comment_status":"closed","ping_status":"closed","template":"","meta":[],"product_brand":[],"product_cat":[177,172],"product_tag":[],"class_list":{"0":"post-268942","1":"product","2":"type-product","3":"status-publish","4":"has-post-thumbnail","6":"product_cat-nosece-stezaljke-za-nn-sks","7":"product_cat-oprema-sks-adss","9":"first","10":"instock","11":"shipping-taxable","12":"product-type-simple"},"_links":{"self":[{"href":"https:\/\/www.feman.net\/eng\/index.php?rest_route=\/wp\/v2\/product\/268942","targetHints":{"allow":["GET"]}}],"collection":[{"href":"https:\/\/www.feman.net\/eng\/index.php?rest_route=\/wp\/v2\/product"}],"about":[{"href":"https:\/\/www.feman.net\/eng\/index.php?rest_route=\/wp\/v2\/types\/product"}],"replies":[{"embeddable":true,"href":"https:\/\/www.feman.net\/eng\/index.php?rest_route=%2Fwp%2Fv2%2Fcomments&post=268942"}],"wp:featuredmedia":[{"embeddable":true,"href":"https:\/\/www.feman.net\/eng\/index.php?rest_route=\/wp\/v2\/media\/268944"}],"wp:attachment":[{"href":"https:\/\/www.feman.net\/eng\/index.php?rest_route=%2Fwp%2Fv2%2Fmedia&parent=268942"}],"wp:term":[{"taxonomy":"product_brand","embeddable":true,"href":"https:\/\/www.feman.net\/eng\/index.php?rest_route=%2Fwp%2Fv2%2Fproduct_brand&post=268942"},{"taxonomy":"product_cat","embeddable":true,"href":"https:\/\/www.feman.net\/eng\/index.php?rest_route=%2Fwp%2Fv2%2Fproduct_cat&post=268942"},{"taxonomy":"product_tag","embeddable":true,"href":"https:\/\/www.feman.net\/eng\/index.php?rest_route=%2Fwp%2Fv2%2Fproduct_tag&post=268942"}],"curies":[{"name":"wp","href":"https:\/\/api.w.org\/{rel}","templated":true}]}}