{"id":269358,"date":"2022-10-10T11:30:46","date_gmt":"2022-10-10T11:30:46","guid":{"rendered":"http:\/\/www.feman-jagodina.feman.co.rs\/?p=269358"},"modified":"2022-11-23T19:45:15","modified_gmt":"2022-11-23T19:45:15","slug":"nosac-trake-uzemljenje","status":"publish","type":"product","link":"https:\/\/www.feman.net\/eng\/?product=nosac-trake-uzemljenje","title":{"rendered":"NOSA\u010c TRAKE ZEMLJOVODA ZA DRVO"},"content":{"rendered":"<p><a href=\"http:\/\/www.feman.net\/wp-content\/uploads\/2015\/04\/07-3.png\"><img loading=\"lazy\" decoding=\"async\" class=\"alignnone wp-image-5391\" src=\"http:\/\/www.feman.net\/wp-content\/uploads\/2015\/04\/07-3.png\" alt=\"NOSA\u010c TRAKE ZEMLJOVODA ZA DRVO\" width=\"236\" height=\"325\" srcset=\"https:\/\/www.feman.net\/eng\/wp-content\/uploads\/2015\/04\/07-3.png 406w, https:\/\/www.feman.net\/eng\/wp-content\/uploads\/2015\/04\/07-3-300x413.png 300w, https:\/\/www.feman.net\/eng\/wp-content\/uploads\/2015\/04\/07-3-218x300.png 218w, https:\/\/www.feman.net\/eng\/wp-content\/uploads\/2015\/04\/07-3-150x207.png 150w\" sizes=\"(max-width: 236px) 100vw, 236px\" \/><\/a><a href=\"http:\/\/www.feman.net\/wp-content\/uploads\/2015\/04\/07-4.png\"><img loading=\"lazy\" decoding=\"async\" class=\"alignnone wp-image-5392\" src=\"http:\/\/www.feman.net\/wp-content\/uploads\/2015\/04\/07-4.png\" alt=\"NOSA\u010c TRAKE ZEMLJOVODA ZA DRVO\" width=\"221\" height=\"330\" srcset=\"https:\/\/www.feman.net\/eng\/wp-content\/uploads\/2015\/04\/07-4.png 436w, https:\/\/www.feman.net\/eng\/wp-content\/uploads\/2015\/04\/07-4-300x447.png 300w, https:\/\/www.feman.net\/eng\/wp-content\/uploads\/2015\/04\/07-4-201x300.png 201w, https:\/\/www.feman.net\/eng\/wp-content\/uploads\/2015\/04\/07-4-150x224.png 150w\" sizes=\"(max-width: 221px) 100vw, 221px\" \/><\/a><\/p>\n<p>Slu\u017ei za pri\u010dvr\u0161\u0107ivanje gromobranskih vodova na drvenim stubovima. Za\u0161tita od korozije je izvr\u0161ena galvanskim cinkovanjem, a po \u017eelji kupca radimo i toplo cinkovanje.<\/p>\n<ul>\n<li>Pakovanje: 50 kom<\/li>\n<li>Te\u017eina: 12 kg\/100kom<\/li>\n<li>Kodni broj: 3108010<\/li>\n<\/ul>\n<p>&nbsp;<\/p>\n<p>&nbsp;<\/p>\n","protected":false},"excerpt":{"rendered":"<p>Slu\u017ei za pri\u010dvr\u0161\u0107ivanje gromobranskih vodova na drvenim stubovima. Za\u0161tita od korozije je izvr\u0161ena galvanskim cinkovanjem, a po \u017eelji kupca radimo i toplo cinkovanje. Pakovanje: 50 kom Te\u017eina: 12 kg\/100kom Kodni broj: 3108010 &nbsp; &nbsp;<\/p>\n","protected":false},"featured_media":269360,"comment_status":"closed","ping_status":"closed","template":"","meta":[],"product_brand":[],"product_cat":[182],"product_tag":[],"class_list":{"0":"post-269358","1":"product","2":"type-product","3":"status-publish","4":"has-post-thumbnail","6":"product_cat-oprema-za-uzemljenje","8":"first","9":"instock","10":"shipping-taxable","11":"product-type-simple"},"_links":{"self":[{"href":"https:\/\/www.feman.net\/eng\/index.php?rest_route=\/wp\/v2\/product\/269358","targetHints":{"allow":["GET"]}}],"collection":[{"href":"https:\/\/www.feman.net\/eng\/index.php?rest_route=\/wp\/v2\/product"}],"about":[{"href":"https:\/\/www.feman.net\/eng\/index.php?rest_route=\/wp\/v2\/types\/product"}],"replies":[{"embeddable":true,"href":"https:\/\/www.feman.net\/eng\/index.php?rest_route=%2Fwp%2Fv2%2Fcomments&post=269358"}],"wp:featuredmedia":[{"embeddable":true,"href":"https:\/\/www.feman.net\/eng\/index.php?rest_route=\/wp\/v2\/media\/269360"}],"wp:attachment":[{"href":"https:\/\/www.feman.net\/eng\/index.php?rest_route=%2Fwp%2Fv2%2Fmedia&parent=269358"}],"wp:term":[{"taxonomy":"product_brand","embeddable":true,"href":"https:\/\/www.feman.net\/eng\/index.php?rest_route=%2Fwp%2Fv2%2Fproduct_brand&post=269358"},{"taxonomy":"product_cat","embeddable":true,"href":"https:\/\/www.feman.net\/eng\/index.php?rest_route=%2Fwp%2Fv2%2Fproduct_cat&post=269358"},{"taxonomy":"product_tag","embeddable":true,"href":"https:\/\/www.feman.net\/eng\/index.php?rest_route=%2Fwp%2Fv2%2Fproduct_tag&post=269358"}],"curies":[{"name":"wp","href":"https:\/\/api.w.org\/{rel}","templated":true}]}}