{"id":269361,"date":"2022-10-10T11:51:43","date_gmt":"2022-10-10T11:51:43","guid":{"rendered":"http:\/\/www.feman-jagodina.feman.co.rs\/?post_type=product&#038;p=269361"},"modified":"2022-11-23T19:38:02","modified_gmt":"2022-11-23T19:38:02","slug":"stezaljka-okrugli-provodnik-manja","status":"publish","type":"product","link":"https:\/\/www.feman.net\/eng\/?product=stezaljka-okrugli-provodnik-manja","title":{"rendered":"STEZALJKA ZA UZEMLJENJE STUBOVA SA OKRUGLIM PROVODNICIMA &#8211; MANJA"},"content":{"rendered":"<p><img loading=\"lazy\" decoding=\"async\" class=\"wp-image-269363 alignnone\" src=\"http:\/\/www.feman.net\/wp-content\/uploads\/2022\/10\/5-1024x562.jpg\" alt=\"\" width=\"517\" height=\"284\" srcset=\"https:\/\/www.feman.net\/eng\/wp-content\/uploads\/2022\/10\/5-1024x562.jpg 1024w, https:\/\/www.feman.net\/eng\/wp-content\/uploads\/2022\/10\/5-300x165.jpg 300w, https:\/\/www.feman.net\/eng\/wp-content\/uploads\/2022\/10\/5-768x421.jpg 768w, https:\/\/www.feman.net\/eng\/wp-content\/uploads\/2022\/10\/5-200x110.jpg 200w, https:\/\/www.feman.net\/eng\/wp-content\/uploads\/2022\/10\/5-1080x592.jpg 1080w, https:\/\/www.feman.net\/eng\/wp-content\/uploads\/2022\/10\/5-980x537.jpg 980w, https:\/\/www.feman.net\/eng\/wp-content\/uploads\/2022\/10\/5-480x263.jpg 480w, https:\/\/www.feman.net\/eng\/wp-content\/uploads\/2022\/10\/5-600x329.jpg 600w, https:\/\/www.feman.net\/eng\/wp-content\/uploads\/2022\/10\/5.jpg 1116w\" sizes=\"(max-width: 517px) 100vw, 517px\" \/><\/p>\n<p>&#8220;Feman&#8221; stezaljke izra\u0111ene su tako da ostvaruju izuzetno \u010dvrst spoj \u010dime je onemogu\u0107en prekid galvanske veze kao i \u010dupanje provodnika usled dejstva elektrodinami\u010dkih sila ili iznenadnih mehani\u010dkih naprezanja.<br \/>\nStezaljke su namenjene za pri\u010dvr\u0161\u0107ivanje okruglih provodnika na \u0161inu za uzemljenje ili za me\u0111usobno spajanje dva provodnika kao i za povezivanje uzemljenja stubova.<\/p>\n<table style=\"width: 82.721%; height: 138px;\">\n<tbody>\n<tr style=\"background-color: #c8e4f7;\">\n<td style=\"width: 12.4517%; text-align: center;\">Kodni broj<\/td>\n<td style=\"width: 47.2544%; text-align: center;\">Tip<\/td>\n<td style=\"width: 18.0201%; text-align: center;\">Pakovanje kom<\/td>\n<td style=\"width: 21.2684%; text-align: center;\">Te\u017eina kg\/100kom<\/td>\n<\/tr>\n<tr>\n<td style=\"width: 12.4517%; text-align: center;\">5200030<\/td>\n<td style=\"width: 47.2544%; text-align: center;\">Stezaljka za uzemljenje za \u0161inu &#8211; \u010ce<\/td>\n<td style=\"width: 18.0201%; text-align: center;\">25<\/td>\n<td style=\"width: 21.2684%; text-align: center;\">32,0<\/td>\n<\/tr>\n<tr>\n<td style=\"width: 12.4517%; text-align: center;\">5200031<\/td>\n<td style=\"width: 47.2544%; text-align: center;\">Stezaljka za uzemljenje za stub &#8211; \u010ce<\/td>\n<td style=\"width: 18.0201%; text-align: center;\">25<\/td>\n<td style=\"width: 21.2684%; text-align: center;\">30,0<\/td>\n<\/tr>\n<tr>\n<td style=\"width: 12.4517%; text-align: center;\">5200033<\/td>\n<td style=\"width: 47.2544%; text-align: center;\">Stezaljka za uzemljenje za \u0161inu &#8211; Ms<\/td>\n<td style=\"width: 18.0201%; text-align: center;\">25<\/td>\n<td style=\"width: 21.2684%; text-align: center;\">35,0<\/td>\n<\/tr>\n<tr>\n<td style=\"width: 12.4517%; text-align: center;\">5200034<\/td>\n<td style=\"width: 47.2544%; text-align: center;\">Stezaljka za uzemljenje za stub &#8211; Ms<\/td>\n<td style=\"width: 18.0201%; text-align: center;\">25<\/td>\n<td style=\"width: 21.2684%; text-align: center;\">33,0<\/td>\n<\/tr>\n<\/tbody>\n<\/table>\n<p>&nbsp;<\/p>\n<p>&nbsp;<\/p>\n","protected":false},"excerpt":{"rendered":"<p>&#8220;Feman&#8221; stezaljke izra\u0111ene su tako da ostvaruju izuzetno \u010dvrst spoj \u010dime je onemogu\u0107en prekid galvanske veze kao i \u010dupanje provodnika usled dejstva elektrodinami\u010dkih sila ili iznenadnih mehani\u010dkih naprezanja. Stezaljke su namenjene za pri\u010dvr\u0161\u0107ivanje okruglih provodnika na \u0161inu za uzemljenje ili za me\u0111usobno spajanje dva provodnika kao i za povezivanje uzemljenja stubova. Kodni broj Tip Pakovanje [&hellip;]<\/p>\n","protected":false},"featured_media":269362,"comment_status":"closed","ping_status":"closed","template":"","meta":[],"product_brand":[],"product_cat":[182],"product_tag":[],"class_list":{"0":"post-269361","1":"product","2":"type-product","3":"status-publish","4":"has-post-thumbnail","6":"product_cat-oprema-za-uzemljenje","8":"first","9":"instock","10":"shipping-taxable","11":"product-type-simple"},"_links":{"self":[{"href":"https:\/\/www.feman.net\/eng\/index.php?rest_route=\/wp\/v2\/product\/269361","targetHints":{"allow":["GET"]}}],"collection":[{"href":"https:\/\/www.feman.net\/eng\/index.php?rest_route=\/wp\/v2\/product"}],"about":[{"href":"https:\/\/www.feman.net\/eng\/index.php?rest_route=\/wp\/v2\/types\/product"}],"replies":[{"embeddable":true,"href":"https:\/\/www.feman.net\/eng\/index.php?rest_route=%2Fwp%2Fv2%2Fcomments&post=269361"}],"wp:featuredmedia":[{"embeddable":true,"href":"https:\/\/www.feman.net\/eng\/index.php?rest_route=\/wp\/v2\/media\/269362"}],"wp:attachment":[{"href":"https:\/\/www.feman.net\/eng\/index.php?rest_route=%2Fwp%2Fv2%2Fmedia&parent=269361"}],"wp:term":[{"taxonomy":"product_brand","embeddable":true,"href":"https:\/\/www.feman.net\/eng\/index.php?rest_route=%2Fwp%2Fv2%2Fproduct_brand&post=269361"},{"taxonomy":"product_cat","embeddable":true,"href":"https:\/\/www.feman.net\/eng\/index.php?rest_route=%2Fwp%2Fv2%2Fproduct_cat&post=269361"},{"taxonomy":"product_tag","embeddable":true,"href":"https:\/\/www.feman.net\/eng\/index.php?rest_route=%2Fwp%2Fv2%2Fproduct_tag&post=269361"}],"curies":[{"name":"wp","href":"https:\/\/api.w.org\/{rel}","templated":true}]}}