{"id":269367,"date":"2022-10-10T14:30:17","date_gmt":"2022-10-10T14:30:17","guid":{"rendered":"http:\/\/www.feman-jagodina.feman.co.rs\/?post_type=product&#038;p=269367"},"modified":"2022-11-23T19:39:12","modified_gmt":"2022-11-23T19:39:12","slug":"potpora-za-vodove","status":"publish","type":"product","link":"https:\/\/www.feman.net\/eng\/?product=potpora-za-vodove","title":{"rendered":"POTPORA ZA VODOVE"},"content":{"rendered":"<p><span style=\"font-family: andale mono, monospace;\"><img loading=\"lazy\" decoding=\"async\" class=\" wp-image-269368 alignnone\" src=\"http:\/\/www.feman.net\/wp-content\/uploads\/2022\/10\/9.jpg\" alt=\"\" width=\"371\" height=\"317\" srcset=\"https:\/\/www.feman.net\/eng\/wp-content\/uploads\/2022\/10\/9.jpg 540w, https:\/\/www.feman.net\/eng\/wp-content\/uploads\/2022\/10\/9-300x256.jpg 300w, https:\/\/www.feman.net\/eng\/wp-content\/uploads\/2022\/10\/9-200x171.jpg 200w, https:\/\/www.feman.net\/eng\/wp-content\/uploads\/2022\/10\/9-480x410.jpg 480w\" sizes=\"(max-width: 371px) 100vw, 371px\" \/><\/span><\/p>\n<p>Slu\u017ee za pri\u010dvr\u0161\u0107ivanje gromobranskih vodova na zgradama i drugim objektima. Univerzalna je, tj mo\u017ee se koristiti i za pljosnate i za okrugle provodnike.<br \/>\nZa\u0161tita od korozije je izvr\u0161ena galvanskim cinkovanjem, a po \u017eelji kupca radimo i toplo cinkovanje.<\/p>\n<ul>\n<li><strong>Pakovanje:\u00a0 50 kom\u00a0 <\/strong><\/li>\n<li><strong>Te\u017eina:\u00a0\u00a0\u00a0\u00a0\u00a0\u00a0\u00a0\u00a0 14 kg\/100 kom <\/strong><\/li>\n<li><strong>Kodni broj:\u00a0 5200101<\/strong><\/li>\n<\/ul>\n<p>&nbsp;<\/p>\n<p>&nbsp;<\/p>\n","protected":false},"excerpt":{"rendered":"<p>Slu\u017ee za pri\u010dvr\u0161\u0107ivanje gromobranskih vodova na zgradama i drugim objektima. Univerzalna je, tj mo\u017ee se koristiti i za pljosnate i za okrugle provodnike. Za\u0161tita od korozije je izvr\u0161ena galvanskim cinkovanjem, a po \u017eelji kupca radimo i toplo cinkovanje. Pakovanje:\u00a0 50 kom\u00a0 Te\u017eina:\u00a0\u00a0\u00a0\u00a0\u00a0\u00a0\u00a0\u00a0 14 kg\/100 kom Kodni broj:\u00a0 5200101 &nbsp; &nbsp;<\/p>\n","protected":false},"featured_media":269369,"comment_status":"closed","ping_status":"closed","template":"","meta":[],"product_brand":[],"product_cat":[182],"product_tag":[],"class_list":{"0":"post-269367","1":"product","2":"type-product","3":"status-publish","4":"has-post-thumbnail","6":"product_cat-oprema-za-uzemljenje","8":"first","9":"instock","10":"shipping-taxable","11":"product-type-simple"},"_links":{"self":[{"href":"https:\/\/www.feman.net\/eng\/index.php?rest_route=\/wp\/v2\/product\/269367","targetHints":{"allow":["GET"]}}],"collection":[{"href":"https:\/\/www.feman.net\/eng\/index.php?rest_route=\/wp\/v2\/product"}],"about":[{"href":"https:\/\/www.feman.net\/eng\/index.php?rest_route=\/wp\/v2\/types\/product"}],"replies":[{"embeddable":true,"href":"https:\/\/www.feman.net\/eng\/index.php?rest_route=%2Fwp%2Fv2%2Fcomments&post=269367"}],"wp:featuredmedia":[{"embeddable":true,"href":"https:\/\/www.feman.net\/eng\/index.php?rest_route=\/wp\/v2\/media\/269369"}],"wp:attachment":[{"href":"https:\/\/www.feman.net\/eng\/index.php?rest_route=%2Fwp%2Fv2%2Fmedia&parent=269367"}],"wp:term":[{"taxonomy":"product_brand","embeddable":true,"href":"https:\/\/www.feman.net\/eng\/index.php?rest_route=%2Fwp%2Fv2%2Fproduct_brand&post=269367"},{"taxonomy":"product_cat","embeddable":true,"href":"https:\/\/www.feman.net\/eng\/index.php?rest_route=%2Fwp%2Fv2%2Fproduct_cat&post=269367"},{"taxonomy":"product_tag","embeddable":true,"href":"https:\/\/www.feman.net\/eng\/index.php?rest_route=%2Fwp%2Fv2%2Fproduct_tag&post=269367"}],"curies":[{"name":"wp","href":"https:\/\/api.w.org\/{rel}","templated":true}]}}