{"id":2775,"date":"2015-04-04T05:37:03","date_gmt":"2015-04-04T05:37:03","guid":{"rendered":"http:\/\/feman.net\/?p=2775"},"modified":"2022-11-23T20:20:14","modified_gmt":"2022-11-23T20:20:14","slug":"sestougaona-presa-za-hilzne-frph6-025-6","status":"publish","type":"product","link":"https:\/\/www.feman.net\/eng\/?product=sestougaona-presa-za-hilzne-frph6-025-6","title":{"rendered":"\u0160ESTOUGAONA PRESA ZA HILZNE FRPH6 0,25-6"},"content":{"rendered":"<p><img loading=\"lazy\" decoding=\"async\" class=\"alignnone wp-image-267447 \" src=\"http:\/\/www.feman.net\/wp-content\/uploads\/2015\/04\/frph6-e1669234785355.png\" alt=\"\" width=\"404\" height=\"202\" srcset=\"https:\/\/www.feman.net\/eng\/wp-content\/uploads\/2015\/04\/frph6-e1669234785355.png 718w, https:\/\/www.feman.net\/eng\/wp-content\/uploads\/2015\/04\/frph6-e1669234785355-300x150.png 300w, https:\/\/www.feman.net\/eng\/wp-content\/uploads\/2015\/04\/frph6-e1669234785355-200x100.png 200w, https:\/\/www.feman.net\/eng\/wp-content\/uploads\/2015\/04\/frph6-e1669234785355-600x300.png 600w\" sizes=\"(max-width: 404px) 100vw, 404px\" \/> \u00a0\u00a0\u00a0\u00a0\u00a0\u00a0 <img loading=\"lazy\" decoding=\"async\" class=\"alignnone wp-image-267449\" src=\"http:\/\/www.feman.net\/wp-content\/uploads\/2015\/04\/frhp6.jpg\" alt=\"\" width=\"130\" height=\"141\" srcset=\"https:\/\/www.feman.net\/eng\/wp-content\/uploads\/2015\/04\/frhp6.jpg 354w, https:\/\/www.feman.net\/eng\/wp-content\/uploads\/2015\/04\/frhp6-300x324.jpg 300w\" sizes=\"(max-width: 130px) 100vw, 130px\" \/><\/p>\n<p>Koriste se za \u0161estougaono presovanje hilzni popre\u010dnog preseka od 0,2 5 do 6 mm .<\/p>\n<p>Du\u017eina: 180 mm<br \/>\nTe\u017eina: 0,38 kg<br \/>\nKodni broj: 1500022<\/p>\n<p>&nbsp;<\/p>\n<p>&nbsp;<\/p>\n<p>&nbsp;<\/p>\n<p>&nbsp;<\/p>\n<p>&nbsp;<\/p>\n<p>&nbsp;<\/p>\n<p>&nbsp;<\/p>\n<p>&nbsp;<\/p>\n<p>&nbsp;<\/p>\n<p>&nbsp;<\/p>\n<p>&nbsp;<\/p>\n<p>&nbsp;<\/p>\n<p>&nbsp;<\/p>\n","protected":false},"excerpt":{"rendered":"<p>\u00a0\u00a0\u00a0\u00a0\u00a0\u00a0 Koriste se za \u0161estougaono presovanje hilzni popre\u010dnog preseka od 0,2 5 do 6 mm . Du\u017eina: 180 mm Te\u017eina: 0,38 kg Kodni broj: 1500022 &nbsp; &nbsp; &nbsp; &nbsp; &nbsp; &nbsp; &nbsp; &nbsp; &nbsp; &nbsp; &nbsp; &nbsp; &nbsp;<\/p>\n","protected":false},"featured_media":267450,"comment_status":"closed","ping_status":"closed","template":"","meta":[],"product_brand":[],"product_cat":[216,219],"product_tag":[],"class_list":{"0":"post-2775","1":"product","2":"type-product","3":"status-publish","4":"has-post-thumbnail","6":"product_cat-alati","7":"product_cat-prese","9":"first","10":"instock","11":"shipping-taxable","12":"product-type-simple"},"_links":{"self":[{"href":"https:\/\/www.feman.net\/eng\/index.php?rest_route=\/wp\/v2\/product\/2775","targetHints":{"allow":["GET"]}}],"collection":[{"href":"https:\/\/www.feman.net\/eng\/index.php?rest_route=\/wp\/v2\/product"}],"about":[{"href":"https:\/\/www.feman.net\/eng\/index.php?rest_route=\/wp\/v2\/types\/product"}],"replies":[{"embeddable":true,"href":"https:\/\/www.feman.net\/eng\/index.php?rest_route=%2Fwp%2Fv2%2Fcomments&post=2775"}],"wp:featuredmedia":[{"embeddable":true,"href":"https:\/\/www.feman.net\/eng\/index.php?rest_route=\/wp\/v2\/media\/267450"}],"wp:attachment":[{"href":"https:\/\/www.feman.net\/eng\/index.php?rest_route=%2Fwp%2Fv2%2Fmedia&parent=2775"}],"wp:term":[{"taxonomy":"product_brand","embeddable":true,"href":"https:\/\/www.feman.net\/eng\/index.php?rest_route=%2Fwp%2Fv2%2Fproduct_brand&post=2775"},{"taxonomy":"product_cat","embeddable":true,"href":"https:\/\/www.feman.net\/eng\/index.php?rest_route=%2Fwp%2Fv2%2Fproduct_cat&post=2775"},{"taxonomy":"product_tag","embeddable":true,"href":"https:\/\/www.feman.net\/eng\/index.php?rest_route=%2Fwp%2Fv2%2Fproduct_tag&post=2775"}],"curies":[{"name":"wp","href":"https:\/\/api.w.org\/{rel}","templated":true}]}}