{"id":2801,"date":"2015-04-04T07:02:30","date_gmt":"2015-04-04T07:02:30","guid":{"rendered":"http:\/\/feman.net\/?p=2801"},"modified":"2022-11-23T20:13:20","modified_gmt":"2022-11-23T20:13:20","slug":"rucna-presa-rmk-10","status":"publish","type":"product","link":"https:\/\/www.feman.net\/eng\/?product=rucna-presa-rmk-10","title":{"rendered":"RU\u010cNA PRESA RMK-10"},"content":{"rendered":"<p><strong><img loading=\"lazy\" decoding=\"async\" class=\"alignnone wp-image-1813 \" src=\"http:\/\/www.feman.net\/wp-content\/uploads\/2015\/03\/01-32-e1669234371478.png\" alt=\"\" width=\"564\" height=\"186\" srcset=\"https:\/\/www.feman.net\/eng\/wp-content\/uploads\/2015\/03\/01-32-e1669234371478.png 845w, https:\/\/www.feman.net\/eng\/wp-content\/uploads\/2015\/03\/01-32-e1669234371478-300x99.png 300w, https:\/\/www.feman.net\/eng\/wp-content\/uploads\/2015\/03\/01-32-e1669234371478-600x198.png 600w, https:\/\/www.feman.net\/eng\/wp-content\/uploads\/2015\/03\/01-32-e1669234371478-768x254.png 768w, https:\/\/www.feman.net\/eng\/wp-content\/uploads\/2015\/03\/01-32-e1669234371478-200x66.png 200w\" sizes=\"(max-width: 564px) 100vw, 564px\" \/><\/strong><\/p>\n<p style=\"text-align: justify;\">Koristi se za presovanje izolovanih kablovskih papu\u010dica ( grupe 10,11,12,14 i 16 ) preseka 0,75-6 mm\u00b2 . Na presi postoji mogu\u0107nost regulacije sile presovanje. Tako\u0111e psotojhe\u00a0 ugra\u0111eni dodaci ya blnkrinje i se\u010denje provodnika 0,75-6 mm\u00b2 ,te je zbog toga preporu\u010dujemo za montere.<\/p>\n<ul>\n<li><strong>Du\u017eina: 215 mm<\/strong><\/li>\n<li><strong>Te\u017eina: 0,5 kg\/kom<\/strong><\/li>\n<li><strong>Kodni broj: 1500010<\/strong><\/li>\n<\/ul>\n<p>&nbsp;<\/p>\n<p>&nbsp;<\/p>\n<p>&nbsp;<\/p>\n<p>&nbsp;<\/p>\n<p>&nbsp;<\/p>\n<p>&nbsp;<\/p>\n<p>&nbsp;<\/p>\n<p>&nbsp;<\/p>\n<p>&nbsp;<\/p>\n<p>&nbsp;<\/p>\n","protected":false},"excerpt":{"rendered":"<p>Koristi se za presovanje izolovanih kablovskih papu\u010dica ( grupe 10,11,12,14 i 16 ) preseka 0,75-6 mm\u00b2 . Na presi postoji mogu\u0107nost regulacije sile presovanje. Tako\u0111e psotojhe\u00a0 ugra\u0111eni dodaci ya blnkrinje i se\u010denje provodnika 0,75-6 mm\u00b2 ,te je zbog toga preporu\u010dujemo za montere. Du\u017eina: 215 mm Te\u017eina: 0,5 kg\/kom Kodni broj: 1500010 &nbsp; &nbsp; &nbsp; &nbsp; [&hellip;]<\/p>\n","protected":false},"featured_media":0,"comment_status":"closed","ping_status":"closed","template":"","meta":[],"product_brand":[],"product_cat":[216,219],"product_tag":[],"class_list":{"0":"post-2801","1":"product","2":"type-product","3":"status-publish","5":"product_cat-alati","6":"product_cat-prese","8":"first","9":"instock","10":"shipping-taxable","11":"product-type-simple"},"_links":{"self":[{"href":"https:\/\/www.feman.net\/eng\/index.php?rest_route=\/wp\/v2\/product\/2801","targetHints":{"allow":["GET"]}}],"collection":[{"href":"https:\/\/www.feman.net\/eng\/index.php?rest_route=\/wp\/v2\/product"}],"about":[{"href":"https:\/\/www.feman.net\/eng\/index.php?rest_route=\/wp\/v2\/types\/product"}],"replies":[{"embeddable":true,"href":"https:\/\/www.feman.net\/eng\/index.php?rest_route=%2Fwp%2Fv2%2Fcomments&post=2801"}],"wp:attachment":[{"href":"https:\/\/www.feman.net\/eng\/index.php?rest_route=%2Fwp%2Fv2%2Fmedia&parent=2801"}],"wp:term":[{"taxonomy":"product_brand","embeddable":true,"href":"https:\/\/www.feman.net\/eng\/index.php?rest_route=%2Fwp%2Fv2%2Fproduct_brand&post=2801"},{"taxonomy":"product_cat","embeddable":true,"href":"https:\/\/www.feman.net\/eng\/index.php?rest_route=%2Fwp%2Fv2%2Fproduct_cat&post=2801"},{"taxonomy":"product_tag","embeddable":true,"href":"https:\/\/www.feman.net\/eng\/index.php?rest_route=%2Fwp%2Fv2%2Fproduct_tag&post=2801"}],"curies":[{"name":"wp","href":"https:\/\/api.w.org\/{rel}","templated":true}]}}