{"id":2810,"date":"2015-04-04T07:22:01","date_gmt":"2015-04-04T07:22:01","guid":{"rendered":"http:\/\/feman.net\/?p=2810"},"modified":"2022-11-23T20:12:16","modified_gmt":"2022-11-23T20:12:16","slug":"rucna-presa-frc-102","status":"publish","type":"product","link":"https:\/\/www.feman.net\/eng\/?product=rucna-presa-frc-102","title":{"rendered":"RU\u010cNA PRESA FRC-102"},"content":{"rendered":"<p><img loading=\"lazy\" decoding=\"async\" class=\"alignnone wp-image-267464 \" src=\"http:\/\/www.feman.net\/wp-content\/uploads\/2015\/04\/1-FRC-102-e1669234282325.png\" alt=\"\" width=\"528\" height=\"162\" srcset=\"https:\/\/www.feman.net\/eng\/wp-content\/uploads\/2015\/04\/1-FRC-102-e1669234282325.png 811w, https:\/\/www.feman.net\/eng\/wp-content\/uploads\/2015\/04\/1-FRC-102-e1669234282325-300x92.png 300w, https:\/\/www.feman.net\/eng\/wp-content\/uploads\/2015\/04\/1-FRC-102-e1669234282325-768x236.png 768w, https:\/\/www.feman.net\/eng\/wp-content\/uploads\/2015\/04\/1-FRC-102-e1669234282325-200x61.png 200w, https:\/\/www.feman.net\/eng\/wp-content\/uploads\/2015\/04\/1-FRC-102-e1669234282325-600x184.png 600w\" sizes=\"(max-width: 528px) 100vw, 528px\" \/> \u00a0\u00a0\u00a0\u00a0 <img loading=\"lazy\" decoding=\"async\" class=\"alignnone wp-image-267465\" src=\"http:\/\/www.feman.net\/wp-content\/uploads\/2015\/04\/2-FRC-102.jpg\" alt=\"\" width=\"157\" height=\"129\" srcset=\"https:\/\/www.feman.net\/eng\/wp-content\/uploads\/2015\/04\/2-FRC-102.jpg 329w, https:\/\/www.feman.net\/eng\/wp-content\/uploads\/2015\/04\/2-FRC-102-300x246.jpg 300w\" sizes=\"(max-width: 157px) 100vw, 157px\" \/><\/p>\n<p>Hobi univerzalna presa se koristi za presovanje izolovanih papu\u010dica 0,75-6 mm\u00b2 blankiranje i se\u010denje provodnika 0,75-6 mm\u00b2 i za se\u010denje vijaka.<\/p>\n<p>Du\u017eina: 200m<br \/>\nTe\u017eina: 0,2 kg\/kom<br \/>\nKodni broj: 1500102<\/p>\n","protected":false},"excerpt":{"rendered":"<p>\u00a0\u00a0\u00a0\u00a0 Hobi univerzalna presa se koristi za presovanje izolovanih papu\u010dica 0,75-6 mm\u00b2 blankiranje i se\u010denje provodnika 0,75-6 mm\u00b2 i za se\u010denje vijaka. Du\u017eina: 200m Te\u017eina: 0,2 kg\/kom Kodni broj: 1500102<\/p>\n","protected":false},"featured_media":267466,"comment_status":"closed","ping_status":"closed","template":"","meta":[],"product_brand":[],"product_cat":[216,219],"product_tag":[],"class_list":{"0":"post-2810","1":"product","2":"type-product","3":"status-publish","4":"has-post-thumbnail","6":"product_cat-alati","7":"product_cat-prese","9":"first","10":"instock","11":"shipping-taxable","12":"product-type-simple"},"_links":{"self":[{"href":"https:\/\/www.feman.net\/eng\/index.php?rest_route=\/wp\/v2\/product\/2810","targetHints":{"allow":["GET"]}}],"collection":[{"href":"https:\/\/www.feman.net\/eng\/index.php?rest_route=\/wp\/v2\/product"}],"about":[{"href":"https:\/\/www.feman.net\/eng\/index.php?rest_route=\/wp\/v2\/types\/product"}],"replies":[{"embeddable":true,"href":"https:\/\/www.feman.net\/eng\/index.php?rest_route=%2Fwp%2Fv2%2Fcomments&post=2810"}],"wp:featuredmedia":[{"embeddable":true,"href":"https:\/\/www.feman.net\/eng\/index.php?rest_route=\/wp\/v2\/media\/267466"}],"wp:attachment":[{"href":"https:\/\/www.feman.net\/eng\/index.php?rest_route=%2Fwp%2Fv2%2Fmedia&parent=2810"}],"wp:term":[{"taxonomy":"product_brand","embeddable":true,"href":"https:\/\/www.feman.net\/eng\/index.php?rest_route=%2Fwp%2Fv2%2Fproduct_brand&post=2810"},{"taxonomy":"product_cat","embeddable":true,"href":"https:\/\/www.feman.net\/eng\/index.php?rest_route=%2Fwp%2Fv2%2Fproduct_cat&post=2810"},{"taxonomy":"product_tag","embeddable":true,"href":"https:\/\/www.feman.net\/eng\/index.php?rest_route=%2Fwp%2Fv2%2Fproduct_tag&post=2810"}],"curies":[{"name":"wp","href":"https:\/\/api.w.org\/{rel}","templated":true}]}}