{"id":2813,"date":"2015-04-04T07:24:47","date_gmt":"2015-04-04T07:24:47","guid":{"rendered":"http:\/\/feman.net\/?p=2813"},"modified":"2022-11-23T20:56:11","modified_gmt":"2022-11-23T20:56:11","slug":"makaze-za-secenje-kabla-flk-325-a","status":"publish","type":"product","link":"https:\/\/www.feman.net\/eng\/?product=makaze-za-secenje-kabla-flk-325-a","title":{"rendered":"MAKAZE ZA SE\u010cENJE KABLA FLK-325 A"},"content":{"rendered":"<p><img loading=\"lazy\" decoding=\"async\" class=\"alignnone wp-image-267469 \" src=\"http:\/\/www.feman.net\/wp-content\/uploads\/2015\/04\/1-FLK-325-A-e1669230061270.png\" alt=\"\" width=\"480\" height=\"195\" srcset=\"https:\/\/www.feman.net\/eng\/wp-content\/uploads\/2015\/04\/1-FLK-325-A-e1669230061270.png 825w, https:\/\/www.feman.net\/eng\/wp-content\/uploads\/2015\/04\/1-FLK-325-A-e1669230061270-300x122.png 300w, https:\/\/www.feman.net\/eng\/wp-content\/uploads\/2015\/04\/1-FLK-325-A-e1669230061270-768x312.png 768w, https:\/\/www.feman.net\/eng\/wp-content\/uploads\/2015\/04\/1-FLK-325-A-e1669230061270-200x81.png 200w, https:\/\/www.feman.net\/eng\/wp-content\/uploads\/2015\/04\/1-FLK-325-A-e1669230061270-600x244.png 600w\" sizes=\"(max-width: 480px) 100vw, 480px\" \/> \u00a0\u00a0\u00a0\u00a0 <img loading=\"lazy\" decoding=\"async\" class=\"alignnone wp-image-267470\" src=\"http:\/\/www.feman.net\/wp-content\/uploads\/2015\/04\/2-FLK-325-A.jpg\" alt=\"\" width=\"128\" height=\"101\" srcset=\"https:\/\/www.feman.net\/eng\/wp-content\/uploads\/2015\/04\/2-FLK-325-A.jpg 349w, https:\/\/www.feman.net\/eng\/wp-content\/uploads\/2015\/04\/2-FLK-325-A-300x236.jpg 300w\" sizes=\"(max-width: 128px) 100vw, 128px\" \/><\/p>\n<p>Koriste se za se\u010denje Al i Cu provodnika bez \u010deli\u010dnog pla\u0161ta do 185 mm\u00b2.<\/p>\n<p>Du\u017eina:\u00a0\u00a0 265 mm<br \/>\nTe\u017eina:\u00a0\u00a0 0,63 kg\/kom<br \/>\nKodni broj:\u00a0\u00a0\u00a0 1510325<strong><br \/>\n<\/strong><\/p>\n<p>&nbsp;<\/p>\n<p>&nbsp;<\/p>\n<p>&nbsp;<\/p>\n<p>&nbsp;<\/p>\n<p>&nbsp;<\/p>\n<p>&nbsp;<\/p>\n<p>&nbsp;<\/p>\n<p>&nbsp;<\/p>\n<p>&nbsp;<\/p>\n<p>&nbsp;<\/p>\n<p>&nbsp;<\/p>\n<p>&nbsp;<\/p>\n","protected":false},"excerpt":{"rendered":"<p>\u00a0\u00a0\u00a0\u00a0 Koriste se za se\u010denje Al i Cu provodnika bez \u010deli\u010dnog pla\u0161ta do 185 mm\u00b2. Du\u017eina:\u00a0\u00a0 265 mm Te\u017eina:\u00a0\u00a0 0,63 kg\/kom Kodni broj:\u00a0\u00a0\u00a0 1510325 &nbsp; &nbsp; &nbsp; &nbsp; &nbsp; &nbsp; &nbsp; &nbsp; &nbsp; &nbsp; &nbsp; &nbsp;<\/p>\n","protected":false},"featured_media":268912,"comment_status":"closed","ping_status":"closed","template":"","meta":[],"product_brand":[],"product_cat":[216,218,178],"product_tag":[],"class_list":{"0":"post-2813","1":"product","2":"type-product","3":"status-publish","4":"has-post-thumbnail","6":"product_cat-alati","7":"product_cat-makaze","8":"product_cat-ostala-oprema-za-nn-sks","10":"first","11":"instock","12":"shipping-taxable","13":"product-type-simple"},"_links":{"self":[{"href":"https:\/\/www.feman.net\/eng\/index.php?rest_route=\/wp\/v2\/product\/2813","targetHints":{"allow":["GET"]}}],"collection":[{"href":"https:\/\/www.feman.net\/eng\/index.php?rest_route=\/wp\/v2\/product"}],"about":[{"href":"https:\/\/www.feman.net\/eng\/index.php?rest_route=\/wp\/v2\/types\/product"}],"replies":[{"embeddable":true,"href":"https:\/\/www.feman.net\/eng\/index.php?rest_route=%2Fwp%2Fv2%2Fcomments&post=2813"}],"wp:featuredmedia":[{"embeddable":true,"href":"https:\/\/www.feman.net\/eng\/index.php?rest_route=\/wp\/v2\/media\/268912"}],"wp:attachment":[{"href":"https:\/\/www.feman.net\/eng\/index.php?rest_route=%2Fwp%2Fv2%2Fmedia&parent=2813"}],"wp:term":[{"taxonomy":"product_brand","embeddable":true,"href":"https:\/\/www.feman.net\/eng\/index.php?rest_route=%2Fwp%2Fv2%2Fproduct_brand&post=2813"},{"taxonomy":"product_cat","embeddable":true,"href":"https:\/\/www.feman.net\/eng\/index.php?rest_route=%2Fwp%2Fv2%2Fproduct_cat&post=2813"},{"taxonomy":"product_tag","embeddable":true,"href":"https:\/\/www.feman.net\/eng\/index.php?rest_route=%2Fwp%2Fv2%2Fproduct_tag&post=2813"}],"curies":[{"name":"wp","href":"https:\/\/api.w.org\/{rel}","templated":true}]}}