{"id":2865,"date":"2015-04-04T08:16:02","date_gmt":"2015-04-04T08:16:02","guid":{"rendered":"http:\/\/feman.net\/?p=2865"},"modified":"2022-11-23T20:50:21","modified_gmt":"2022-11-23T20:50:21","slug":"univerzalna-klesta-za-plombiranje","status":"publish","type":"product","link":"https:\/\/www.feman.net\/eng\/?product=univerzalna-klesta-za-plombiranje","title":{"rendered":"UNIVERZALNA KLE\u0160TA ZA PLOMBIRANJE"},"content":{"rendered":"<p><a href=\"http:\/\/www.feman.net\/wp-content\/uploads\/2015\/03\/06-31.png\"><img loading=\"lazy\" decoding=\"async\" class=\"wp-image-1852  alignnone\" src=\"http:\/\/www.feman.net\/wp-content\/uploads\/2015\/03\/06-31-300x261.png\" alt=\"UNIVERZALNA KLE\u0160TA ZA PLOMBIRANJE\" width=\"199\" height=\"173\" srcset=\"https:\/\/www.feman.net\/eng\/wp-content\/uploads\/2015\/03\/06-31-300x261.png 300w, https:\/\/www.feman.net\/eng\/wp-content\/uploads\/2015\/03\/06-31-600x522.png 600w, https:\/\/www.feman.net\/eng\/wp-content\/uploads\/2015\/03\/06-31-150x130.png 150w, https:\/\/www.feman.net\/eng\/wp-content\/uploads\/2015\/03\/06-31.png 606w\" sizes=\"(max-width: 199px) 100vw, 199px\" \/><\/a><\/p>\n<p>Koriste se za za\u0161titu ( plombiranje ) mernih grupa, a tako\u0111e i na svim drugim mestima gde je potrebno za\u0161titi ure\u0111aje od neovla\u0161\u0107eng otvaranja.<\/p>\n<p>Du\u017eina: 175 mm<br \/>\nTe\u017eina: 0,46 kg\/kom<br \/>\nKodni broj: 1500300<\/p>\n<p>&nbsp;<\/p>\n<p>&nbsp;<\/p>\n<p>&nbsp;<\/p>\n<p>&nbsp;<\/p>\n<p>&nbsp;<\/p>\n<p>&nbsp;<\/p>\n<p>&nbsp;<\/p>\n<p>&nbsp;<\/p>\n<p>&nbsp;<\/p>\n<p>&nbsp;<\/p>\n","protected":false},"excerpt":{"rendered":"<p>Koriste se za za\u0161titu ( plombiranje ) mernih grupa, a tako\u0111e i na svim drugim mestima gde je potrebno za\u0161titi ure\u0111aje od neovla\u0161\u0107eng otvaranja. Du\u017eina: 175 mm Te\u017eina: 0,46 kg\/kom Kodni broj: 1500300 &nbsp; &nbsp; &nbsp; &nbsp; &nbsp; &nbsp; &nbsp; &nbsp; &nbsp; &nbsp;<\/p>\n","protected":false},"featured_media":267525,"comment_status":"closed","ping_status":"closed","template":"","meta":[],"product_brand":[],"product_cat":[216,222],"product_tag":[],"class_list":{"0":"post-2865","1":"product","2":"type-product","3":"status-publish","4":"has-post-thumbnail","6":"product_cat-alati","7":"product_cat-alati-ostalo","9":"first","10":"instock","11":"shipping-taxable","12":"product-type-simple"},"_links":{"self":[{"href":"https:\/\/www.feman.net\/eng\/index.php?rest_route=\/wp\/v2\/product\/2865","targetHints":{"allow":["GET"]}}],"collection":[{"href":"https:\/\/www.feman.net\/eng\/index.php?rest_route=\/wp\/v2\/product"}],"about":[{"href":"https:\/\/www.feman.net\/eng\/index.php?rest_route=\/wp\/v2\/types\/product"}],"replies":[{"embeddable":true,"href":"https:\/\/www.feman.net\/eng\/index.php?rest_route=%2Fwp%2Fv2%2Fcomments&post=2865"}],"wp:featuredmedia":[{"embeddable":true,"href":"https:\/\/www.feman.net\/eng\/index.php?rest_route=\/wp\/v2\/media\/267525"}],"wp:attachment":[{"href":"https:\/\/www.feman.net\/eng\/index.php?rest_route=%2Fwp%2Fv2%2Fmedia&parent=2865"}],"wp:term":[{"taxonomy":"product_brand","embeddable":true,"href":"https:\/\/www.feman.net\/eng\/index.php?rest_route=%2Fwp%2Fv2%2Fproduct_brand&post=2865"},{"taxonomy":"product_cat","embeddable":true,"href":"https:\/\/www.feman.net\/eng\/index.php?rest_route=%2Fwp%2Fv2%2Fproduct_cat&post=2865"},{"taxonomy":"product_tag","embeddable":true,"href":"https:\/\/www.feman.net\/eng\/index.php?rest_route=%2Fwp%2Fv2%2Fproduct_tag&post=2865"}],"curies":[{"name":"wp","href":"https:\/\/api.w.org\/{rel}","templated":true}]}}