{"id":2873,"date":"2015-04-04T08:22:24","date_gmt":"2015-04-04T08:22:24","guid":{"rendered":"http:\/\/feman.net\/?p=2873"},"modified":"2022-06-14T20:13:51","modified_gmt":"2022-06-14T20:13:51","slug":"rucne-makaze-za-secenje-betonskog-gvozda-fma-800","status":"publish","type":"product","link":"https:\/\/www.feman.net\/eng\/?product=rucne-makaze-za-secenje-betonskog-gvozda-fma-800","title":{"rendered":"RU\u010cNE MAKAZE ZA SE\u010cENJE BETONSKOG GVOZ\u0110A FMA-800"},"content":{"rendered":"<p>Makaze se primenjuju u gra\u0111evinarstvu, a namenjene su za se\u010denje \u017eice za armaturu. lzra\u0111ene su od vrlo kvalitetnog \u010delika sa no\u017eevima prilago\u0111enim da se mogu okretati \u0161to znatno produ\u017eava vek trajanja makaza. Makaze su predvi\u0111ene za se\u010denje meke \u017eice do pre\u010dnika \u00d810, a tvrde \u017eice do pre\u010dnika \u00d88.<\/p>\n<p><strong>Duzina: 900 mm<br \/>\n<\/strong><strong>Teiina: 5.3 kg<br \/>\n<\/strong><strong>Kodni broj 1800800<\/strong><\/p>\n<p><img loading=\"lazy\" decoding=\"async\" class=\"alignnone wp-image-267556\" src=\"http:\/\/www.feman.net\/wp-content\/uploads\/2015\/04\/1-FMA800-919x1024.png\" alt=\"\" width=\"457\" height=\"509\" srcset=\"https:\/\/www.feman.net\/eng\/wp-content\/uploads\/2015\/04\/1-FMA800-919x1024.png 919w, https:\/\/www.feman.net\/eng\/wp-content\/uploads\/2015\/04\/1-FMA800-300x334.png 300w, https:\/\/www.feman.net\/eng\/wp-content\/uploads\/2015\/04\/1-FMA800-768x855.png 768w, https:\/\/www.feman.net\/eng\/wp-content\/uploads\/2015\/04\/1-FMA800-1080x1203.png 1080w, https:\/\/www.feman.net\/eng\/wp-content\/uploads\/2015\/04\/1-FMA800-980x1092.png 980w, https:\/\/www.feman.net\/eng\/wp-content\/uploads\/2015\/04\/1-FMA800-480x535.png 480w, https:\/\/www.feman.net\/eng\/wp-content\/uploads\/2015\/04\/1-FMA800-600x668.png 600w, https:\/\/www.feman.net\/eng\/wp-content\/uploads\/2015\/04\/1-FMA800.png 1185w\" sizes=\"(max-width: 457px) 100vw, 457px\" \/><\/p>\n<p>&nbsp;<\/p>\n<p>&nbsp;<\/p>\n<p>&nbsp;<\/p>\n<p>&nbsp;<\/p>\n<p>&nbsp;<\/p>\n<p>&nbsp;<\/p>\n<p>&nbsp;<\/p>\n<p>&nbsp;<\/p>\n","protected":false},"excerpt":{"rendered":"<p>Makaze se primenjuju u gra\u0111evinarstvu, a namenjene su za se\u010denje \u017eice za armaturu. lzra\u0111ene su od vrlo kvalitetnog \u010delika sa no\u017eevima prilago\u0111enim da se mogu okretati \u0161to znatno produ\u017eava vek trajanja makaza. Makaze su predvi\u0111ene za se\u010denje meke \u017eice do pre\u010dnika \u00d810, a tvrde \u017eice do pre\u010dnika \u00d88. Duzina: 900 mm Teiina: 5.3 kg Kodni [&hellip;]<\/p>\n","protected":false},"featured_media":267558,"comment_status":"closed","ping_status":"closed","template":"","meta":[],"product_brand":[],"product_cat":[216,218],"product_tag":[],"class_list":{"0":"post-2873","1":"product","2":"type-product","3":"status-publish","4":"has-post-thumbnail","6":"product_cat-alati","7":"product_cat-makaze","9":"first","10":"instock","11":"shipping-taxable","12":"product-type-simple"},"_links":{"self":[{"href":"https:\/\/www.feman.net\/eng\/index.php?rest_route=\/wp\/v2\/product\/2873","targetHints":{"allow":["GET"]}}],"collection":[{"href":"https:\/\/www.feman.net\/eng\/index.php?rest_route=\/wp\/v2\/product"}],"about":[{"href":"https:\/\/www.feman.net\/eng\/index.php?rest_route=\/wp\/v2\/types\/product"}],"replies":[{"embeddable":true,"href":"https:\/\/www.feman.net\/eng\/index.php?rest_route=%2Fwp%2Fv2%2Fcomments&post=2873"}],"wp:featuredmedia":[{"embeddable":true,"href":"https:\/\/www.feman.net\/eng\/index.php?rest_route=\/wp\/v2\/media\/267558"}],"wp:attachment":[{"href":"https:\/\/www.feman.net\/eng\/index.php?rest_route=%2Fwp%2Fv2%2Fmedia&parent=2873"}],"wp:term":[{"taxonomy":"product_brand","embeddable":true,"href":"https:\/\/www.feman.net\/eng\/index.php?rest_route=%2Fwp%2Fv2%2Fproduct_brand&post=2873"},{"taxonomy":"product_cat","embeddable":true,"href":"https:\/\/www.feman.net\/eng\/index.php?rest_route=%2Fwp%2Fv2%2Fproduct_cat&post=2873"},{"taxonomy":"product_tag","embeddable":true,"href":"https:\/\/www.feman.net\/eng\/index.php?rest_route=%2Fwp%2Fv2%2Fproduct_tag&post=2873"}],"curies":[{"name":"wp","href":"https:\/\/api.w.org\/{rel}","templated":true}]}}