{"id":2903,"date":"2015-04-04T11:28:53","date_gmt":"2015-04-04T11:28:53","guid":{"rendered":"http:\/\/feman.net\/?p=2903"},"modified":"2022-11-23T20:02:44","modified_gmt":"2022-11-23T20:02:44","slug":"rucna-hidraulicna-presa-ftp-300","status":"publish","type":"product","link":"https:\/\/www.feman.net\/eng\/?product=rucna-hidraulicna-presa-ftp-300","title":{"rendered":"RU\u010cNA HIDRAULI\u010cNA PRESA FTP-300"},"content":{"rendered":"<p><img loading=\"lazy\" decoding=\"async\" class=\"alignnone wp-image-267431 \" src=\"http:\/\/www.feman.net\/wp-content\/uploads\/2015\/04\/1-RUC-HID-FTP300-e1669233691605-1024x323.png\" alt=\"\" width=\"447\" height=\"141\" srcset=\"https:\/\/www.feman.net\/eng\/wp-content\/uploads\/2015\/04\/1-RUC-HID-FTP300-e1669233691605-1024x323.png 1024w, https:\/\/www.feman.net\/eng\/wp-content\/uploads\/2015\/04\/1-RUC-HID-FTP300-e1669233691605-300x95.png 300w, https:\/\/www.feman.net\/eng\/wp-content\/uploads\/2015\/04\/1-RUC-HID-FTP300-e1669233691605-768x242.png 768w, https:\/\/www.feman.net\/eng\/wp-content\/uploads\/2015\/04\/1-RUC-HID-FTP300-e1669233691605-200x63.png 200w, https:\/\/www.feman.net\/eng\/wp-content\/uploads\/2015\/04\/1-RUC-HID-FTP300-e1669233691605-1080x341.png 1080w, https:\/\/www.feman.net\/eng\/wp-content\/uploads\/2015\/04\/1-RUC-HID-FTP300-e1669233691605-600x189.png 600w, https:\/\/www.feman.net\/eng\/wp-content\/uploads\/2015\/04\/1-RUC-HID-FTP300-e1669233691605.png 1530w\" sizes=\"(max-width: 447px) 100vw, 447px\" \/> \u00a0\u00a0\u00a0\u00a0\u00a0\u00a0 <img loading=\"lazy\" decoding=\"async\" class=\"alignnone wp-image-267433\" src=\"http:\/\/www.feman.net\/wp-content\/uploads\/2015\/04\/FTP-300.jpg\" alt=\"\" width=\"159\" height=\"139\" srcset=\"https:\/\/www.feman.net\/eng\/wp-content\/uploads\/2015\/04\/FTP-300.jpg 470w, https:\/\/www.feman.net\/eng\/wp-content\/uploads\/2015\/04\/FTP-300-300x262.jpg 300w\" sizes=\"(max-width: 159px) 100vw, 159px\" \/> \u00a0\u00a0\u00a0\u00a0 <img loading=\"lazy\" decoding=\"async\" class=\"alignnone wp-image-267432\" src=\"http:\/\/www.feman.net\/wp-content\/uploads\/2015\/04\/2-RUC-HID-FTP300.png\" alt=\"\" width=\"396\" height=\"215\" srcset=\"https:\/\/www.feman.net\/eng\/wp-content\/uploads\/2015\/04\/2-RUC-HID-FTP300.png 842w, https:\/\/www.feman.net\/eng\/wp-content\/uploads\/2015\/04\/2-RUC-HID-FTP300-300x163.png 300w, https:\/\/www.feman.net\/eng\/wp-content\/uploads\/2015\/04\/2-RUC-HID-FTP300-768x417.png 768w, https:\/\/www.feman.net\/eng\/wp-content\/uploads\/2015\/04\/2-RUC-HID-FTP300-480x261.png 480w, https:\/\/www.feman.net\/eng\/wp-content\/uploads\/2015\/04\/2-RUC-HID-FTP300-600x326.png 600w\" sizes=\"(max-width: 396px) 100vw, 396px\" \/><\/p>\n<p>Namenjena je za ubodno presovanje Al i Cu spojnog pribora. Radi u svakom polo\u017eaju. Koristi izmenljive umetke za preseke od 16 do 300 mm\u00b2.Ostvaruje pritisak 20 t.<\/p>\n<p><strong>Du\u017eina prese: 700 mm<\/strong><br \/>\n<strong>Te\u017eina prese: 5,5 kg<\/strong><br \/>\n<strong>Kodni broj prese FTP-300 : 1870312<\/strong><br \/>\n<strong>Kodni broj kofera: 1870315<\/strong><\/p>\n<table style=\"height: 52px; width: 90.9009%;\" width=\"566\">\n<tbody>\n<tr style=\"background-color: #ffe9d9;\">\n<td style=\"text-align: center; width: 98.4014%;\" colspan=\"3\"><strong>UMETCI ZA RU\u010cNU HIDRAULI\u010cNU PRESU FTP-300<\/strong><\/td>\n<\/tr>\n<tr style=\"background-color: #ffe9d9;\">\n<td style=\"text-align: center; width: 15.9858%;\">Kodni broj<\/td>\n<td style=\"text-align: center; width: 49.9112%;\">Za presovanje Cu zavr\u0161etaka mm\u00b2<\/td>\n<td style=\"text-align: center; width: 32.5044%;\">Za rpesovanje Al mm\u00b2<\/td>\n<\/tr>\n<tr>\n<td style=\"text-align: center; width: 15.9858%;\">1870320<\/td>\n<td style=\"text-align: center; width: 49.9112%;\">6-35<\/td>\n<td style=\"text-align: center; width: 32.5044%;\">10-16<\/td>\n<\/tr>\n<tr>\n<td style=\"text-align: center; width: 15.9858%;\">1870330<\/td>\n<td style=\"text-align: center; width: 49.9112%;\">50-70<\/td>\n<td style=\"text-align: center; width: 32.5044%;\">25-50<\/td>\n<\/tr>\n<tr>\n<td style=\"text-align: center; width: 15.9858%;\">1870340<\/td>\n<td style=\"text-align: center; width: 49.9112%;\">95-185<\/td>\n<td style=\"text-align: center; width: 32.5044%;\">70-120<\/td>\n<\/tr>\n<tr>\n<td style=\"text-align: center; width: 15.9858%;\">1870350<\/td>\n<td style=\"text-align: center; width: 49.9112%;\">240-300<\/td>\n<td style=\"text-align: center; width: 32.5044%;\">150-240<\/td>\n<\/tr>\n<\/tbody>\n<\/table>\n<p>&nbsp;<\/p>\n","protected":false},"excerpt":{"rendered":"<p>\u00a0\u00a0\u00a0\u00a0\u00a0\u00a0 \u00a0\u00a0\u00a0\u00a0 Namenjena je za ubodno presovanje Al i Cu spojnog pribora. Radi u svakom polo\u017eaju. Koristi izmenljive umetke za preseke od 16 do 300 mm\u00b2.Ostvaruje pritisak 20 t. Du\u017eina prese: 700 mm Te\u017eina prese: 5,5 kg Kodni broj prese FTP-300 : 1870312 Kodni broj kofera: 1870315 UMETCI ZA RU\u010cNU HIDRAULI\u010cNU PRESU FTP-300 Kodni broj [&hellip;]<\/p>\n","protected":false},"featured_media":267434,"comment_status":"closed","ping_status":"closed","template":"","meta":[],"product_brand":[],"product_cat":[219],"product_tag":[],"class_list":{"0":"post-2903","1":"product","2":"type-product","3":"status-publish","4":"has-post-thumbnail","6":"product_cat-prese","8":"first","9":"instock","10":"shipping-taxable","11":"product-type-simple"},"_links":{"self":[{"href":"https:\/\/www.feman.net\/eng\/index.php?rest_route=\/wp\/v2\/product\/2903","targetHints":{"allow":["GET"]}}],"collection":[{"href":"https:\/\/www.feman.net\/eng\/index.php?rest_route=\/wp\/v2\/product"}],"about":[{"href":"https:\/\/www.feman.net\/eng\/index.php?rest_route=\/wp\/v2\/types\/product"}],"replies":[{"embeddable":true,"href":"https:\/\/www.feman.net\/eng\/index.php?rest_route=%2Fwp%2Fv2%2Fcomments&post=2903"}],"wp:featuredmedia":[{"embeddable":true,"href":"https:\/\/www.feman.net\/eng\/index.php?rest_route=\/wp\/v2\/media\/267434"}],"wp:attachment":[{"href":"https:\/\/www.feman.net\/eng\/index.php?rest_route=%2Fwp%2Fv2%2Fmedia&parent=2903"}],"wp:term":[{"taxonomy":"product_brand","embeddable":true,"href":"https:\/\/www.feman.net\/eng\/index.php?rest_route=%2Fwp%2Fv2%2Fproduct_brand&post=2903"},{"taxonomy":"product_cat","embeddable":true,"href":"https:\/\/www.feman.net\/eng\/index.php?rest_route=%2Fwp%2Fv2%2Fproduct_cat&post=2903"},{"taxonomy":"product_tag","embeddable":true,"href":"https:\/\/www.feman.net\/eng\/index.php?rest_route=%2Fwp%2Fv2%2Fproduct_tag&post=2903"}],"curies":[{"name":"wp","href":"https:\/\/api.w.org\/{rel}","templated":true}]}}