{"id":2905,"date":"2015-04-04T11:39:52","date_gmt":"2015-04-04T11:39:52","guid":{"rendered":"http:\/\/feman.net\/?p=2905"},"modified":"2022-11-23T20:03:05","modified_gmt":"2022-11-23T20:03:05","slug":"rucna-hidraulicna-presa-frhp-300","status":"publish","type":"product","link":"https:\/\/www.feman.net\/eng\/?product=rucna-hidraulicna-presa-frhp-300","title":{"rendered":"RUCNA HIDRAULICNA PRESA FRHP-300"},"content":{"rendered":"<p style=\"text-align: left;\"><a href=\"http:\/\/www.feman.net\/wp-content\/uploads\/2015\/03\/12-24.png\"><img loading=\"lazy\" decoding=\"async\" class=\"wp-image-1879 alignleft\" src=\"http:\/\/www.feman.net\/wp-content\/uploads\/2015\/03\/12-24-437x1024.png\" alt=\"RUCNA HIDRAULICNA PRESA FRHP-300\" width=\"172\" height=\"403\" srcset=\"https:\/\/www.feman.net\/eng\/wp-content\/uploads\/2015\/03\/12-24-437x1024.png 437w, https:\/\/www.feman.net\/eng\/wp-content\/uploads\/2015\/03\/12-24-300x704.png 300w, https:\/\/www.feman.net\/eng\/wp-content\/uploads\/2015\/03\/12-24-600x1407.png 600w, https:\/\/www.feman.net\/eng\/wp-content\/uploads\/2015\/03\/12-24-128x300.png 128w, https:\/\/www.feman.net\/eng\/wp-content\/uploads\/2015\/03\/12-24-150x352.png 150w, https:\/\/www.feman.net\/eng\/wp-content\/uploads\/2015\/03\/12-24.png 736w\" sizes=\"(max-width: 172px) 100vw, 172px\" \/><\/a><\/p>\n<p>&nbsp;<\/p>\n<p>&nbsp;<\/p>\n<p><a href=\"http:\/\/www.feman.net\/wp-content\/uploads\/2015\/03\/12-14.png\"><img loading=\"lazy\" decoding=\"async\" class=\"alignnone wp-image-1878 \" src=\"http:\/\/www.feman.net\/wp-content\/uploads\/2015\/03\/12-14-300x224.png\" alt=\"RUCNA HIDRAULICNA PRESA FRHP-300\" width=\"305\" height=\"228\" srcset=\"https:\/\/www.feman.net\/eng\/wp-content\/uploads\/2015\/03\/12-14-300x224.png 300w, https:\/\/www.feman.net\/eng\/wp-content\/uploads\/2015\/03\/12-14-600x447.png 600w, https:\/\/www.feman.net\/eng\/wp-content\/uploads\/2015\/03\/12-14-150x112.png 150w, https:\/\/www.feman.net\/eng\/wp-content\/uploads\/2015\/03\/12-14.png 800w\" sizes=\"(max-width: 305px) 100vw, 305px\" \/><\/a><\/p>\n<p style=\"text-align: justify;\">Kompaktna presa sa ugra\u0111enom hidrauli\u010dnom pumpom visokog pritiska 700 bar-a. Koristi se za presovanje kablovskog pribora za Cu provodnike 10-300mm, i Al provodnike 10-240 mm, zarezne spojnice, oblika\u010de sektorkog kabla i FID \u010daure. Glava prese je okretna za 3600 stepeni \u0161to omogu\u0107ava presovanje u svim polo\u017eajima. Presa i umetci se poru\u010duju posebno i sme\u0161teni su u odgovaraju\u0107i kofer.<\/p>\n<p>Du\u017eina: 480mm<br \/>\nTe\u017eina: 3.3kg<br \/>\nKodni broj: 1870291<\/p>\n<p>&nbsp;<\/p>\n","protected":false},"excerpt":{"rendered":"<p>&nbsp; &nbsp; Kompaktna presa sa ugra\u0111enom hidrauli\u010dnom pumpom visokog pritiska 700 bar-a. Koristi se za presovanje kablovskog pribora za Cu provodnike 10-300mm, i Al provodnike 10-240 mm, zarezne spojnice, oblika\u010de sektorkog kabla i FID \u010daure. Glava prese je okretna za 3600 stepeni \u0161to omogu\u0107ava presovanje u svim polo\u017eajima. Presa i umetci se poru\u010duju posebno i [&hellip;]<\/p>\n","protected":false},"featured_media":268927,"comment_status":"closed","ping_status":"closed","template":"","meta":[],"product_brand":[],"product_cat":[178,219],"product_tag":[],"class_list":{"0":"post-2905","1":"product","2":"type-product","3":"status-publish","4":"has-post-thumbnail","6":"product_cat-ostala-oprema-za-nn-sks","7":"product_cat-prese","9":"first","10":"instock","11":"shipping-taxable","12":"product-type-simple"},"_links":{"self":[{"href":"https:\/\/www.feman.net\/eng\/index.php?rest_route=\/wp\/v2\/product\/2905","targetHints":{"allow":["GET"]}}],"collection":[{"href":"https:\/\/www.feman.net\/eng\/index.php?rest_route=\/wp\/v2\/product"}],"about":[{"href":"https:\/\/www.feman.net\/eng\/index.php?rest_route=\/wp\/v2\/types\/product"}],"replies":[{"embeddable":true,"href":"https:\/\/www.feman.net\/eng\/index.php?rest_route=%2Fwp%2Fv2%2Fcomments&post=2905"}],"wp:featuredmedia":[{"embeddable":true,"href":"https:\/\/www.feman.net\/eng\/index.php?rest_route=\/wp\/v2\/media\/268927"}],"wp:attachment":[{"href":"https:\/\/www.feman.net\/eng\/index.php?rest_route=%2Fwp%2Fv2%2Fmedia&parent=2905"}],"wp:term":[{"taxonomy":"product_brand","embeddable":true,"href":"https:\/\/www.feman.net\/eng\/index.php?rest_route=%2Fwp%2Fv2%2Fproduct_brand&post=2905"},{"taxonomy":"product_cat","embeddable":true,"href":"https:\/\/www.feman.net\/eng\/index.php?rest_route=%2Fwp%2Fv2%2Fproduct_cat&post=2905"},{"taxonomy":"product_tag","embeddable":true,"href":"https:\/\/www.feman.net\/eng\/index.php?rest_route=%2Fwp%2Fv2%2Fproduct_tag&post=2905"}],"curies":[{"name":"wp","href":"https:\/\/api.w.org\/{rel}","templated":true}]}}