{"id":2919,"date":"2015-04-04T12:35:34","date_gmt":"2015-04-04T12:35:34","guid":{"rendered":"http:\/\/feman.net\/?p=2919"},"modified":"2022-11-23T20:29:06","modified_gmt":"2022-11-23T20:29:06","slug":"hidraulicna-presa-fhp-300-c","status":"publish","type":"product","link":"https:\/\/www.feman.net\/eng\/?product=hidraulicna-presa-fhp-300-c","title":{"rendered":"HIDRAULI\u010cNA PRESA FHP-300 C"},"content":{"rendered":"<p><img loading=\"lazy\" decoding=\"async\" class=\"alignnone wp-image-267480\" src=\"http:\/\/www.feman.net\/wp-content\/uploads\/2015\/04\/1-FHP-300C-343x1024.png\" alt=\"\" width=\"127\" height=\"379\" srcset=\"https:\/\/www.feman.net\/eng\/wp-content\/uploads\/2015\/04\/1-FHP-300C-343x1024.png 343w, https:\/\/www.feman.net\/eng\/wp-content\/uploads\/2015\/04\/1-FHP-300C-268x800.png 268w, https:\/\/www.feman.net\/eng\/wp-content\/uploads\/2015\/04\/1-FHP-300C-300x895.png 300w, https:\/\/www.feman.net\/eng\/wp-content\/uploads\/2015\/04\/1-FHP-300C.png 347w\" sizes=\"(max-width: 127px) 100vw, 127px\" \/> \u00a0\u00a0\u00a0\u00a0\u00a0\u00a0\u00a0\u00a0\u00a0\u00a0\u00a0\u00a0\u00a0 <img loading=\"lazy\" decoding=\"async\" class=\"alignnone wp-image-267482\" src=\"http:\/\/www.feman.net\/wp-content\/uploads\/2015\/04\/3-FHP-300C-1024x851.png\" alt=\"\" width=\"455\" height=\"378\" srcset=\"https:\/\/www.feman.net\/eng\/wp-content\/uploads\/2015\/04\/3-FHP-300C-1024x851.png 1024w, https:\/\/www.feman.net\/eng\/wp-content\/uploads\/2015\/04\/3-FHP-300C-300x249.png 300w, https:\/\/www.feman.net\/eng\/wp-content\/uploads\/2015\/04\/3-FHP-300C-768x639.png 768w, https:\/\/www.feman.net\/eng\/wp-content\/uploads\/2015\/04\/3-FHP-300C-1080x898.png 1080w, https:\/\/www.feman.net\/eng\/wp-content\/uploads\/2015\/04\/3-FHP-300C-980x815.png 980w, https:\/\/www.feman.net\/eng\/wp-content\/uploads\/2015\/04\/3-FHP-300C-480x399.png 480w, https:\/\/www.feman.net\/eng\/wp-content\/uploads\/2015\/04\/3-FHP-300C-600x499.png 600w, https:\/\/www.feman.net\/eng\/wp-content\/uploads\/2015\/04\/3-FHP-300C.png 1234w\" sizes=\"(max-width: 455px) 100vw, 455px\" \/> \u00a0\u00a0\u00a0\u00a0 <img loading=\"lazy\" decoding=\"async\" class=\"alignnone wp-image-267481\" src=\"http:\/\/www.feman.net\/wp-content\/uploads\/2015\/04\/2-FHP-300C.png\" alt=\"\" width=\"124\" height=\"158\" srcset=\"https:\/\/www.feman.net\/eng\/wp-content\/uploads\/2015\/04\/2-FHP-300C.png 347w, https:\/\/www.feman.net\/eng\/wp-content\/uploads\/2015\/04\/2-FHP-300C-300x383.png 300w\" sizes=\"(max-width: 124px) 100vw, 124px\" \/><\/p>\n<p>Koristi se za presovanje Cu provodnika preseka 10-300 mm\u00b2 i Al provodnika 16-240 mm\u00b2. Glava je okretnaza 360\u00ba \u0161to omogu\u0107uje rad u svim polo\u017eajima.<\/p>\n<p><strong>Du\u017eina: 213 mm<br \/>\n<\/strong><strong>Te\u017eina: 2,41 kg<br \/>\n<\/strong><strong>Kodni broj: 1870299<\/strong><\/p>\n<p><img loading=\"lazy\" decoding=\"async\" class=\"alignnone  wp-image-267484\" src=\"http:\/\/www.feman.net\/wp-content\/uploads\/2015\/04\/5-FHP-300C.jpg\" alt=\"\" width=\"486\" height=\"298\" srcset=\"https:\/\/www.feman.net\/eng\/wp-content\/uploads\/2015\/04\/5-FHP-300C.jpg 643w, https:\/\/www.feman.net\/eng\/wp-content\/uploads\/2015\/04\/5-FHP-300C-300x184.jpg 300w, https:\/\/www.feman.net\/eng\/wp-content\/uploads\/2015\/04\/5-FHP-300C-480x294.jpg 480w, https:\/\/www.feman.net\/eng\/wp-content\/uploads\/2015\/04\/5-FHP-300C-600x368.jpg 600w\" sizes=\"(max-width: 486px) 100vw, 486px\" \/><\/p>\n<p><img loading=\"lazy\" decoding=\"async\" class=\"alignnone size-large wp-image-267485\" src=\"http:\/\/www.feman.net\/wp-content\/uploads\/2015\/04\/6-FHP-300C-1024x402.jpg\" alt=\"\" width=\"1024\" height=\"402\" srcset=\"https:\/\/www.feman.net\/eng\/wp-content\/uploads\/2015\/04\/6-FHP-300C-1024x402.jpg 1024w, https:\/\/www.feman.net\/eng\/wp-content\/uploads\/2015\/04\/6-FHP-300C-300x118.jpg 300w, https:\/\/www.feman.net\/eng\/wp-content\/uploads\/2015\/04\/6-FHP-300C-768x302.jpg 768w, https:\/\/www.feman.net\/eng\/wp-content\/uploads\/2015\/04\/6-FHP-300C-1080x424.jpg 1080w, https:\/\/www.feman.net\/eng\/wp-content\/uploads\/2015\/04\/6-FHP-300C-1280x503.jpg 1280w, https:\/\/www.feman.net\/eng\/wp-content\/uploads\/2015\/04\/6-FHP-300C-980x385.jpg 980w, https:\/\/www.feman.net\/eng\/wp-content\/uploads\/2015\/04\/6-FHP-300C-480x189.jpg 480w, https:\/\/www.feman.net\/eng\/wp-content\/uploads\/2015\/04\/6-FHP-300C-600x236.jpg 600w, https:\/\/www.feman.net\/eng\/wp-content\/uploads\/2015\/04\/6-FHP-300C.jpg 1303w\" sizes=\"(max-width: 1024px) 100vw, 1024px\" \/><\/p>\n<p><strong>Za pogon ove hidrauli\u010dne prese koristi se elektri\u010dna ili hidrauli\u010dna pumpa koje se poru\u010duju posebno.<\/strong><\/p>\n<p><img loading=\"lazy\" decoding=\"async\" class=\"alignnone wp-image-267483\" src=\"http:\/\/www.feman.net\/wp-content\/uploads\/2015\/04\/4-FHP-300C.png\" alt=\"\" width=\"458\" height=\"477\" srcset=\"https:\/\/www.feman.net\/eng\/wp-content\/uploads\/2015\/04\/4-FHP-300C.png 801w, https:\/\/www.feman.net\/eng\/wp-content\/uploads\/2015\/04\/4-FHP-300C-300x313.png 300w, https:\/\/www.feman.net\/eng\/wp-content\/uploads\/2015\/04\/4-FHP-300C-768x801.png 768w, https:\/\/www.feman.net\/eng\/wp-content\/uploads\/2015\/04\/4-FHP-300C-480x500.png 480w, https:\/\/www.feman.net\/eng\/wp-content\/uploads\/2015\/04\/4-FHP-300C-600x625.png 600w\" sizes=\"(max-width: 458px) 100vw, 458px\" \/><\/p>\n<p>&nbsp;<\/p>\n<p>&nbsp;<\/p>\n<p>&nbsp;<\/p>\n<p>&nbsp;<\/p>\n<p>&nbsp;<\/p>\n","protected":false},"excerpt":{"rendered":"<p>\u00a0\u00a0\u00a0\u00a0\u00a0\u00a0\u00a0\u00a0\u00a0\u00a0\u00a0\u00a0\u00a0 \u00a0\u00a0\u00a0\u00a0 Koristi se za presovanje Cu provodnika preseka 10-300 mm\u00b2 i Al provodnika 16-240 mm\u00b2. Glava je okretnaza 360\u00ba \u0161to omogu\u0107uje rad u svim polo\u017eajima. Du\u017eina: 213 mm Te\u017eina: 2,41 kg Kodni broj: 1870299 Za pogon ove hidrauli\u010dne prese koristi se elektri\u010dna ili hidrauli\u010dna pumpa koje se poru\u010duju posebno. &nbsp; &nbsp; &nbsp; &nbsp; &nbsp;<\/p>\n","protected":false},"featured_media":267486,"comment_status":"closed","ping_status":"closed","template":"","meta":[],"product_brand":[],"product_cat":[219],"product_tag":[],"class_list":{"0":"post-2919","1":"product","2":"type-product","3":"status-publish","4":"has-post-thumbnail","6":"product_cat-prese","8":"first","9":"instock","10":"shipping-taxable","11":"product-type-simple"},"_links":{"self":[{"href":"https:\/\/www.feman.net\/eng\/index.php?rest_route=\/wp\/v2\/product\/2919","targetHints":{"allow":["GET"]}}],"collection":[{"href":"https:\/\/www.feman.net\/eng\/index.php?rest_route=\/wp\/v2\/product"}],"about":[{"href":"https:\/\/www.feman.net\/eng\/index.php?rest_route=\/wp\/v2\/types\/product"}],"replies":[{"embeddable":true,"href":"https:\/\/www.feman.net\/eng\/index.php?rest_route=%2Fwp%2Fv2%2Fcomments&post=2919"}],"wp:featuredmedia":[{"embeddable":true,"href":"https:\/\/www.feman.net\/eng\/index.php?rest_route=\/wp\/v2\/media\/267486"}],"wp:attachment":[{"href":"https:\/\/www.feman.net\/eng\/index.php?rest_route=%2Fwp%2Fv2%2Fmedia&parent=2919"}],"wp:term":[{"taxonomy":"product_brand","embeddable":true,"href":"https:\/\/www.feman.net\/eng\/index.php?rest_route=%2Fwp%2Fv2%2Fproduct_brand&post=2919"},{"taxonomy":"product_cat","embeddable":true,"href":"https:\/\/www.feman.net\/eng\/index.php?rest_route=%2Fwp%2Fv2%2Fproduct_cat&post=2919"},{"taxonomy":"product_tag","embeddable":true,"href":"https:\/\/www.feman.net\/eng\/index.php?rest_route=%2Fwp%2Fv2%2Fproduct_tag&post=2919"}],"curies":[{"name":"wp","href":"https:\/\/api.w.org\/{rel}","templated":true}]}}