{"id":2969,"date":"2015-04-09T05:27:59","date_gmt":"2015-04-09T05:27:59","guid":{"rendered":"http:\/\/feman.net\/?p=2969"},"modified":"2022-11-23T19:58:58","modified_gmt":"2022-11-23T19:58:58","slug":"rucna-hidraulicna-presa-za-probijanje-limova-fhpp-60","status":"publish","type":"product","link":"https:\/\/www.feman.net\/eng\/?product=rucna-hidraulicna-presa-za-probijanje-limova-fhpp-60","title":{"rendered":"Ru\u010dna hidrauli\u010dna presa za probijanje limova FHPP-60"},"content":{"rendered":"<p><strong><img loading=\"lazy\" decoding=\"async\" class=\"wp-image-267598 alignnone\" src=\"http:\/\/www.feman.net\/wp-content\/uploads\/2015\/04\/1-presa-fhpp60.jpg\" alt=\"\" width=\"458\" height=\"291\" srcset=\"https:\/\/www.feman.net\/eng\/wp-content\/uploads\/2015\/04\/1-presa-fhpp60.jpg 820w, https:\/\/www.feman.net\/eng\/wp-content\/uploads\/2015\/04\/1-presa-fhpp60-300x191.jpg 300w, https:\/\/www.feman.net\/eng\/wp-content\/uploads\/2015\/04\/1-presa-fhpp60-768x488.jpg 768w, https:\/\/www.feman.net\/eng\/wp-content\/uploads\/2015\/04\/1-presa-fhpp60-480x305.jpg 480w, https:\/\/www.feman.net\/eng\/wp-content\/uploads\/2015\/04\/1-presa-fhpp60-600x381.jpg 600w\" sizes=\"(max-width: 458px) 100vw, 458px\" \/><\/strong><a href=\"http:\/\/www.feman.net\/wp-content\/uploads\/2015\/03\/21-61.png\" data-wp-editing=\"1\"> \u00a0\u00a0\u00a0\u00a0\u00a0\u00a0\u00a0\u00a0\u00a0\u00a0\u00a0\u00a0\u00a0\u00a0\u00a0\u00a0\u00a0\u00a0\u00a0\u00a0\u00a0 <img loading=\"lazy\" decoding=\"async\" class=\"wp-image-1911 alignnone\" src=\"http:\/\/www.feman.net\/wp-content\/uploads\/2015\/03\/21-61-300x300.png\" alt=\"Ru\u010dna hidrauli\u010dna presa za probijanje limova FHPP-60\" width=\"218\" height=\"218\" srcset=\"https:\/\/www.feman.net\/eng\/wp-content\/uploads\/2015\/03\/21-61-300x299.png 300w, https:\/\/www.feman.net\/eng\/wp-content\/uploads\/2015\/03\/21-61-100x100.png 100w, https:\/\/www.feman.net\/eng\/wp-content\/uploads\/2015\/03\/21-61-301x300.png 301w, https:\/\/www.feman.net\/eng\/wp-content\/uploads\/2015\/03\/21-61-150x150.png 150w, https:\/\/www.feman.net\/eng\/wp-content\/uploads\/2015\/03\/21-61.png 401w\" sizes=\"(max-width: 218px) 100vw, 218px\" \/><\/a><\/p>\n<p>Namenjen je za probijanje limova na komadnim tablama &#8211; pultovima za uvodnike, kontrolne instrumente, lampe, prekida\u010de i dr. Primenom FHPP-60 \u0161tedi se vreme, posti\u017ee se velika preciznost , kvalitet i estetski izgled. Sa hidrauli\u010dnom presom FHPP-60 mogu se prosecati limovi do 2mm debljine.<\/p>\n<p>Komplet sadr\u017ei:<\/p>\n<ol>\n<li>Hidrauli\u010dnu mini pumpu FHPP-180<\/li>\n<li>Hidrauli\u010dnu presu za probijanje limova FHPP-60<\/li>\n<li>Limeni kofer<\/li>\n<li>Probija\u010de: \u220522, \u220527,5, \u220534,3, \u220543, \u220549, \u220560,8, mm<\/li>\n<\/ol>\n<p>Te\u017eina kompleta: 16kg<br \/>\nKodni broj: 1850081<\/p>\n<p>&nbsp;<\/p>\n","protected":false},"excerpt":{"rendered":"<p>\u00a0\u00a0\u00a0\u00a0\u00a0\u00a0\u00a0\u00a0\u00a0\u00a0\u00a0\u00a0\u00a0\u00a0\u00a0\u00a0\u00a0\u00a0\u00a0\u00a0\u00a0 Namenjen je za probijanje limova na komadnim tablama &#8211; pultovima za uvodnike, kontrolne instrumente, lampe, prekida\u010de i dr. Primenom FHPP-60 \u0161tedi se vreme, posti\u017ee se velika preciznost , kvalitet i estetski izgled. Sa hidrauli\u010dnom presom FHPP-60 mogu se prosecati limovi do 2mm debljine. Komplet sadr\u017ei: Hidrauli\u010dnu mini pumpu FHPP-180 Hidrauli\u010dnu presu za probijanje limova [&hellip;]<\/p>\n","protected":false},"featured_media":267599,"comment_status":"closed","ping_status":"closed","template":"","meta":[],"product_brand":[],"product_cat":[219],"product_tag":[],"class_list":{"0":"post-2969","1":"product","2":"type-product","3":"status-publish","4":"has-post-thumbnail","6":"product_cat-prese","8":"first","9":"instock","10":"shipping-taxable","11":"product-type-simple"},"_links":{"self":[{"href":"https:\/\/www.feman.net\/eng\/index.php?rest_route=\/wp\/v2\/product\/2969","targetHints":{"allow":["GET"]}}],"collection":[{"href":"https:\/\/www.feman.net\/eng\/index.php?rest_route=\/wp\/v2\/product"}],"about":[{"href":"https:\/\/www.feman.net\/eng\/index.php?rest_route=\/wp\/v2\/types\/product"}],"replies":[{"embeddable":true,"href":"https:\/\/www.feman.net\/eng\/index.php?rest_route=%2Fwp%2Fv2%2Fcomments&post=2969"}],"wp:featuredmedia":[{"embeddable":true,"href":"https:\/\/www.feman.net\/eng\/index.php?rest_route=\/wp\/v2\/media\/267599"}],"wp:attachment":[{"href":"https:\/\/www.feman.net\/eng\/index.php?rest_route=%2Fwp%2Fv2%2Fmedia&parent=2969"}],"wp:term":[{"taxonomy":"product_brand","embeddable":true,"href":"https:\/\/www.feman.net\/eng\/index.php?rest_route=%2Fwp%2Fv2%2Fproduct_brand&post=2969"},{"taxonomy":"product_cat","embeddable":true,"href":"https:\/\/www.feman.net\/eng\/index.php?rest_route=%2Fwp%2Fv2%2Fproduct_cat&post=2969"},{"taxonomy":"product_tag","embeddable":true,"href":"https:\/\/www.feman.net\/eng\/index.php?rest_route=%2Fwp%2Fv2%2Fproduct_tag&post=2969"}],"curies":[{"name":"wp","href":"https:\/\/api.w.org\/{rel}","templated":true}]}}