{"id":2974,"date":"2015-04-09T05:35:43","date_gmt":"2015-04-09T05:35:43","guid":{"rendered":"http:\/\/feman.net\/?p=2974"},"modified":"2022-06-14T12:45:27","modified_gmt":"2022-06-14T12:45:27","slug":"hidraulicna-pumpa-700-bar-a-fhpu-800","status":"publish","type":"product","link":"https:\/\/www.feman.net\/eng\/?product=hidraulicna-pumpa-700-bar-a-fhpu-800","title":{"rendered":"Hidrauli\u010dna pumpa 700 bar-a FHPU-800"},"content":{"rendered":"<p>Sistemom dvostepenog dejstva posti\u017ee se da pritisak od 200 bar-a pumpa dostigne veoma brzo, tada se automatski pokre\u0107e klip koji omogu\u0107uje drugu brzinu protoka ulja, pri kojoj je rad sporiji, ali se posti\u017ee znatnija sigurnost i lako\u0107a u radu. Sastoji se iz hidrauli\u010dnog sklopa, rezervoara, ru\u010dice, creva visokog pritiska sa nepovratnim ventilom i ventila za oslobo\u0111anje pritiska. Svi hidrauli\u010dni alati FEMAN-ove proizvodnje mogu za pogon da koriste ovu pumpu.<\/p>\n<p><strong>Du\u017eina: 520 mm<br \/>\n<\/strong><strong>Te\u017eina: 10,80 kg<br \/>\n<\/strong><strong>Kodni broj: 1853708 <\/strong><\/p>\n<p><img loading=\"lazy\" decoding=\"async\" class=\"alignnone wp-image-267539\" src=\"http:\/\/www.feman.net\/wp-content\/uploads\/2015\/04\/1FHPU-800.png\" alt=\"\" width=\"441\" height=\"460\" srcset=\"https:\/\/www.feman.net\/eng\/wp-content\/uploads\/2015\/04\/1FHPU-800.png 750w, https:\/\/www.feman.net\/eng\/wp-content\/uploads\/2015\/04\/1FHPU-800-300x313.png 300w, https:\/\/www.feman.net\/eng\/wp-content\/uploads\/2015\/04\/1FHPU-800-480x500.png 480w, https:\/\/www.feman.net\/eng\/wp-content\/uploads\/2015\/04\/1FHPU-800-600x626.png 600w\" sizes=\"(max-width: 441px) 100vw, 441px\" \/><\/p>\n<p>&nbsp;<\/p>\n<p>&nbsp;<\/p>\n<p>&nbsp;<\/p>\n<p>&nbsp;<\/p>\n<p>&nbsp;<\/p>\n<p>&nbsp;<\/p>\n<p>&nbsp;<\/p>\n<p>&nbsp;<\/p>\n<p>&nbsp;<\/p>\n","protected":false},"excerpt":{"rendered":"<p>Sistemom dvostepenog dejstva posti\u017ee se da pritisak od 200 bar-a pumpa dostigne veoma brzo, tada se automatski pokre\u0107e klip koji omogu\u0107uje drugu brzinu protoka ulja, pri kojoj je rad sporiji, ali se posti\u017ee znatnija sigurnost i lako\u0107a u radu. Sastoji se iz hidrauli\u010dnog sklopa, rezervoara, ru\u010dice, creva visokog pritiska sa nepovratnim ventilom i ventila za [&hellip;]<\/p>\n","protected":false},"featured_media":267540,"comment_status":"closed","ping_status":"closed","template":"","meta":[],"product_brand":[],"product_cat":[216,222],"product_tag":[],"class_list":{"0":"post-2974","1":"product","2":"type-product","3":"status-publish","4":"has-post-thumbnail","6":"product_cat-alati","7":"product_cat-alati-ostalo","9":"first","10":"instock","11":"shipping-taxable","12":"product-type-simple"},"_links":{"self":[{"href":"https:\/\/www.feman.net\/eng\/index.php?rest_route=\/wp\/v2\/product\/2974","targetHints":{"allow":["GET"]}}],"collection":[{"href":"https:\/\/www.feman.net\/eng\/index.php?rest_route=\/wp\/v2\/product"}],"about":[{"href":"https:\/\/www.feman.net\/eng\/index.php?rest_route=\/wp\/v2\/types\/product"}],"replies":[{"embeddable":true,"href":"https:\/\/www.feman.net\/eng\/index.php?rest_route=%2Fwp%2Fv2%2Fcomments&post=2974"}],"wp:featuredmedia":[{"embeddable":true,"href":"https:\/\/www.feman.net\/eng\/index.php?rest_route=\/wp\/v2\/media\/267540"}],"wp:attachment":[{"href":"https:\/\/www.feman.net\/eng\/index.php?rest_route=%2Fwp%2Fv2%2Fmedia&parent=2974"}],"wp:term":[{"taxonomy":"product_brand","embeddable":true,"href":"https:\/\/www.feman.net\/eng\/index.php?rest_route=%2Fwp%2Fv2%2Fproduct_brand&post=2974"},{"taxonomy":"product_cat","embeddable":true,"href":"https:\/\/www.feman.net\/eng\/index.php?rest_route=%2Fwp%2Fv2%2Fproduct_cat&post=2974"},{"taxonomy":"product_tag","embeddable":true,"href":"https:\/\/www.feman.net\/eng\/index.php?rest_route=%2Fwp%2Fv2%2Fproduct_tag&post=2974"}],"curies":[{"name":"wp","href":"https:\/\/api.w.org\/{rel}","templated":true}]}}