{"id":2977,"date":"2015-04-09T05:41:56","date_gmt":"2015-04-09T05:41:56","guid":{"rendered":"http:\/\/feman.net\/?p=2977"},"modified":"2022-06-14T12:41:06","modified_gmt":"2022-06-14T12:41:06","slug":"elektricna-pumpa-700-bar-a-fep-5","status":"publish","type":"product","link":"https:\/\/www.feman.net\/eng\/?product=elektricna-pumpa-700-bar-a-fep-5","title":{"rendered":"Elektri\u010dna pumpa 700 bar-a FEP-5"},"content":{"rendered":"<p>Koristi se za pogon svih hidrauli\u010dnih alata FEMAN-ove proizvodnje. Spajanje sa alatima vr\u0161i se pomo\u0107u automatskog samozatvaraju\u0107eg kuplunga koji obezbe\u0111uje da nakon odvajanja priklju\u010daka od alata ulje ne curi iz creva.Primenom ove elektri\u010dne pumpe \u0161tedi se vreme. Rad je jednostavan i lak.<\/p>\n<p><strong>Monofazni motor 0,75 kW<br \/>\n<\/strong><strong>Preporu\u010deni maksimalni pritisak: 630 bar<br \/>\n<\/strong><strong>Kapacitet: 0,8-5 l\/min<br \/>\n<\/strong><strong>Visina: 470mm<br \/>\n<\/strong><strong>Te\u017eina: 30kg<br \/>\n<\/strong><strong>Kodni broj: 1853715<\/strong><\/p>\n<p>&nbsp;<\/p>\n<p><img loading=\"lazy\" decoding=\"async\" class=\"alignnone  wp-image-267537\" src=\"http:\/\/www.feman.net\/wp-content\/uploads\/2015\/04\/1-EL-PUMPA-FEP-5.png\" alt=\"\" width=\"391\" height=\"588\" srcset=\"https:\/\/www.feman.net\/eng\/wp-content\/uploads\/2015\/04\/1-EL-PUMPA-FEP-5.png 544w, https:\/\/www.feman.net\/eng\/wp-content\/uploads\/2015\/04\/1-EL-PUMPA-FEP-5-300x451.png 300w, https:\/\/www.feman.net\/eng\/wp-content\/uploads\/2015\/04\/1-EL-PUMPA-FEP-5-480x722.png 480w\" sizes=\"(max-width: 391px) 100vw, 391px\" \/><\/p>\n<p>&nbsp;<\/p>\n<p>&nbsp;<\/p>\n<p>&nbsp;<\/p>\n<p>&nbsp;<\/p>\n<p>&nbsp;<\/p>\n<p>&nbsp;<\/p>\n<p>&nbsp;<\/p>\n<p>&nbsp;<\/p>\n","protected":false},"excerpt":{"rendered":"<p>Koristi se za pogon svih hidrauli\u010dnih alata FEMAN-ove proizvodnje. Spajanje sa alatima vr\u0161i se pomo\u0107u automatskog samozatvaraju\u0107eg kuplunga koji obezbe\u0111uje da nakon odvajanja priklju\u010daka od alata ulje ne curi iz creva.Primenom ove elektri\u010dne pumpe \u0161tedi se vreme. Rad je jednostavan i lak. Monofazni motor 0,75 kW Preporu\u010deni maksimalni pritisak: 630 bar Kapacitet: 0,8-5 l\/min Visina: [&hellip;]<\/p>\n","protected":false},"featured_media":267538,"comment_status":"closed","ping_status":"closed","template":"","meta":[],"product_brand":[],"product_cat":[216,222],"product_tag":[],"class_list":{"0":"post-2977","1":"product","2":"type-product","3":"status-publish","4":"has-post-thumbnail","6":"product_cat-alati","7":"product_cat-alati-ostalo","9":"first","10":"instock","11":"shipping-taxable","12":"product-type-simple"},"_links":{"self":[{"href":"https:\/\/www.feman.net\/eng\/index.php?rest_route=\/wp\/v2\/product\/2977","targetHints":{"allow":["GET"]}}],"collection":[{"href":"https:\/\/www.feman.net\/eng\/index.php?rest_route=\/wp\/v2\/product"}],"about":[{"href":"https:\/\/www.feman.net\/eng\/index.php?rest_route=\/wp\/v2\/types\/product"}],"replies":[{"embeddable":true,"href":"https:\/\/www.feman.net\/eng\/index.php?rest_route=%2Fwp%2Fv2%2Fcomments&post=2977"}],"wp:featuredmedia":[{"embeddable":true,"href":"https:\/\/www.feman.net\/eng\/index.php?rest_route=\/wp\/v2\/media\/267538"}],"wp:attachment":[{"href":"https:\/\/www.feman.net\/eng\/index.php?rest_route=%2Fwp%2Fv2%2Fmedia&parent=2977"}],"wp:term":[{"taxonomy":"product_brand","embeddable":true,"href":"https:\/\/www.feman.net\/eng\/index.php?rest_route=%2Fwp%2Fv2%2Fproduct_brand&post=2977"},{"taxonomy":"product_cat","embeddable":true,"href":"https:\/\/www.feman.net\/eng\/index.php?rest_route=%2Fwp%2Fv2%2Fproduct_cat&post=2977"},{"taxonomy":"product_tag","embeddable":true,"href":"https:\/\/www.feman.net\/eng\/index.php?rest_route=%2Fwp%2Fv2%2Fproduct_tag&post=2977"}],"curies":[{"name":"wp","href":"https:\/\/api.w.org\/{rel}","templated":true}]}}