{"id":3259,"date":"2015-04-14T06:22:51","date_gmt":"2015-04-14T06:22:51","guid":{"rendered":"http:\/\/feman.net\/?p=3259"},"modified":"2022-11-23T22:27:24","modified_gmt":"2022-11-23T22:27:24","slug":"kleme-za-nizanje-vs-kleme-2","status":"publish","type":"product","link":"https:\/\/www.feman.net\/eng\/?product=kleme-za-nizanje-vs-kleme-2","title":{"rendered":"KLEME ZA NIZANJE (VS &#8211; KLEME)"},"content":{"rendered":"<p><a href=\"http:\/\/www.feman.net\/wp-content\/uploads\/2015\/03\/01-13.png\"><img loading=\"lazy\" decoding=\"async\" class=\"alignnone wp-image-1675\" src=\"http:\/\/www.feman.net\/wp-content\/uploads\/2015\/03\/01-13-282x300.png\" alt=\"KLEME ZA NIZANJE (VS - KLEME)\" width=\"205\" height=\"218\" srcset=\"https:\/\/www.feman.net\/eng\/wp-content\/uploads\/2015\/03\/01-13-282x300.png 282w, https:\/\/www.feman.net\/eng\/wp-content\/uploads\/2015\/03\/01-13-300x320.png 300w, https:\/\/www.feman.net\/eng\/wp-content\/uploads\/2015\/03\/01-13-150x160.png 150w, https:\/\/www.feman.net\/eng\/wp-content\/uploads\/2015\/03\/01-13.png 460w\" sizes=\"(max-width: 205px) 100vw, 205px\" \/> \u00a0\u00a0\u00a0\u00a0\u00a0\u00a0\u00a0\u00a0\u00a0\u00a0\u00a0\u00a0\u00a0\u00a0\u00a0\u00a0 <\/a><a href=\"http:\/\/www.feman.net\/wp-content\/uploads\/2015\/03\/01-22.png\"><img loading=\"lazy\" decoding=\"async\" class=\"alignnone wp-image-1676\" src=\"http:\/\/www.feman.net\/wp-content\/uploads\/2015\/03\/01-22-300x198.png\" alt=\"KLEME ZA NIZANJE (VS - KLEME)\" width=\"289\" height=\"191\" srcset=\"https:\/\/www.feman.net\/eng\/wp-content\/uploads\/2015\/03\/01-22-300x198.png 300w, https:\/\/www.feman.net\/eng\/wp-content\/uploads\/2015\/03\/01-22-454x300.png 454w, https:\/\/www.feman.net\/eng\/wp-content\/uploads\/2015\/03\/01-22-150x99.png 150w, https:\/\/www.feman.net\/eng\/wp-content\/uploads\/2015\/03\/01-22.png 595w\" sizes=\"(max-width: 289px) 100vw, 289px\" \/><\/a><\/p>\n<p style=\"text-align: justify;\">Ku\u0107i\u0161ta FEMAN klema za nizanje u novije vreme se izra|uju isklju\u010divo od vrhunskih uvoznih plasti\u010dnih masa, samogasivosti V-0 i imaju izolaciona svojstva 750 V kao i otpornost na zagrevanje 1100C bez deformisanja.<br \/>\nPodno\u017eja kleme su tako konstruisana da se mogu nizati na sve vrste postoje\u0107ih \u0161ina FEMAN VS-kleme izra|ene su u celosti prema va\u017ee\u0107im IEC propisima za ovu vrstu proizvoda. Pored vi\u0161e veli\u010dina klema ( 2,5 &#8211; 35 mm2 ), FEMAN proizvodi i kompletan prate\u0107i pribor &#8211; elemente.<\/p>\n<p>FEMAN se dokazao kvalitetom izrade klema za nizanje u nekoliko poslednjih godina, a referenca je vi\u0161e miliona isporu\u010denih i ugra|enih komada u svim dimenzijama.<\/p>\n<table style=\"height: 138px; width: 71.3578%;\" width=\"716\">\n<tbody>\n<tr style=\"height: 23px; background-color: #c8e4f7;\">\n<td style=\"width: 14.147%; text-align: center; height: 23px;\">Kodni broj<\/td>\n<td style=\"width: 17.337%; text-align: center; height: 23px;\">Oznaka mm\u00b2<\/td>\n<td style=\"width: 22.4688%; text-align: center; height: 23px;\">Dimenzije AxBxC<\/td>\n<td style=\"width: 20.2497%; text-align: center; height: 23px;\">Pakovanje kom<\/td>\n<td style=\"width: 23.9945%; text-align: center; height: 23px;\">Te\u017eina kg\/100kom<\/td>\n<\/tr>\n<tr style=\"height: 23px;\">\n<td style=\"width: 14.147%; text-align: center; height: 23px;\">5000004<\/td>\n<td style=\"width: 17.337%; text-align: center; height: 23px;\">FKN 2,5-4<\/td>\n<td style=\"width: 22.4688%; text-align: center; height: 23px;\">48x40x7<\/td>\n<td style=\"width: 20.2497%; text-align: center; height: 23px;\">120<\/td>\n<td style=\"width: 23.9945%; text-align: center; height: 23px;\">1,31<\/td>\n<\/tr>\n<tr style=\"height: 23px;\">\n<td style=\"width: 14.147%; text-align: center; height: 23px;\">5000006<\/td>\n<td style=\"width: 17.337%; text-align: center; height: 23px;\">FKN 6<\/td>\n<td style=\"width: 22.4688%; text-align: center; height: 23px;\">48x40x9<\/td>\n<td style=\"width: 20.2497%; text-align: center; height: 23px;\">100<\/td>\n<td style=\"width: 23.9945%; text-align: center; height: 23px;\">1,80<\/td>\n<\/tr>\n<tr style=\"height: 23px;\">\n<td style=\"width: 14.147%; text-align: center; height: 23px;\">5000010<\/td>\n<td style=\"width: 17.337%; text-align: center; height: 23px;\">FKN 10<\/td>\n<td style=\"width: 22.4688%; text-align: center; height: 23px;\">48x40x10<\/td>\n<td style=\"width: 20.2497%; text-align: center; height: 23px;\">100<\/td>\n<td style=\"width: 23.9945%; text-align: center; height: 23px;\">2,20<\/td>\n<\/tr>\n<tr style=\"height: 23px;\">\n<td style=\"width: 14.147%; text-align: center; height: 23px;\">5000016<\/td>\n<td style=\"width: 17.337%; text-align: center; height: 23px;\">FKN 16<\/td>\n<td style=\"width: 22.4688%; text-align: center; height: 23px;\">53x50x12<\/td>\n<td style=\"width: 20.2497%; text-align: center; height: 23px;\">50<\/td>\n<td style=\"width: 23.9945%; text-align: center; height: 23px;\">2,93<\/td>\n<\/tr>\n<tr style=\"height: 23px;\">\n<td style=\"width: 14.147%; text-align: center; height: 23px;\">5000035<\/td>\n<td style=\"width: 17.337%; text-align: center; height: 23px;\">FKN 25-35<\/td>\n<td style=\"width: 22.4688%; text-align: center; height: 23px;\">53x50x15<\/td>\n<td style=\"width: 20.2497%; text-align: center; height: 23px;\">50<\/td>\n<td style=\"width: 23.9945%; text-align: center; height: 23px;\">4,75<\/td>\n<\/tr>\n<\/tbody>\n<\/table>\n<p>&nbsp;<\/p>\n","protected":false},"excerpt":{"rendered":"<p>\u00a0\u00a0\u00a0\u00a0\u00a0\u00a0\u00a0\u00a0\u00a0\u00a0\u00a0\u00a0\u00a0\u00a0\u00a0\u00a0 Ku\u0107i\u0161ta FEMAN klema za nizanje u novije vreme se izra|uju isklju\u010divo od vrhunskih uvoznih plasti\u010dnih masa, samogasivosti V-0 i imaju izolaciona svojstva 750 V kao i otpornost na zagrevanje 1100C bez deformisanja. Podno\u017eja kleme su tako konstruisana da se mogu nizati na sve vrste postoje\u0107ih \u0161ina FEMAN VS-kleme izra|ene su u celosti prema va\u017ee\u0107im [&hellip;]<\/p>\n","protected":false},"featured_media":265800,"comment_status":"closed","ping_status":"closed","template":"","meta":[],"product_brand":[],"product_cat":[201],"product_tag":[],"class_list":{"0":"post-3259","1":"product","2":"type-product","3":"status-publish","4":"has-post-thumbnail","6":"product_cat-kleme","8":"first","9":"instock","10":"shipping-taxable","11":"product-type-simple"},"_links":{"self":[{"href":"https:\/\/www.feman.net\/eng\/index.php?rest_route=\/wp\/v2\/product\/3259","targetHints":{"allow":["GET"]}}],"collection":[{"href":"https:\/\/www.feman.net\/eng\/index.php?rest_route=\/wp\/v2\/product"}],"about":[{"href":"https:\/\/www.feman.net\/eng\/index.php?rest_route=\/wp\/v2\/types\/product"}],"replies":[{"embeddable":true,"href":"https:\/\/www.feman.net\/eng\/index.php?rest_route=%2Fwp%2Fv2%2Fcomments&post=3259"}],"wp:featuredmedia":[{"embeddable":true,"href":"https:\/\/www.feman.net\/eng\/index.php?rest_route=\/wp\/v2\/media\/265800"}],"wp:attachment":[{"href":"https:\/\/www.feman.net\/eng\/index.php?rest_route=%2Fwp%2Fv2%2Fmedia&parent=3259"}],"wp:term":[{"taxonomy":"product_brand","embeddable":true,"href":"https:\/\/www.feman.net\/eng\/index.php?rest_route=%2Fwp%2Fv2%2Fproduct_brand&post=3259"},{"taxonomy":"product_cat","embeddable":true,"href":"https:\/\/www.feman.net\/eng\/index.php?rest_route=%2Fwp%2Fv2%2Fproduct_cat&post=3259"},{"taxonomy":"product_tag","embeddable":true,"href":"https:\/\/www.feman.net\/eng\/index.php?rest_route=%2Fwp%2Fv2%2Fproduct_tag&post=3259"}],"curies":[{"name":"wp","href":"https:\/\/api.w.org\/{rel}","templated":true}]}}