{"id":3263,"date":"2015-04-14T06:33:54","date_gmt":"2015-04-14T06:33:54","guid":{"rendered":"http:\/\/feman.net\/?p=3263"},"modified":"2022-11-23T22:19:29","modified_gmt":"2022-11-23T22:19:29","slug":"meduploca-za-vs-kleme","status":"publish","type":"product","link":"https:\/\/www.feman.net\/eng\/?product=meduploca-za-vs-kleme","title":{"rendered":"ME\u0110UPLO\u010cA ZA VS-KLEME, KRAJNJA PLO\u010cA ZA VS-KLEME I GRANI\u010cNIK ZA VS-KLEME"},"content":{"rendered":"<p><a href=\"http:\/\/www.feman.net\/wp-content\/uploads\/2015\/03\/02-31.png\"><img loading=\"lazy\" decoding=\"async\" class=\"wp-image-1681  alignnone\" src=\"http:\/\/www.feman.net\/wp-content\/uploads\/2015\/03\/02-31.png\" alt=\"ME\u0110UPLO\u010cA ZA VS-KLEME, KRAJNJA PLO\u010cA ZA VS-KLEME I GRANI\u010cNIK ZA VS-KLEME\" width=\"192\" height=\"187\" srcset=\"https:\/\/www.feman.net\/eng\/wp-content\/uploads\/2015\/03\/02-31.png 146w, https:\/\/www.feman.net\/eng\/wp-content\/uploads\/2015\/03\/02-31-100x97.png 100w\" sizes=\"(max-width: 192px) 100vw, 192px\" \/><\/a> \u00a0 \u00a0\u00a0 \u00a0\u00a0\u00a0 <a href=\"http:\/\/www.feman.net\/wp-content\/uploads\/2015\/03\/02-41.png\"><img loading=\"lazy\" decoding=\"async\" class=\"wp-image-1682 alignnone\" src=\"http:\/\/www.feman.net\/wp-content\/uploads\/2015\/03\/02-41.png\" alt=\"ME\u0110UPLO\u010cA ZA VS-KLEME, KRAJNJA PLO\u010cA ZA VS-KLEME I GRANI\u010cNIK ZA VS-KLEME\" width=\"189\" height=\"186\" srcset=\"https:\/\/www.feman.net\/eng\/wp-content\/uploads\/2015\/03\/02-41.png 247w, https:\/\/www.feman.net\/eng\/wp-content\/uploads\/2015\/03\/02-41-150x148.png 150w\" sizes=\"(max-width: 189px) 100vw, 189px\" \/><\/a><\/p>\n<p>Slu\u017ei za razdvajanje premosnica prilikom nizanja VS klema. Debljina me\u0111uplo\u010de je 0,5 mm<\/p>\n<ul>\n<li>Pakovanje: 100 kom<\/li>\n<li>Te\u017eina: 0,01 kg\/100kom<\/li>\n<\/ul>\n<p>Koriste se za monta\u017eu VS klema kao zavr\u0161etak niza klema, odnosno za zatvaranje otvorenog dela VS kleme, kao I za odvajanje grupe klema.<\/p>\n<table style=\"height: 188px;\" width=\"687\">\n<tbody>\n<tr style=\"background-color: #c8e4f7;\">\n<td style=\"text-align: center;\">Kodni broj<\/td>\n<td style=\"text-align: center;\">Za VS klemu<\/td>\n<td style=\"text-align: center;\">AxB mm<\/td>\n<td style=\"text-align: center;\">Pakovanje kom<\/td>\n<td style=\"text-align: center;\">Masa kg\/100kom<\/td>\n<\/tr>\n<tr>\n<td style=\"text-align: center;\">5000104<\/td>\n<td style=\"text-align: center;\">FKN 4-10<\/td>\n<td style=\"text-align: center;\">37&#215;40<\/td>\n<td style=\"text-align: center;\">500<\/td>\n<td style=\"text-align: center;\">0,30<\/td>\n<\/tr>\n<tr>\n<td style=\"text-align: center;\">5000116<\/td>\n<td style=\"text-align: center;\">FKN 16-35<\/td>\n<td style=\"text-align: center;\">42&#215;50<\/td>\n<td style=\"text-align: center;\">500<\/td>\n<td style=\"text-align: center;\">0,42<\/td>\n<\/tr>\n<tr>\n<td style=\"text-align: center;\">5000117<\/td>\n<td style=\"text-align: center;\">FKN 16 P<\/td>\n<td style=\"text-align: center;\">36&#215;58<\/td>\n<td style=\"text-align: center;\">500<\/td>\n<td style=\"text-align: center;\">0,29<\/td>\n<\/tr>\n<\/tbody>\n<\/table>\n<p>&nbsp;<\/p>\n<p><a href=\"http:\/\/www.feman.net\/wp-content\/uploads\/2015\/03\/02-51.png\"><img loading=\"lazy\" decoding=\"async\" class=\"wp-image-1683 alignnone\" src=\"http:\/\/www.feman.net\/wp-content\/uploads\/2015\/03\/02-51-300x265.png\" alt=\"02-5\" width=\"237\" height=\"209\" srcset=\"https:\/\/www.feman.net\/eng\/wp-content\/uploads\/2015\/03\/02-51-300x265.png 300w, https:\/\/www.feman.net\/eng\/wp-content\/uploads\/2015\/03\/02-51-340x300.png 340w, https:\/\/www.feman.net\/eng\/wp-content\/uploads\/2015\/03\/02-51-150x133.png 150w, https:\/\/www.feman.net\/eng\/wp-content\/uploads\/2015\/03\/02-51.png 352w\" sizes=\"(max-width: 237px) 100vw, 237px\" \/><\/a><a href=\"http:\/\/www.feman.net\/wp-content\/uploads\/2015\/03\/02-61.png\"> \u00a0\u00a0\u00a0\u00a0\u00a0\u00a0\u00a0\u00a0\u00a0 <img loading=\"lazy\" decoding=\"async\" class=\"wp-image-1684 size-full alignnone\" src=\"http:\/\/www.feman.net\/wp-content\/uploads\/2015\/03\/02-61.png\" alt=\"02-6\" width=\"258\" height=\"222\" srcset=\"https:\/\/www.feman.net\/eng\/wp-content\/uploads\/2015\/03\/02-61.png 258w, https:\/\/www.feman.net\/eng\/wp-content\/uploads\/2015\/03\/02-61-100x86.png 100w, https:\/\/www.feman.net\/eng\/wp-content\/uploads\/2015\/03\/02-61-150x129.png 150w\" sizes=\"(max-width: 258px) 100vw, 258px\" \/><\/a><\/p>\n<p>Ko<strong>risti se na kraju niza VS klema za fiksiranje na \u0161ini. Telo grani\u010dnika je izra\u0111eno od poliamida vrhunskog kvaliteta. Mo\u017ee se montirati na sve standardne \u010dine zahvaljuju\u0107i specifi\u010dnoj konstrukciji podno\u017eja grani\u010dnika.<\/strong><\/p>\n<ul>\n<li>Pakovanje: 100 kom<\/li>\n<li>Te\u017eina: 0,96 kg\/100kom<\/li>\n<li>Kodni broj: 5000120<\/li>\n<\/ul>\n<p>&nbsp;<\/p>\n<p><a href=\"http:\/\/www.feman.net\/wp-content\/uploads\/2015\/03\/02-71.png\"><img loading=\"lazy\" decoding=\"async\" class=\"wp-image-1685 alignnone\" src=\"http:\/\/www.feman.net\/wp-content\/uploads\/2015\/03\/02-71-251x300.png\" alt=\"02-7\" width=\"173\" height=\"207\" srcset=\"https:\/\/www.feman.net\/eng\/wp-content\/uploads\/2015\/03\/02-71-251x300.png 251w, https:\/\/www.feman.net\/eng\/wp-content\/uploads\/2015\/03\/02-71-300x358.png 300w, https:\/\/www.feman.net\/eng\/wp-content\/uploads\/2015\/03\/02-71-150x179.png 150w, https:\/\/www.feman.net\/eng\/wp-content\/uploads\/2015\/03\/02-71.png 340w\" sizes=\"(max-width: 173px) 100vw, 173px\" \/><\/a> \u00a0 \u00a0 \u00a0 \u00a0 \u00a0 \u00a0 \u00a0 \u00a0 \u00a0 <a href=\"http:\/\/www.feman.net\/wp-content\/uploads\/2015\/03\/02-81.png\"><img loading=\"lazy\" decoding=\"async\" class=\"wp-image-1686  alignnone\" src=\"http:\/\/www.feman.net\/wp-content\/uploads\/2015\/03\/02-81-300x207.png\" alt=\"02-8\" width=\"281\" height=\"194\" srcset=\"https:\/\/www.feman.net\/eng\/wp-content\/uploads\/2015\/03\/02-81-300x207.png 300w, https:\/\/www.feman.net\/eng\/wp-content\/uploads\/2015\/03\/02-81-150x103.png 150w, https:\/\/www.feman.net\/eng\/wp-content\/uploads\/2015\/03\/02-81.png 344w\" sizes=\"(max-width: 281px) 100vw, 281px\" \/><\/a><\/p>\n","protected":false},"excerpt":{"rendered":"<p>\u00a0 \u00a0\u00a0 \u00a0\u00a0\u00a0 Slu\u017ei za razdvajanje premosnica prilikom nizanja VS klema. Debljina me\u0111uplo\u010de je 0,5 mm Pakovanje: 100 kom Te\u017eina: 0,01 kg\/100kom Koriste se za monta\u017eu VS klema kao zavr\u0161etak niza klema, odnosno za zatvaranje otvorenog dela VS kleme, kao I za odvajanje grupe klema. Kodni broj Za VS klemu AxB mm Pakovanje kom Masa [&hellip;]<\/p>\n","protected":false},"featured_media":265802,"comment_status":"closed","ping_status":"closed","template":"","meta":[],"product_brand":[],"product_cat":[201],"product_tag":[],"class_list":{"0":"post-3263","1":"product","2":"type-product","3":"status-publish","4":"has-post-thumbnail","6":"product_cat-kleme","8":"first","9":"instock","10":"shipping-taxable","11":"product-type-simple"},"_links":{"self":[{"href":"https:\/\/www.feman.net\/eng\/index.php?rest_route=\/wp\/v2\/product\/3263","targetHints":{"allow":["GET"]}}],"collection":[{"href":"https:\/\/www.feman.net\/eng\/index.php?rest_route=\/wp\/v2\/product"}],"about":[{"href":"https:\/\/www.feman.net\/eng\/index.php?rest_route=\/wp\/v2\/types\/product"}],"replies":[{"embeddable":true,"href":"https:\/\/www.feman.net\/eng\/index.php?rest_route=%2Fwp%2Fv2%2Fcomments&post=3263"}],"wp:featuredmedia":[{"embeddable":true,"href":"https:\/\/www.feman.net\/eng\/index.php?rest_route=\/wp\/v2\/media\/265802"}],"wp:attachment":[{"href":"https:\/\/www.feman.net\/eng\/index.php?rest_route=%2Fwp%2Fv2%2Fmedia&parent=3263"}],"wp:term":[{"taxonomy":"product_brand","embeddable":true,"href":"https:\/\/www.feman.net\/eng\/index.php?rest_route=%2Fwp%2Fv2%2Fproduct_brand&post=3263"},{"taxonomy":"product_cat","embeddable":true,"href":"https:\/\/www.feman.net\/eng\/index.php?rest_route=%2Fwp%2Fv2%2Fproduct_cat&post=3263"},{"taxonomy":"product_tag","embeddable":true,"href":"https:\/\/www.feman.net\/eng\/index.php?rest_route=%2Fwp%2Fv2%2Fproduct_tag&post=3263"}],"curies":[{"name":"wp","href":"https:\/\/api.w.org\/{rel}","templated":true}]}}