{"id":3267,"date":"2015-04-14T06:43:44","date_gmt":"2015-04-14T06:43:44","guid":{"rendered":"http:\/\/feman.net\/?p=3267"},"modified":"2022-03-19T14:06:55","modified_gmt":"2022-03-19T14:06:55","slug":"sina-za-navodenje-vs-klema","status":"publish","type":"product","link":"https:\/\/www.feman.net\/eng\/?product=sina-za-navodenje-vs-klema","title":{"rendered":"\u0160INA ZA NAVO\u0110ENJE VS KLEMA"},"content":{"rendered":"<p>Koristi se za no\u0161enje VS klema spojenih u niz. Prednost ove \u0161ine je \u0161to se radi valjanjem i kalibrisana je tako da dobro dr\u017ei sve elemente, a zubi elemenata \u010dvrsto nale\u017eu na \u0161inu. Ove \u0161ine ne pucaju zahvaljuju\u0107i uskoj toleranciji.<\/p>\n<p>&nbsp;<\/p>\n<ul>\n<li><strong>Pakovanje: 10 kom<\/strong><\/li>\n<li><strong>T<\/strong><strong>e\u017eina: 31 kg\/100kom<\/strong><\/li>\n<li><strong>Kodni broj: 5000200<\/strong><\/li>\n<\/ul>\n<p>&nbsp;<\/p>\n<p><a href=\"http:\/\/www.feman.net\/wp-content\/uploads\/2015\/03\/03-31.png\"><img loading=\"lazy\" decoding=\"async\" class=\"alignnone wp-image-1689 size-medium\" src=\"http:\/\/www.feman.net\/wp-content\/uploads\/2015\/03\/03-31-300x232.png\" alt=\"\u0160INA ZA NAVO\u0110ENJE VS KLEMA\" width=\"300\" height=\"232\" srcset=\"https:\/\/www.feman.net\/eng\/wp-content\/uploads\/2015\/03\/03-31-300x232.png 300w, https:\/\/www.feman.net\/eng\/wp-content\/uploads\/2015\/03\/03-31-600x464.png 600w, https:\/\/www.feman.net\/eng\/wp-content\/uploads\/2015\/03\/03-31-1024x792.png 1024w, https:\/\/www.feman.net\/eng\/wp-content\/uploads\/2015\/03\/03-31-150x116.png 150w, https:\/\/www.feman.net\/eng\/wp-content\/uploads\/2015\/03\/03-31.png 1383w\" sizes=\"(max-width: 300px) 100vw, 300px\" \/><\/a><a href=\"http:\/\/www.feman.net\/wp-content\/uploads\/2015\/03\/03-22.png\"><img loading=\"lazy\" decoding=\"async\" class=\"alignnone wp-image-1688\" src=\"http:\/\/www.feman.net\/wp-content\/uploads\/2015\/03\/03-22-266x300.png\" alt=\"\u0160INA ZA NAVO\u0110ENJE VS KLEMA\" width=\"253\" height=\"285\" srcset=\"https:\/\/www.feman.net\/eng\/wp-content\/uploads\/2015\/03\/03-22-266x300.png 266w, https:\/\/www.feman.net\/eng\/wp-content\/uploads\/2015\/03\/03-22-300x338.png 300w, https:\/\/www.feman.net\/eng\/wp-content\/uploads\/2015\/03\/03-22-150x169.png 150w, https:\/\/www.feman.net\/eng\/wp-content\/uploads\/2015\/03\/03-22.png 469w\" sizes=\"(max-width: 253px) 100vw, 253px\" \/><\/a><a href=\"http:\/\/www.feman.net\/wp-content\/uploads\/2015\/03\/03-13.png\"><img loading=\"lazy\" decoding=\"async\" class=\"alignnone wp-image-1687 size-medium\" src=\"http:\/\/www.feman.net\/wp-content\/uploads\/2015\/03\/03-13-300x225.png\" alt=\"\u0160INA ZA NAVO\u0110ENJE VS KLEMA\" width=\"300\" height=\"225\" srcset=\"https:\/\/www.feman.net\/eng\/wp-content\/uploads\/2015\/03\/03-13-300x225.png 300w, https:\/\/www.feman.net\/eng\/wp-content\/uploads\/2015\/03\/03-13-400x300.png 400w, https:\/\/www.feman.net\/eng\/wp-content\/uploads\/2015\/03\/03-13-150x112.png 150w, https:\/\/www.feman.net\/eng\/wp-content\/uploads\/2015\/03\/03-13.png 574w\" sizes=\"(max-width: 300px) 100vw, 300px\" \/><\/a><\/p>\n","protected":false},"excerpt":{"rendered":"<p>Koristi se za no\u0161enje VS klema spojenih u niz. Prednost ove \u0161ine je \u0161to se radi valjanjem i kalibrisana je tako da dobro dr\u017ei sve elemente, a zubi elemenata \u010dvrsto nale\u017eu na \u0161inu. Ove \u0161ine ne pucaju zahvaljuju\u0107i uskoj toleranciji. &nbsp; Pakovanje: 10 kom Te\u017eina: 31 kg\/100kom Kodni broj: 5000200 &nbsp;<\/p>\n","protected":false},"featured_media":265808,"comment_status":"closed","ping_status":"closed","template":"","meta":[],"product_brand":[],"product_cat":[201],"product_tag":[],"class_list":{"0":"post-3267","1":"product","2":"type-product","3":"status-publish","4":"has-post-thumbnail","6":"product_cat-kleme","8":"first","9":"instock","10":"shipping-taxable","11":"product-type-simple"},"_links":{"self":[{"href":"https:\/\/www.feman.net\/eng\/index.php?rest_route=\/wp\/v2\/product\/3267","targetHints":{"allow":["GET"]}}],"collection":[{"href":"https:\/\/www.feman.net\/eng\/index.php?rest_route=\/wp\/v2\/product"}],"about":[{"href":"https:\/\/www.feman.net\/eng\/index.php?rest_route=\/wp\/v2\/types\/product"}],"replies":[{"embeddable":true,"href":"https:\/\/www.feman.net\/eng\/index.php?rest_route=%2Fwp%2Fv2%2Fcomments&post=3267"}],"wp:featuredmedia":[{"embeddable":true,"href":"https:\/\/www.feman.net\/eng\/index.php?rest_route=\/wp\/v2\/media\/265808"}],"wp:attachment":[{"href":"https:\/\/www.feman.net\/eng\/index.php?rest_route=%2Fwp%2Fv2%2Fmedia&parent=3267"}],"wp:term":[{"taxonomy":"product_brand","embeddable":true,"href":"https:\/\/www.feman.net\/eng\/index.php?rest_route=%2Fwp%2Fv2%2Fproduct_brand&post=3267"},{"taxonomy":"product_cat","embeddable":true,"href":"https:\/\/www.feman.net\/eng\/index.php?rest_route=%2Fwp%2Fv2%2Fproduct_cat&post=3267"},{"taxonomy":"product_tag","embeddable":true,"href":"https:\/\/www.feman.net\/eng\/index.php?rest_route=%2Fwp%2Fv2%2Fproduct_tag&post=3267"}],"curies":[{"name":"wp","href":"https:\/\/api.w.org\/{rel}","templated":true}]}}