{"id":3269,"date":"2015-04-14T06:49:33","date_gmt":"2015-04-14T06:49:33","guid":{"rendered":"http:\/\/feman.net\/?p=3269"},"modified":"2022-11-23T22:06:50","modified_gmt":"2022-11-23T22:06:50","slug":"klema-za-nizanje-redna-stezaljka","status":"publish","type":"product","link":"https:\/\/www.feman.net\/eng\/?product=klema-za-nizanje-redna-stezaljka","title":{"rendered":"KLEMA ZA NIZANJE (REDNA STEZALJKA)"},"content":{"rendered":"<p><a href=\"http:\/\/www.feman.net\/wp-content\/uploads\/2015\/03\/03-41.png\"><img loading=\"lazy\" decoding=\"async\" class=\"alignnone wp-image-1690\" src=\"http:\/\/www.feman.net\/wp-content\/uploads\/2015\/03\/03-41-300x290.png\" alt=\"KLEMA ZA NIZANJE (REDNA STEZALJKA)\" width=\"245\" height=\"236\" srcset=\"https:\/\/www.feman.net\/eng\/wp-content\/uploads\/2015\/03\/03-41-300x290.png 300w, https:\/\/www.feman.net\/eng\/wp-content\/uploads\/2015\/03\/03-41-600x580.png 600w, https:\/\/www.feman.net\/eng\/wp-content\/uploads\/2015\/03\/03-41-150x145.png 150w, https:\/\/www.feman.net\/eng\/wp-content\/uploads\/2015\/03\/03-41.png 754w\" sizes=\"(max-width: 245px) 100vw, 245px\" \/><\/a><\/p>\n<p>Klema za nizanje se koristi za \u0161emiranje mernih i razvodnih ormana. Ku\u0107i\u0161te je izra\u0111eno od visoko kvalitetnih uvoznih plasti\u010dnih masa samogasivosti V-0.\u00a0 Kontakti su izra\u0111eni od mesinganih profila koji omogu\u0107avaju istovremeno spajanje bakra i aluminijuma. Podno\u017eje stezaljke je tako konstruisano da se mo\u017ee nizati na sve vrste postoje\u0107ih \u0161ina.<\/p>\n<table style=\"height: 11px; width: 71.2833%;\" width=\"593\">\n<tbody>\n<tr style=\"background-color: #c8e4f7;\">\n<td style=\"text-align: center;\">Kodni broj<\/td>\n<td style=\"text-align: center;\">Tip<\/td>\n<td style=\"text-align: center;\">Dimenzije AxBxC<\/td>\n<td style=\"text-align: center;\">Pakovanje kom<\/td>\n<td style=\"text-align: center;\">Masa kg\/100kom<\/td>\n<\/tr>\n<tr>\n<td style=\"text-align: center;\">5000182<\/td>\n<td style=\"text-align: center;\">FRS 4-16\/2<\/td>\n<td style=\"text-align: center;\">30x72x22<\/td>\n<td style=\"text-align: center;\">50<\/td>\n<td style=\"text-align: center;\">7<\/td>\n<\/tr>\n<tr>\n<td style=\"text-align: center;\">5000183<\/td>\n<td style=\"text-align: center;\">FRS 4-16\/3<\/td>\n<td style=\"text-align: center;\">30x72x33<\/td>\n<td style=\"text-align: center;\">50<\/td>\n<td style=\"text-align: center;\">10,5<\/td>\n<\/tr>\n<\/tbody>\n<\/table>\n<p>&nbsp;<\/p>\n<p>&nbsp;<\/p>\n<p>&nbsp;<\/p>\n","protected":false},"excerpt":{"rendered":"<p>Klema za nizanje se koristi za \u0161emiranje mernih i razvodnih ormana. Ku\u0107i\u0161te je izra\u0111eno od visoko kvalitetnih uvoznih plasti\u010dnih masa samogasivosti V-0.\u00a0 Kontakti su izra\u0111eni od mesinganih profila koji omogu\u0107avaju istovremeno spajanje bakra i aluminijuma. Podno\u017eje stezaljke je tako konstruisano da se mo\u017ee nizati na sve vrste postoje\u0107ih \u0161ina. Kodni broj Tip Dimenzije AxBxC Pakovanje [&hellip;]<\/p>\n","protected":false},"featured_media":265796,"comment_status":"closed","ping_status":"closed","template":"","meta":[],"product_brand":[],"product_cat":[201],"product_tag":[],"class_list":{"0":"post-3269","1":"product","2":"type-product","3":"status-publish","4":"has-post-thumbnail","6":"product_cat-kleme","8":"first","9":"instock","10":"shipping-taxable","11":"product-type-simple"},"_links":{"self":[{"href":"https:\/\/www.feman.net\/eng\/index.php?rest_route=\/wp\/v2\/product\/3269","targetHints":{"allow":["GET"]}}],"collection":[{"href":"https:\/\/www.feman.net\/eng\/index.php?rest_route=\/wp\/v2\/product"}],"about":[{"href":"https:\/\/www.feman.net\/eng\/index.php?rest_route=\/wp\/v2\/types\/product"}],"replies":[{"embeddable":true,"href":"https:\/\/www.feman.net\/eng\/index.php?rest_route=%2Fwp%2Fv2%2Fcomments&post=3269"}],"wp:featuredmedia":[{"embeddable":true,"href":"https:\/\/www.feman.net\/eng\/index.php?rest_route=\/wp\/v2\/media\/265796"}],"wp:attachment":[{"href":"https:\/\/www.feman.net\/eng\/index.php?rest_route=%2Fwp%2Fv2%2Fmedia&parent=3269"}],"wp:term":[{"taxonomy":"product_brand","embeddable":true,"href":"https:\/\/www.feman.net\/eng\/index.php?rest_route=%2Fwp%2Fv2%2Fproduct_brand&post=3269"},{"taxonomy":"product_cat","embeddable":true,"href":"https:\/\/www.feman.net\/eng\/index.php?rest_route=%2Fwp%2Fv2%2Fproduct_cat&post=3269"},{"taxonomy":"product_tag","embeddable":true,"href":"https:\/\/www.feman.net\/eng\/index.php?rest_route=%2Fwp%2Fv2%2Fproduct_tag&post=3269"}],"curies":[{"name":"wp","href":"https:\/\/api.w.org\/{rel}","templated":true}]}}