{"id":3273,"date":"2015-04-14T07:36:28","date_gmt":"2015-04-14T07:36:28","guid":{"rendered":"http:\/\/feman.net\/?p=3273"},"modified":"2022-11-23T22:17:14","modified_gmt":"2022-11-23T22:17:14","slug":"premosnica-sina-za-vs-klemu-2","status":"publish","type":"product","link":"https:\/\/www.feman.net\/eng\/?product=premosnica-sina-za-vs-klemu-2","title":{"rendered":"PREMOSNICA-\u0160INA ZA VS-KLEMU"},"content":{"rendered":"<p><a href=\"http:\/\/www.feman.net\/wp-content\/uploads\/2015\/03\/06-22.png\"><img loading=\"lazy\" decoding=\"async\" class=\"wp-image-1699 size-medium alignnone\" src=\"http:\/\/www.feman.net\/wp-content\/uploads\/2015\/03\/06-22-300x95.png\" alt=\"PREMOSNICA-\u0160INA ZA VS-KLEMU\" width=\"300\" height=\"95\" srcset=\"https:\/\/www.feman.net\/eng\/wp-content\/uploads\/2015\/03\/06-22-300x95.png 300w, https:\/\/www.feman.net\/eng\/wp-content\/uploads\/2015\/03\/06-22-150x47.png 150w, https:\/\/www.feman.net\/eng\/wp-content\/uploads\/2015\/03\/06-22.png 422w\" sizes=\"(max-width: 300px) 100vw, 300px\" \/>\u00a0\u00a0\u00a0\u00a0<\/a><\/p>\n<p>Po posebnoj porud\u017ebini izra\u0111ujemo i isporu\u010dujemo premosnice sa brojem \u017eeljenim polova.<\/p>\n<p><a href=\"http:\/\/www.feman.net\/wp-content\/uploads\/2015\/03\/06-3.png\"><img loading=\"lazy\" decoding=\"async\" class=\"wp-image-1700 size-medium alignnone\" src=\"http:\/\/www.feman.net\/wp-content\/uploads\/2015\/03\/06-3-250x300.png\" alt=\"PREMOSNICA-\u0160INA ZA VS-KLEMU\" width=\"250\" height=\"300\" srcset=\"https:\/\/www.feman.net\/eng\/wp-content\/uploads\/2015\/03\/06-3-250x300.png 250w, https:\/\/www.feman.net\/eng\/wp-content\/uploads\/2015\/03\/06-3-300x360.png 300w, https:\/\/www.feman.net\/eng\/wp-content\/uploads\/2015\/03\/06-3-150x180.png 150w, https:\/\/www.feman.net\/eng\/wp-content\/uploads\/2015\/03\/06-3.png 415w\" sizes=\"(max-width: 250px) 100vw, 250px\" \/><\/a><\/p>\n<table style=\"height: 812px; width: 82.6409%;\" width=\"732\">\n<tbody>\n<tr style=\"height: 29px; background-color: #c8e4f7;\">\n<td style=\"text-align: center; height: 29px;\">Kodni broj<\/td>\n<td style=\"text-align: center; height: 29px;\">Broj polova<\/td>\n<td style=\"text-align: center; height: 29px;\">Za VS klemu<\/td>\n<td style=\"text-align: center; height: 29px;\">A mm<\/td>\n<td style=\"text-align: center; height: 29px;\">B mm<\/td>\n<td style=\"text-align: center; height: 29px;\">Pakovanje kom<\/td>\n<td style=\"text-align: center; height: 29px;\">Te\u017ena kg\/100kom<\/td>\n<\/tr>\n<tr style=\"height: 29px;\">\n<td style=\"text-align: center; height: 29px;\">5000204<\/td>\n<td style=\"text-align: center; height: 29px;\">2<\/td>\n<td style=\"text-align: center; height: 29px;\">FKN 2,5-4<\/td>\n<td style=\"text-align: center; height: 29px;\">7,8<\/td>\n<td style=\"text-align: center; height: 29px;\">6&#215;1<\/td>\n<td style=\"text-align: center; height: 29px;\">10<\/td>\n<td style=\"text-align: center; height: 29px;\">0,70<\/td>\n<\/tr>\n<tr style=\"height: 29px;\">\n<td style=\"text-align: center; height: 29px;\">5000206<\/td>\n<td style=\"text-align: center; height: 29px;\">2<\/td>\n<td style=\"text-align: center; height: 29px;\">FKN 6<\/td>\n<td style=\"text-align: center; height: 29px;\">8,9<\/td>\n<td style=\"text-align: center; height: 29px;\">6&#215;1<\/td>\n<td style=\"text-align: center; height: 29px;\">10<\/td>\n<td style=\"text-align: center; height: 29px;\">0,76<\/td>\n<\/tr>\n<tr style=\"height: 29px;\">\n<td style=\"text-align: center; height: 29px;\">5000210<\/td>\n<td style=\"text-align: center; height: 29px;\">2<\/td>\n<td style=\"text-align: center; height: 29px;\">FKN 10<\/td>\n<td style=\"text-align: center; height: 29px;\">10,2<\/td>\n<td style=\"text-align: center; height: 29px;\">6&#215;1<\/td>\n<td style=\"text-align: center; height: 29px;\">10<\/td>\n<td style=\"text-align: center; height: 29px;\">0,82<\/td>\n<\/tr>\n<tr style=\"height: 29px;\">\n<td style=\"text-align: center; height: 29px;\">5000216<\/td>\n<td style=\"text-align: center; height: 29px;\">2<\/td>\n<td style=\"text-align: center; height: 29px;\">FKN 16<\/td>\n<td style=\"text-align: center; height: 29px;\">12,2<\/td>\n<td style=\"text-align: center; height: 29px;\">6&#215;2<\/td>\n<td style=\"text-align: center; height: 29px;\">10<\/td>\n<td style=\"text-align: center; height: 29px;\">0,88<\/td>\n<\/tr>\n<tr style=\"height: 29px;\">\n<td style=\"text-align: center; height: 29px;\">5000235<\/td>\n<td style=\"text-align: center; height: 29px;\">2<\/td>\n<td style=\"text-align: center; height: 29px;\">FKN 25-35<\/td>\n<td style=\"text-align: center; height: 29px;\">21,1<\/td>\n<td style=\"text-align: center; height: 29px;\">6&#215;2<\/td>\n<td style=\"text-align: center; height: 29px;\">10<\/td>\n<td style=\"text-align: center; height: 29px;\">0,94<\/td>\n<\/tr>\n<tr style=\"height: 29px;\">\n<td style=\"text-align: center; height: 29px;\">5000236<\/td>\n<td style=\"text-align: center; height: 29px;\">3<\/td>\n<td style=\"text-align: center; height: 29px;\">FKN 2,5-4<\/td>\n<td style=\"text-align: center; height: 29px;\">7,8<\/td>\n<td style=\"text-align: center; height: 29px;\">6&#215;1<\/td>\n<td style=\"text-align: center; height: 29px;\">10<\/td>\n<td style=\"text-align: center; height: 29px;\">1,05<\/td>\n<\/tr>\n<tr style=\"height: 29px;\">\n<td style=\"text-align: center; height: 29px;\">5000237<\/td>\n<td style=\"text-align: center; height: 29px;\">3<\/td>\n<td style=\"text-align: center; height: 29px;\">FKN 6<\/td>\n<td style=\"text-align: center; height: 29px;\">8,9<\/td>\n<td style=\"text-align: center; height: 29px;\">6&#215;1<\/td>\n<td style=\"text-align: center; height: 29px;\">10<\/td>\n<td style=\"text-align: center; height: 29px;\">1,14<\/td>\n<\/tr>\n<tr style=\"height: 29px;\">\n<td style=\"text-align: center; height: 29px;\">5000238<\/td>\n<td style=\"text-align: center; height: 29px;\">3<\/td>\n<td style=\"text-align: center; height: 29px;\">FKN 10<\/td>\n<td style=\"text-align: center; height: 29px;\">10,2<\/td>\n<td style=\"text-align: center; height: 29px;\">6&#215;1<\/td>\n<td style=\"text-align: center; height: 29px;\">10<\/td>\n<td style=\"text-align: center; height: 29px;\">1,23<\/td>\n<\/tr>\n<tr style=\"height: 29px;\">\n<td style=\"text-align: center; height: 29px;\">5000240<\/td>\n<td style=\"text-align: center; height: 29px;\">3<\/td>\n<td style=\"text-align: center; height: 29px;\">FKN 16<\/td>\n<td style=\"text-align: center; height: 29px;\">12,2<\/td>\n<td style=\"text-align: center; height: 29px;\">6&#215;2<\/td>\n<td style=\"text-align: center; height: 29px;\">10<\/td>\n<td style=\"text-align: center; height: 29px;\">1,32<\/td>\n<\/tr>\n<tr style=\"height: 29px;\">\n<td style=\"text-align: center; height: 29px;\">5000242<\/td>\n<td style=\"text-align: center; height: 29px;\">3<\/td>\n<td style=\"text-align: center; height: 29px;\">FKN 25-35<\/td>\n<td style=\"text-align: center; height: 29px;\">21,1<\/td>\n<td style=\"text-align: center; height: 29px;\">6&#215;2<\/td>\n<td style=\"text-align: center; height: 29px;\">10<\/td>\n<td style=\"text-align: center; height: 29px;\">1,41<\/td>\n<\/tr>\n<tr style=\"height: 29px;\">\n<td style=\"text-align: center; height: 29px;\">5000244<\/td>\n<td style=\"text-align: center; height: 29px;\">4<\/td>\n<td style=\"text-align: center; height: 29px;\">FKN 2,5-4<\/td>\n<td style=\"text-align: center; height: 29px;\">7,8<\/td>\n<td style=\"text-align: center; height: 29px;\">6&#215;1<\/td>\n<td style=\"text-align: center; height: 29px;\">10<\/td>\n<td style=\"text-align: center; height: 29px;\">1,40<\/td>\n<\/tr>\n<tr style=\"height: 29px;\">\n<td style=\"text-align: center; height: 29px;\">5000246<\/td>\n<td style=\"text-align: center; height: 29px;\">4<\/td>\n<td style=\"text-align: center; height: 29px;\">FKN 6<\/td>\n<td style=\"text-align: center; height: 29px;\">8,9<\/td>\n<td style=\"text-align: center; height: 29px;\">6&#215;1<\/td>\n<td style=\"text-align: center; height: 29px;\">10<\/td>\n<td style=\"text-align: center; height: 29px;\">1,52<\/td>\n<\/tr>\n<tr style=\"height: 29px;\">\n<td style=\"text-align: center; height: 29px;\">5000247<\/td>\n<td style=\"text-align: center; height: 29px;\">4<\/td>\n<td style=\"text-align: center; height: 29px;\">FKN 10<\/td>\n<td style=\"text-align: center; height: 29px;\">10,2<\/td>\n<td style=\"text-align: center; height: 29px;\">6&#215;1<\/td>\n<td style=\"text-align: center; height: 29px;\">10<\/td>\n<td style=\"text-align: center; height: 29px;\">1,64<\/td>\n<\/tr>\n<tr style=\"height: 29px;\">\n<td style=\"text-align: center; height: 29px;\">5000248<\/td>\n<td style=\"text-align: center; height: 29px;\">4<\/td>\n<td style=\"text-align: center; height: 29px;\">FKN 16<\/td>\n<td style=\"text-align: center; height: 29px;\">12,2<\/td>\n<td style=\"text-align: center; height: 29px;\">6&#215;2<\/td>\n<td style=\"text-align: center; height: 29px;\">10<\/td>\n<td style=\"text-align: center; height: 29px;\">1,76<\/td>\n<\/tr>\n<tr style=\"height: 29px;\">\n<td style=\"text-align: center; height: 29px;\">5000249<\/td>\n<td style=\"text-align: center; height: 29px;\">4<\/td>\n<td style=\"text-align: center; height: 29px;\">FKN 25-35<\/td>\n<td style=\"text-align: center; height: 29px;\">21,1<\/td>\n<td style=\"text-align: center; height: 29px;\">6&#215;2<\/td>\n<td style=\"text-align: center; height: 29px;\">10<\/td>\n<td style=\"text-align: center; height: 29px;\">1,88<\/td>\n<\/tr>\n<tr style=\"height: 29px;\">\n<td style=\"text-align: center; height: 29px;\">5000250<\/td>\n<td style=\"text-align: center; height: 29px;\">5<\/td>\n<td style=\"text-align: center; height: 29px;\">FKN 2,5-4<\/td>\n<td style=\"text-align: center; height: 29px;\">7,8<\/td>\n<td style=\"text-align: center; height: 29px;\">6&#215;1<\/td>\n<td style=\"text-align: center; height: 29px;\">10<\/td>\n<td style=\"text-align: center; height: 29px;\">1,75<\/td>\n<\/tr>\n<tr style=\"height: 29px;\">\n<td style=\"text-align: center; height: 29px;\">5000251<\/td>\n<td style=\"text-align: center; height: 29px;\">5<\/td>\n<td style=\"text-align: center; height: 29px;\">FKN 6<\/td>\n<td style=\"text-align: center; height: 29px;\">8,9<\/td>\n<td style=\"text-align: center; height: 29px;\">6&#215;1<\/td>\n<td style=\"text-align: center; height: 29px;\">10<\/td>\n<td style=\"text-align: center; height: 29px;\">1,90<\/td>\n<\/tr>\n<tr style=\"height: 29px;\">\n<td style=\"text-align: center; height: 29px;\">5000252<\/td>\n<td style=\"text-align: center; height: 29px;\">5<\/td>\n<td style=\"text-align: center; height: 29px;\">FKN 10<\/td>\n<td style=\"text-align: center; height: 29px;\">10,2<\/td>\n<td style=\"text-align: center; height: 29px;\">6&#215;1<\/td>\n<td style=\"text-align: center; height: 29px;\">10<\/td>\n<td style=\"text-align: center; height: 29px;\">2,05<\/td>\n<\/tr>\n<tr style=\"height: 29px;\">\n<td style=\"text-align: center; height: 29px;\">5000253<\/td>\n<td style=\"text-align: center; height: 29px;\">5<\/td>\n<td style=\"text-align: center; height: 29px;\">FKN 16<\/td>\n<td style=\"text-align: center; height: 29px;\">12,2<\/td>\n<td style=\"text-align: center; height: 29px;\">6&#215;2<\/td>\n<td style=\"text-align: center; height: 29px;\">10<\/td>\n<td style=\"text-align: center; height: 29px;\">2,20<\/td>\n<\/tr>\n<tr style=\"height: 29px;\">\n<td style=\"text-align: center; height: 29px;\">5000254<\/td>\n<td style=\"text-align: center; height: 29px;\">5<\/td>\n<td style=\"text-align: center; height: 29px;\">FKN 25-35<\/td>\n<td style=\"text-align: center; height: 29px;\">21,1<\/td>\n<td style=\"text-align: center; height: 29px;\">6&#215;2<\/td>\n<td style=\"text-align: center; height: 29px;\">10<\/td>\n<td style=\"text-align: center; height: 29px;\">2,35<\/td>\n<\/tr>\n<tr style=\"height: 29px;\">\n<td style=\"text-align: center; height: 29px;\">5000255<\/td>\n<td style=\"text-align: center; height: 29px;\">10<\/td>\n<td style=\"text-align: center; height: 29px;\">FKN 2,5-4<\/td>\n<td style=\"text-align: center; height: 29px;\">7,8<\/td>\n<td style=\"text-align: center; height: 29px;\">6&#215;1<\/td>\n<td style=\"text-align: center; height: 29px;\">10<\/td>\n<td style=\"text-align: center; height: 29px;\">3,50<\/td>\n<\/tr>\n<tr style=\"height: 29px;\">\n<td style=\"text-align: center; height: 29px;\">5000260<\/td>\n<td style=\"text-align: center; height: 29px;\">10<\/td>\n<td style=\"text-align: center; height: 29px;\">FKN 6<\/td>\n<td style=\"text-align: center; height: 29px;\">8,9<\/td>\n<td style=\"text-align: center; height: 29px;\">6&#215;1<\/td>\n<td style=\"text-align: center; height: 29px;\">10<\/td>\n<td style=\"text-align: center; height: 29px;\">3,80<\/td>\n<\/tr>\n<tr style=\"height: 29px;\">\n<td style=\"text-align: center; height: 29px;\">5000270<\/td>\n<td style=\"text-align: center; height: 29px;\">10<\/td>\n<td style=\"text-align: center; height: 29px;\">FKN 10<\/td>\n<td style=\"text-align: center; height: 29px;\">10,2<\/td>\n<td style=\"text-align: center; height: 29px;\">6&#215;1<\/td>\n<td style=\"text-align: center; height: 29px;\">10<\/td>\n<td style=\"text-align: center; height: 29px;\">4,10<\/td>\n<\/tr>\n<tr style=\"height: 29px;\">\n<td style=\"text-align: center; height: 29px;\">5000275<\/td>\n<td style=\"text-align: center; height: 29px;\">10<\/td>\n<td style=\"text-align: center; height: 29px;\">FKN 16<\/td>\n<td style=\"text-align: center; height: 29px;\">12,2<\/td>\n<td style=\"text-align: center; height: 29px;\">6&#215;2<\/td>\n<td style=\"text-align: center; height: 29px;\">10<\/td>\n<td style=\"text-align: center; height: 29px;\">4,40<\/td>\n<\/tr>\n<tr style=\"height: 29px;\">\n<td style=\"text-align: center; height: 29px;\">5000278<\/td>\n<td style=\"text-align: center; height: 29px;\">10<\/td>\n<td style=\"text-align: center; height: 29px;\">FKN 25-35<\/td>\n<td style=\"text-align: center; height: 29px;\">21,1<\/td>\n<td style=\"text-align: center; height: 29px;\">6&#215;2<\/td>\n<td style=\"text-align: center; height: 29px;\">10<\/td>\n<td style=\"text-align: center; height: 29px;\">4,70<\/td>\n<\/tr>\n<tr style=\"height: 29px;\">\n<td style=\"text-align: center; height: 29px;\">5000281<\/td>\n<td style=\"text-align: center; height: 29px;\">2 pokr.<\/td>\n<td style=\"text-align: center; height: 29px;\">FKN 16 P<\/td>\n<td style=\"text-align: center; height: 29px;\">12,2<\/td>\n<td style=\"text-align: center; height: 29px;\">6&#215;1<\/td>\n<td style=\"text-align: center; height: 29px;\">10<\/td>\n<td style=\"text-align: center; height: 29px;\">0,60<\/td>\n<\/tr>\n<tr style=\"height: 29px;\">\n<td style=\"text-align: center; height: 29px;\">5000282<\/td>\n<td style=\"text-align: center; height: 29px;\">2 nepokr.<\/td>\n<td style=\"text-align: center; height: 29px;\">FKN 26 P<\/td>\n<td style=\"text-align: center; height: 29px;\">12,2<\/td>\n<td style=\"text-align: center; height: 29px;\">6&#215;1<\/td>\n<td style=\"text-align: center; height: 29px;\">10<\/td>\n<td style=\"text-align: center; height: 29px;\">0,63<\/td>\n<\/tr>\n<\/tbody>\n<\/table>\n<p>&nbsp;<\/p>\n<p>&nbsp;<\/p>\n<p>&nbsp;<\/p>\n<p>&nbsp;<\/p>\n<p>&nbsp;<\/p>\n","protected":false},"excerpt":{"rendered":"<p>\u00a0\u00a0\u00a0\u00a0 Po posebnoj porud\u017ebini izra\u0111ujemo i isporu\u010dujemo premosnice sa brojem \u017eeljenim polova. Kodni broj Broj polova Za VS klemu A mm B mm Pakovanje kom Te\u017ena kg\/100kom 5000204 2 FKN 2,5-4 7,8 6&#215;1 10 0,70 5000206 2 FKN 6 8,9 6&#215;1 10 0,76 5000210 2 FKN 10 10,2 6&#215;1 10 0,82 5000216 2 FKN 16 [&hellip;]<\/p>\n","protected":false},"featured_media":265806,"comment_status":"closed","ping_status":"closed","template":"","meta":[],"product_brand":[],"product_cat":[201],"product_tag":[],"class_list":{"0":"post-3273","1":"product","2":"type-product","3":"status-publish","4":"has-post-thumbnail","6":"product_cat-kleme","8":"first","9":"instock","10":"shipping-taxable","11":"product-type-simple"},"_links":{"self":[{"href":"https:\/\/www.feman.net\/eng\/index.php?rest_route=\/wp\/v2\/product\/3273","targetHints":{"allow":["GET"]}}],"collection":[{"href":"https:\/\/www.feman.net\/eng\/index.php?rest_route=\/wp\/v2\/product"}],"about":[{"href":"https:\/\/www.feman.net\/eng\/index.php?rest_route=\/wp\/v2\/types\/product"}],"replies":[{"embeddable":true,"href":"https:\/\/www.feman.net\/eng\/index.php?rest_route=%2Fwp%2Fv2%2Fcomments&post=3273"}],"wp:featuredmedia":[{"embeddable":true,"href":"https:\/\/www.feman.net\/eng\/index.php?rest_route=\/wp\/v2\/media\/265806"}],"wp:attachment":[{"href":"https:\/\/www.feman.net\/eng\/index.php?rest_route=%2Fwp%2Fv2%2Fmedia&parent=3273"}],"wp:term":[{"taxonomy":"product_brand","embeddable":true,"href":"https:\/\/www.feman.net\/eng\/index.php?rest_route=%2Fwp%2Fv2%2Fproduct_brand&post=3273"},{"taxonomy":"product_cat","embeddable":true,"href":"https:\/\/www.feman.net\/eng\/index.php?rest_route=%2Fwp%2Fv2%2Fproduct_cat&post=3273"},{"taxonomy":"product_tag","embeddable":true,"href":"https:\/\/www.feman.net\/eng\/index.php?rest_route=%2Fwp%2Fv2%2Fproduct_tag&post=3273"}],"curies":[{"name":"wp","href":"https:\/\/api.w.org\/{rel}","templated":true}]}}