{"id":3278,"date":"2015-04-14T07:57:21","date_gmt":"2015-04-14T07:57:21","guid":{"rendered":"http:\/\/feman.net\/?p=3278"},"modified":"2022-03-01T18:49:10","modified_gmt":"2022-03-01T18:49:10","slug":"brojevi-i-slova-za-oznacavanje-provodnika","status":"publish","type":"product","link":"https:\/\/www.feman.net\/eng\/?product=brojevi-i-slova-za-oznacavanje-provodnika","title":{"rendered":"BROJEVI I SLOVA ZA OZNA\u010cAVANJE PROVODNIKA"},"content":{"rendered":"<p>Izra\u0111eni su od meke plasti\u010dne mase u \u017eutoj (oran\u017e) boji sa crno utisnutim neotiru\u0107im oznakama. Konstrukcija je okrugla sa zubom koji ne dozvoljava pomeranje. Brojevi se rade od 0-99, za provodnike preseka 0.75-6 mm2 (po \u017eelji kupca radimo i za ve\u0107e preseke). Isporu\u010duju se u kalemskim kutijama koje se mogu nizati jedna na drugu, kao i u kesicama u vidu manjih pakovanja shodno potrebama i nameni. Kod porud\u017ebine dati koli\u010dinu i oznaku provodnika.<\/p>\n<p><a href=\"http:\/\/www.feman.net\/wp-content\/uploads\/2015\/03\/07-13.png\"><img loading=\"lazy\" decoding=\"async\" class=\"alignnone wp-image-1703 size-medium\" src=\"http:\/\/www.feman.net\/wp-content\/uploads\/2015\/03\/07-13-266x300.png\" alt=\"BROJEVI I SLOVA ZA OZNA\u010cAVANJE PROVODNIKA\" width=\"266\" height=\"300\" srcset=\"https:\/\/www.feman.net\/eng\/wp-content\/uploads\/2015\/03\/07-13-266x300.png 266w, https:\/\/www.feman.net\/eng\/wp-content\/uploads\/2015\/03\/07-13-300x338.png 300w, https:\/\/www.feman.net\/eng\/wp-content\/uploads\/2015\/03\/07-13-150x169.png 150w, https:\/\/www.feman.net\/eng\/wp-content\/uploads\/2015\/03\/07-13.png 461w\" sizes=\"(max-width: 266px) 100vw, 266px\" \/><\/a><\/p>\n<p>&nbsp;<\/p>\n<table style=\"height: 1190px;\" width=\"622\">\n<tbody>\n<tr>\n<td colspan=\"2\" width=\"118\">\u00a0\u00a0\u00a0\u00a0\u00a0\u00a0\u00a0\u00a0\u00a0\u00a0\u00a0\u00a0\u00a0\u00a0\u00a0\u00a0 Kodni broj0,75-4\u00a0\u00a0\u00a0\u00a0\u00a0\u00a0\u00a0\u00a0\u00a0\u00a0\u00a0\u00a0\u00a0\u00a0\u00a0\u00a0\u00a0\u00a0\u00a0\u00a0\u00a0\u00a0\u00a0\u00a0 4-10<\/td>\n<td width=\"118\">\u00a0Oznaka<\/td>\n<td width=\"118\">\u00a0Pakovanje kom<\/td>\n<td width=\"118\">\u00a0Te\u017eina kg\/100kom<\/td>\n<\/tr>\n<tr>\n<td width=\"118\">\u00a01721001<\/td>\n<td width=\"118\">\u00a01741001<\/td>\n<td width=\"118\">\u00a01<\/td>\n<td width=\"118\">\u00a050<\/td>\n<td width=\"118\">\u00a00,15<\/td>\n<\/tr>\n<tr>\n<td width=\"118\">\u00a01721002<\/td>\n<td width=\"118\">\u00a01741002<\/td>\n<td width=\"118\">\u00a02<\/td>\n<td width=\"118\">\u00a050<\/td>\n<td width=\"118\">\u00a00,15<\/td>\n<\/tr>\n<tr>\n<td width=\"118\">\u00a0\u00a01721003<\/td>\n<td width=\"118\">\u00a01741003<\/td>\n<td width=\"118\">\u00a03<\/td>\n<td width=\"118\">\u00a050<\/td>\n<td width=\"118\">\u00a00,15<\/td>\n<\/tr>\n<tr>\n<td width=\"118\">\u00a0\u00a01721004<\/td>\n<td width=\"118\">\u00a01741004<\/td>\n<td width=\"118\">\u00a04<\/td>\n<td width=\"118\">\u00a050<\/td>\n<td width=\"118\">\u00a00,15<\/td>\n<\/tr>\n<tr>\n<td width=\"118\">\u00a0\u00a01721005<\/td>\n<td width=\"118\">\u00a01741005<\/td>\n<td width=\"118\">\u00a05<\/td>\n<td width=\"118\">\u00a050<\/td>\n<td width=\"118\">\u00a00,15<\/td>\n<\/tr>\n<tr>\n<td width=\"118\">\u00a0\u00a01721006<\/td>\n<td width=\"118\">\u00a01741006<\/td>\n<td width=\"118\">\u00a06<\/td>\n<td width=\"118\">\u00a050<\/td>\n<td width=\"118\">\u00a00,15<\/td>\n<\/tr>\n<tr>\n<td width=\"118\">\u00a0\u00a01721007<\/td>\n<td width=\"118\">\u00a01741007<\/td>\n<td width=\"118\">\u00a07<\/td>\n<td width=\"118\">\u00a050<\/td>\n<td width=\"118\">\u00a00,15<\/td>\n<\/tr>\n<tr>\n<td width=\"118\">\u00a0\u00a01721008<\/td>\n<td width=\"118\">\u00a01741008<\/td>\n<td width=\"118\">\u00a08<\/td>\n<td width=\"118\">\u00a050<\/td>\n<td width=\"118\">\u00a00,15<\/td>\n<\/tr>\n<tr>\n<td width=\"118\">\u00a0\u00a01721009<\/td>\n<td width=\"118\">\u00a01741009<\/td>\n<td width=\"118\">\u00a09<\/td>\n<td width=\"118\">\u00a050<\/td>\n<td width=\"118\">\u00a00,15<\/td>\n<\/tr>\n<tr>\n<td width=\"118\">\u00a0\u00a01721010<\/td>\n<td width=\"118\">\u00a01741010<\/td>\n<td width=\"118\">\u00a00<\/td>\n<td width=\"118\">\u00a050<\/td>\n<td width=\"118\">\u00a00,15<\/td>\n<\/tr>\n<tr>\n<td width=\"118\">\u00a0\u00a01721011<\/td>\n<td width=\"118\">\u00a01741011<\/td>\n<td width=\"118\">\u00a0A<\/td>\n<td width=\"118\">\u00a050<\/td>\n<td width=\"118\">\u00a00,15<\/td>\n<\/tr>\n<tr>\n<td width=\"118\">\u00a0\u00a01721012<\/td>\n<td width=\"118\">\u00a01741012<\/td>\n<td width=\"118\">\u00a0B<\/td>\n<td width=\"118\">\u00a050<\/td>\n<td width=\"118\">\u00a00,15<\/td>\n<\/tr>\n<tr>\n<td width=\"118\">\u00a0\u00a01721013<\/td>\n<td width=\"118\">1741013<\/td>\n<td width=\"118\">\u00a0C<\/td>\n<td width=\"118\">\u00a050<\/td>\n<td width=\"118\">\u00a00,15<\/td>\n<\/tr>\n<tr>\n<td width=\"118\">\u00a0\u00a01721014<\/td>\n<td width=\"118\">\u00a01741014<\/td>\n<td width=\"118\">\u00a0D<\/td>\n<td width=\"118\">\u00a050<\/td>\n<td width=\"118\">\u00a00,15<\/td>\n<\/tr>\n<tr>\n<td width=\"118\">\u00a0\u00a01721015<\/td>\n<td width=\"118\">\u00a01741015<\/td>\n<td width=\"118\">\u00a0E<\/td>\n<td width=\"118\">\u00a050<\/td>\n<td width=\"118\">\u00a00,15<\/td>\n<\/tr>\n<tr>\n<td width=\"118\">\u00a0\u00a01721016<\/td>\n<td width=\"118\">\u00a01741016<\/td>\n<td width=\"118\">\u00a0F<\/td>\n<td width=\"118\">\u00a050<\/td>\n<td width=\"118\">\u00a00,15<\/td>\n<\/tr>\n<tr>\n<td width=\"118\">\u00a0\u00a01721017<\/td>\n<td width=\"118\">\u00a01741017<\/td>\n<td width=\"118\">\u00a0G<\/td>\n<td width=\"118\">\u00a050<\/td>\n<td width=\"118\">0,15<\/td>\n<\/tr>\n<tr>\n<td width=\"118\">\u00a01721018<\/td>\n<td width=\"118\">\u00a01741018<\/td>\n<td width=\"118\">\u00a0H<\/td>\n<td width=\"118\">\u00a050<\/td>\n<td width=\"118\">\u00a00,15<\/td>\n<\/tr>\n<tr>\n<td width=\"118\">\u00a0\u00a01721019<\/td>\n<td width=\"118\">\u00a01741019<\/td>\n<td width=\"118\">\u00a0I<\/td>\n<td width=\"118\">\u00a050<\/td>\n<td width=\"118\">\u00a00,15<\/td>\n<\/tr>\n<tr>\n<td width=\"118\">\u00a0\u00a01721020<\/td>\n<td width=\"118\">1741020<\/td>\n<td width=\"118\">\u00a0J<\/td>\n<td width=\"118\">\u00a050<\/td>\n<td width=\"118\">\u00a00,15<\/td>\n<\/tr>\n<tr>\n<td width=\"118\">\u00a0\u00a01721021<\/td>\n<td width=\"118\">\u00a01741021<\/td>\n<td width=\"118\">\u00a0K<\/td>\n<td width=\"118\">\u00a050<\/td>\n<td width=\"118\">\u00a00,15<\/td>\n<\/tr>\n<tr>\n<td width=\"118\">\u00a0\u00a01721022<\/td>\n<td width=\"118\">\u00a01741022<\/td>\n<td width=\"118\">\u00a0L<\/td>\n<td width=\"118\">\u00a050<\/td>\n<td width=\"118\">\u00a00,15<\/td>\n<\/tr>\n<tr>\n<td width=\"118\">\u00a0\u00a01721023<\/td>\n<td width=\"118\">\u00a01741023<\/td>\n<td width=\"118\">\u00a0M<\/td>\n<td width=\"118\">\u00a050<\/td>\n<td width=\"118\">\u00a00,15<\/td>\n<\/tr>\n<tr>\n<td width=\"118\">\u00a0\u00a01721024<\/td>\n<td width=\"118\">\u00a01741024<\/td>\n<td width=\"118\">\u00a0N<\/td>\n<td width=\"118\">\u00a050<\/td>\n<td width=\"118\">\u00a00,15<\/td>\n<\/tr>\n<tr>\n<td width=\"118\">\u00a0\u00a01721025<\/td>\n<td width=\"118\">\u00a01741025<\/td>\n<td width=\"118\">\u00a0O<\/td>\n<td width=\"118\">\u00a050<\/td>\n<td width=\"118\">\u00a00,15<\/td>\n<\/tr>\n<tr>\n<td width=\"118\">\u00a0\u00a01721026<\/td>\n<td width=\"118\">\u00a01741026<\/td>\n<td width=\"118\">\u00a0P<\/td>\n<td width=\"118\">\u00a050<\/td>\n<td width=\"118\">\u00a00,15<\/td>\n<\/tr>\n<tr>\n<td width=\"118\">\u00a0\u00a01721027<\/td>\n<td width=\"118\">\u00a01741027<\/td>\n<td width=\"118\">\u00a0Q<\/td>\n<td width=\"118\">\u00a050<\/td>\n<td width=\"118\">\u00a00,15<\/td>\n<\/tr>\n<tr>\n<td width=\"118\">\u00a0\u00a01721028<\/td>\n<td width=\"118\">\u00a01741028<\/td>\n<td width=\"118\">\u00a0R<\/td>\n<td width=\"118\">\u00a050<\/td>\n<td width=\"118\">\u00a00,15<\/td>\n<\/tr>\n<tr>\n<td width=\"118\">\u00a0\u00a01721029<\/td>\n<td width=\"118\">\u00a01741029<\/td>\n<td width=\"118\">\u00a0S<\/td>\n<td width=\"118\">\u00a050<\/td>\n<td width=\"118\">\u00a00,15<\/td>\n<\/tr>\n<tr>\n<td width=\"118\">\u00a0\u00a01721030<\/td>\n<td width=\"118\">\u00a01741030<\/td>\n<td width=\"118\">\u00a0T<\/td>\n<td width=\"118\">\u00a050<\/td>\n<td width=\"118\">\u00a00,15<\/td>\n<\/tr>\n<tr>\n<td width=\"118\">\u00a0\u00a01721031<\/td>\n<td width=\"118\">\u00a01741031<\/td>\n<td width=\"118\">\u00a0U<\/td>\n<td width=\"118\">\u00a050<\/td>\n<td width=\"118\">\u00a00,15<\/td>\n<\/tr>\n<tr>\n<td width=\"118\">\u00a0\u00a01721032<\/td>\n<td width=\"118\">\u00a01741032<\/td>\n<td width=\"118\">\u00a0V<\/td>\n<td width=\"118\">\u00a050<\/td>\n<td width=\"118\">\u00a00,15<\/td>\n<\/tr>\n<tr>\n<td width=\"118\">\u00a0\u00a01721033<\/td>\n<td width=\"118\">\u00a01741033<\/td>\n<td width=\"118\">\u00a0W<\/td>\n<td width=\"118\">\u00a050<\/td>\n<td width=\"118\">\u00a00,15<\/td>\n<\/tr>\n<tr>\n<td width=\"118\">\u00a0\u00a01721034<\/td>\n<td width=\"118\">\u00a01741034<\/td>\n<td width=\"118\">\u00a0X<\/td>\n<td width=\"118\">\u00a050<\/td>\n<td width=\"118\">\u00a00,15<\/td>\n<\/tr>\n<tr>\n<td width=\"118\">\u00a0\u00a01721035<\/td>\n<td width=\"118\">1741035<\/td>\n<td width=\"118\">\u00a0Y<\/td>\n<td width=\"118\">\u00a050<\/td>\n<td width=\"118\">\u00a00,15<\/td>\n<\/tr>\n<tr>\n<td width=\"118\">\u00a0\u00a01721036<\/td>\n<td width=\"118\">\u00a01741036<\/td>\n<td width=\"118\">\u00a0Z<\/td>\n<td width=\"118\">\u00a050<\/td>\n<td width=\"118\">\u00a00,15<\/td>\n<\/tr>\n<tr>\n<td width=\"118\">\u00a0\u00a01721037<\/td>\n<td width=\"118\">\u00a01741037<\/td>\n<td width=\"118\">\u00a0+<\/td>\n<td width=\"118\">\u00a050<\/td>\n<td width=\"118\">\u00a00,15<\/td>\n<\/tr>\n<tr>\n<td width=\"118\">\u00a0\u00a01721038<\/td>\n<td width=\"118\">\u00a01741038<\/td>\n<td width=\"118\">\u00a0&#8211;<\/td>\n<td width=\"118\">\u00a050<\/td>\n<td width=\"118\">\u00a00,15<\/td>\n<\/tr>\n<\/tbody>\n<\/table>\n<p>&nbsp;<\/p>\n","protected":false},"excerpt":{"rendered":"<p>Izra\u0111eni su od meke plasti\u010dne mase u \u017eutoj (oran\u017e) boji sa crno utisnutim neotiru\u0107im oznakama. Konstrukcija je okrugla sa zubom koji ne dozvoljava pomeranje. Brojevi se rade od 0-99, za provodnike preseka 0.75-6 mm2 (po \u017eelji kupca radimo i za ve\u0107e preseke). Isporu\u010duju se u kalemskim kutijama koje se mogu nizati jedna na drugu, kao [&hellip;]<\/p>\n","protected":false},"featured_media":0,"comment_status":"closed","ping_status":"closed","template":"","meta":[],"product_brand":[],"product_cat":[203],"product_tag":[],"class_list":{"0":"post-3278","1":"product","2":"type-product","3":"status-publish","5":"product_cat-instalacioni-pribor-ostalo","7":"first","8":"instock","9":"shipping-taxable","10":"product-type-simple"},"_links":{"self":[{"href":"https:\/\/www.feman.net\/eng\/index.php?rest_route=\/wp\/v2\/product\/3278","targetHints":{"allow":["GET"]}}],"collection":[{"href":"https:\/\/www.feman.net\/eng\/index.php?rest_route=\/wp\/v2\/product"}],"about":[{"href":"https:\/\/www.feman.net\/eng\/index.php?rest_route=\/wp\/v2\/types\/product"}],"replies":[{"embeddable":true,"href":"https:\/\/www.feman.net\/eng\/index.php?rest_route=%2Fwp%2Fv2%2Fcomments&post=3278"}],"wp:attachment":[{"href":"https:\/\/www.feman.net\/eng\/index.php?rest_route=%2Fwp%2Fv2%2Fmedia&parent=3278"}],"wp:term":[{"taxonomy":"product_brand","embeddable":true,"href":"https:\/\/www.feman.net\/eng\/index.php?rest_route=%2Fwp%2Fv2%2Fproduct_brand&post=3278"},{"taxonomy":"product_cat","embeddable":true,"href":"https:\/\/www.feman.net\/eng\/index.php?rest_route=%2Fwp%2Fv2%2Fproduct_cat&post=3278"},{"taxonomy":"product_tag","embeddable":true,"href":"https:\/\/www.feman.net\/eng\/index.php?rest_route=%2Fwp%2Fv2%2Fproduct_tag&post=3278"}],"curies":[{"name":"wp","href":"https:\/\/api.w.org\/{rel}","templated":true}]}}