{"id":3281,"date":"2015-04-14T08:00:06","date_gmt":"2015-04-14T08:00:06","guid":{"rendered":"http:\/\/feman.net\/?p=3281"},"modified":"2022-11-23T22:15:52","modified_gmt":"2022-11-23T22:15:52","slug":"oznaka-za-vs-kleme","status":"publish","type":"product","link":"https:\/\/www.feman.net\/eng\/?product=oznaka-za-vs-kleme","title":{"rendered":"OZNAKA ZA VS-KLEME"},"content":{"rendered":"<p><a href=\"http:\/\/www.feman.net\/wp-content\/uploads\/2015\/03\/07-3.png\"><img loading=\"lazy\" decoding=\"async\" class=\"wp-image-1705 size-medium alignnone\" src=\"http:\/\/www.feman.net\/wp-content\/uploads\/2015\/03\/07-3-300x279.png\" alt=\"OZNAKA ZA VS-KLEME\" width=\"300\" height=\"279\" srcset=\"https:\/\/www.feman.net\/eng\/wp-content\/uploads\/2015\/03\/07-3-300x279.png 300w, https:\/\/www.feman.net\/eng\/wp-content\/uploads\/2015\/03\/07-3-322x300.png 322w, https:\/\/www.feman.net\/eng\/wp-content\/uploads\/2015\/03\/07-3-150x140.png 150w, https:\/\/www.feman.net\/eng\/wp-content\/uploads\/2015\/03\/07-3.png 555w\" sizes=\"(max-width: 300px) 100vw, 300px\" \/><\/a><\/p>\n<p>Izra\u0111eni su od meke plasti\u010dne mase bele boje sa crno utisnutim neotiru\u0107im oznakama. Konstrukcija je pljosnata. Brojevi se rade od 0-99. Isporu\u010duju se u kalemskim kutijama koje se mogu nizati jedna na drugu. Prilikom poru\u010divanja obavezno naglasiti koja oznaka se naru\u010duje i koli\u010dinu koja se poru\u010duje<\/p>\n<p><strong>Pakovanje: 100&#215;10 <\/strong><\/p>\n<p><strong>Te\u017eina: 0,14 kg\/10 kom<\/strong><\/p>\n<p><strong> Kodni broj: 5000190<\/strong><\/p>\n<p>&nbsp;<\/p>\n<p>&nbsp;<\/p>\n<p>&nbsp;<\/p>\n<p>&nbsp;<\/p>\n<p>&nbsp;<\/p>\n<p>&nbsp;<\/p>\n<p>&nbsp;<\/p>\n<p>&nbsp;<\/p>\n","protected":false},"excerpt":{"rendered":"<p>Izra\u0111eni su od meke plasti\u010dne mase bele boje sa crno utisnutim neotiru\u0107im oznakama. Konstrukcija je pljosnata. Brojevi se rade od 0-99. Isporu\u010duju se u kalemskim kutijama koje se mogu nizati jedna na drugu. Prilikom poru\u010divanja obavezno naglasiti koja oznaka se naru\u010duje i koli\u010dinu koja se poru\u010duje Pakovanje: 100&#215;10 Te\u017eina: 0,14 kg\/10 kom Kodni broj: 5000190 [&hellip;]<\/p>\n","protected":false},"featured_media":265804,"comment_status":"closed","ping_status":"closed","template":"","meta":[],"product_brand":[],"product_cat":[201],"product_tag":[],"class_list":{"0":"post-3281","1":"product","2":"type-product","3":"status-publish","4":"has-post-thumbnail","6":"product_cat-kleme","8":"first","9":"instock","10":"shipping-taxable","11":"product-type-simple"},"_links":{"self":[{"href":"https:\/\/www.feman.net\/eng\/index.php?rest_route=\/wp\/v2\/product\/3281","targetHints":{"allow":["GET"]}}],"collection":[{"href":"https:\/\/www.feman.net\/eng\/index.php?rest_route=\/wp\/v2\/product"}],"about":[{"href":"https:\/\/www.feman.net\/eng\/index.php?rest_route=\/wp\/v2\/types\/product"}],"replies":[{"embeddable":true,"href":"https:\/\/www.feman.net\/eng\/index.php?rest_route=%2Fwp%2Fv2%2Fcomments&post=3281"}],"wp:featuredmedia":[{"embeddable":true,"href":"https:\/\/www.feman.net\/eng\/index.php?rest_route=\/wp\/v2\/media\/265804"}],"wp:attachment":[{"href":"https:\/\/www.feman.net\/eng\/index.php?rest_route=%2Fwp%2Fv2%2Fmedia&parent=3281"}],"wp:term":[{"taxonomy":"product_brand","embeddable":true,"href":"https:\/\/www.feman.net\/eng\/index.php?rest_route=%2Fwp%2Fv2%2Fproduct_brand&post=3281"},{"taxonomy":"product_cat","embeddable":true,"href":"https:\/\/www.feman.net\/eng\/index.php?rest_route=%2Fwp%2Fv2%2Fproduct_cat&post=3281"},{"taxonomy":"product_tag","embeddable":true,"href":"https:\/\/www.feman.net\/eng\/index.php?rest_route=%2Fwp%2Fv2%2Fproduct_tag&post=3281"}],"curies":[{"name":"wp","href":"https:\/\/api.w.org\/{rel}","templated":true}]}}