{"id":3287,"date":"2015-04-14T08:29:55","date_gmt":"2015-04-14T08:29:55","guid":{"rendered":"http:\/\/feman.net\/?p=3287"},"modified":"2022-11-23T21:37:36","modified_gmt":"2022-11-23T21:37:36","slug":"slicovani-pvc-kanali-za-elektrovodove","status":"publish","type":"product","link":"https:\/\/www.feman.net\/eng\/?product=slicovani-pvc-kanali-za-elektrovodove","title":{"rendered":"\u0160LICOVANI PVC KANALI ZA ELEKTROVODOVE"},"content":{"rendered":"<p style=\"text-align: justify;\"><a href=\"http:\/\/www.feman.net\/wp-content\/uploads\/2015\/03\/09-13-e1429000150489.png\"><img loading=\"lazy\" decoding=\"async\" class=\"wp-image-1709  alignleft\" src=\"http:\/\/www.feman.net\/wp-content\/uploads\/2015\/03\/09-13-e1429000150489-175x300.png\" alt=\"09-1\" width=\"187\" height=\"320\" srcset=\"https:\/\/www.feman.net\/eng\/wp-content\/uploads\/2015\/03\/09-13-e1429000150489-175x300.png 175w, https:\/\/www.feman.net\/eng\/wp-content\/uploads\/2015\/03\/09-13-e1429000150489-300x513.png 300w, https:\/\/www.feman.net\/eng\/wp-content\/uploads\/2015\/03\/09-13-e1429000150489-600x1026.png 600w, https:\/\/www.feman.net\/eng\/wp-content\/uploads\/2015\/03\/09-13-e1429000150489-599x1024.png 599w, https:\/\/www.feman.net\/eng\/wp-content\/uploads\/2015\/03\/09-13-e1429000150489-150x256.png 150w, https:\/\/www.feman.net\/eng\/wp-content\/uploads\/2015\/03\/09-13-e1429000150489.png 802w\" sizes=\"(max-width: 187px) 100vw, 187px\" \/><\/a>\u0160licovani kanali su vrlo pogodni za izvo\u0111enje i polaganje nadzidnih instalacija u kancelarijama, laboratorijama, radionicama itd. Omogu\u0107avaju laku monta\u017eu, brzu zamenu provodnika pri eventualnim kvarovima kao i naknadno izvo\u0111enje instalacija-o\u017ei\u010davanje. Pru\u017ea sigurnu mehani\u010dku za\u0161titu elektrovoda. Omogu\u0107avaju dobru preglednost i daju instalaciji dobar estetski izgled. Stabilnog su oblika i veoma otporni na dejstvo hemikalija.<\/p>\n<p style=\"text-align: justify;\">Pogodni su za A monta\u017eu na sve podloge, horizontalno i vertikalno. Bo\u010dne strane kanala za o\u017ei\u010davanje su izrezane (\u0161licovane) \u0161to omogu\u0107ava lako grananje elektri\u010dnih vodova i njihovo pri\u010dvr\u0161\u0107ivanje na razli\u010dite elemente. Veli\u010dina otvora reguli\u0161e se odstranjivanjem jednog ili vi\u0161e grebena na bo\u010dnim stranicama kanala. Kanali su izra\u0111eni od tvrdog samogasivog PVC-a temperaturno postojanog do temperature od 70C.<\/p>\n<p style=\"text-align: justify;\">Standardno ih proizvodimo u beloj i sivoj boji, ali po \u017eelji kupca se mogu raditi i u svim drugim bojama.<\/p>\n<p>&nbsp;<\/p>\n<p>&nbsp;<\/p>\n<p>&nbsp;<\/p>\n<table style=\"height: 282px; width: 71.5968%;\" width=\"531\">\n<tbody>\n<tr style=\"height: 19px; background-color: #c8e4f7;\">\n<td style=\"text-align: left; width: 34.9032%; height: 19px;\" colspan=\"2\">\u00a0\u00a0\u00a0\u00a0\u00a0\u00a0\u00a0\u00a0\u00a0\u00a0 \u00a0 \u00a0 \u00a0 \u00a0 \u00a0 \u00a0\u00a0\u00a0\u00a0\u00a0\u00a0\u00a0\u00a0\u00a0\u00a0\u00a0\u00a0\u00a0\u00a0 Kodni broj<\/td>\n<td style=\"text-align: center; width: 16.2288%; height: 19px;\">A x B mm<\/td>\n<td style=\"text-align: center; width: 11.6981%; height: 19px;\">Du\u017eina mm<\/td>\n<td style=\"text-align: center; width: 15.8491%; height: 19px;\">Pakovanje kom<\/td>\n<td style=\"text-align: center; width: 17.9245%; height: 19px;\">te\u017eina kg\/100kom<\/td>\n<\/tr>\n<tr style=\"height: 23px;\">\n<td style=\"text-align: center; width: 16.0205%; height: 23px;\">beli<\/td>\n<td style=\"text-align: center; width: 18.8827%; height: 23px;\">sivi<\/td>\n<td style=\"text-align: center; width: 16.2288%; height: 23px;\"><\/td>\n<td style=\"text-align: center; width: 11.6981%; height: 23px;\"><\/td>\n<td style=\"text-align: center; width: 15.8491%; height: 23px;\"><\/td>\n<td style=\"text-align: center; width: 17.9245%; height: 23px;\"><\/td>\n<\/tr>\n<tr style=\"height: 23px;\">\n<td style=\"text-align: center; width: 16.0205%; height: 23px;\">5063040<\/td>\n<td style=\"text-align: center; width: 18.8827%; height: 23px;\">5063041<\/td>\n<td style=\"text-align: center; width: 16.2288%; height: 23px;\">30&#215;40<\/td>\n<td style=\"text-align: center; width: 11.6981%; height: 23px;\">2000<\/td>\n<td style=\"text-align: center; width: 15.8491%; height: 23px;\">25<\/td>\n<td style=\"text-align: center; width: 17.9245%; height: 23px;\">0,60<\/td>\n<\/tr>\n<tr style=\"height: 23px;\">\n<td style=\"text-align: center; width: 16.0205%; height: 23px;\">5063060<\/td>\n<td style=\"text-align: center; width: 18.8827%; height: 23px;\">5063061<\/td>\n<td style=\"text-align: center; width: 16.2288%; height: 23px;\">30 x 60<\/td>\n<td style=\"text-align: center; width: 11.6981%; height: 23px;\">2000<\/td>\n<td style=\"text-align: center; width: 15.8491%; height: 23px;\">20<\/td>\n<td style=\"text-align: center; width: 17.9245%; height: 23px;\">0,70<\/td>\n<\/tr>\n<tr style=\"height: 23px;\">\n<td style=\"text-align: center; width: 16.0205%; height: 23px;\">5064040<\/td>\n<td style=\"text-align: center; width: 18.8827%; height: 23px;\">5064041<\/td>\n<td style=\"text-align: center; width: 16.2288%; height: 23px;\">40 x 40<\/td>\n<td style=\"text-align: center; width: 11.6981%; height: 23px;\">2000<\/td>\n<td style=\"text-align: center; width: 15.8491%; height: 23px;\">20<\/td>\n<td style=\"text-align: center; width: 17.9245%; height: 23px;\">0,65<\/td>\n<\/tr>\n<tr style=\"height: 23px;\">\n<td style=\"text-align: center; width: 16.0205%; height: 23px;\">5064060<\/td>\n<td style=\"text-align: center; width: 18.8827%; height: 23px;\">5064061<\/td>\n<td style=\"text-align: center; width: 16.2288%; height: 23px;\">40 x 60<\/td>\n<td style=\"text-align: center; width: 11.6981%; height: 23px;\">2000<\/td>\n<td style=\"text-align: center; width: 15.8491%; height: 23px;\">20<\/td>\n<td style=\"text-align: center; width: 17.9245%; height: 23px;\">0,90<\/td>\n<\/tr>\n<tr style=\"height: 23px;\">\n<td style=\"text-align: center; width: 16.0205%; height: 23px;\">5066040<\/td>\n<td style=\"text-align: center; width: 18.8827%; height: 23px;\">5066041<\/td>\n<td style=\"text-align: center; width: 16.2288%; height: 23px;\">60 x 40<\/td>\n<td style=\"text-align: center; width: 11.6981%; height: 23px;\">2000<\/td>\n<td style=\"text-align: center; width: 15.8491%; height: 23px;\">20<\/td>\n<td style=\"text-align: center; width: 17.9245%; height: 23px;\">0,88<\/td>\n<\/tr>\n<tr style=\"height: 23px;\">\n<td style=\"text-align: center; width: 16.0205%; height: 23px;\">5066060<\/td>\n<td style=\"text-align: center; width: 18.8827%; height: 23px;\">5066061<\/td>\n<td style=\"text-align: center; width: 16.2288%; height: 23px;\">60 x 60<\/td>\n<td style=\"text-align: center; width: 11.6981%; height: 23px;\">2000<\/td>\n<td style=\"text-align: center; width: 15.8491%; height: 23px;\">16<\/td>\n<td style=\"text-align: center; width: 17.9245%; height: 23px;\">1,14<\/td>\n<\/tr>\n<tr style=\"height: 23px;\">\n<td style=\"text-align: center; width: 16.0205%; height: 23px;\">5066120<\/td>\n<td style=\"text-align: center; width: 18.8827%; height: 23px;\">5066121<\/td>\n<td style=\"text-align: center; width: 16.2288%; height: 23px;\">60 x 120<\/td>\n<td style=\"text-align: center; width: 11.6981%; height: 23px;\">2000<\/td>\n<td style=\"text-align: center; width: 15.8491%; height: 23px;\">10<\/td>\n<td style=\"text-align: center; width: 17.9245%; height: 23px;\">1,92<\/td>\n<\/tr>\n<\/tbody>\n<\/table>\n<p>&nbsp;<\/p>\n","protected":false},"excerpt":{"rendered":"<p>\u0160licovani kanali su vrlo pogodni za izvo\u0111enje i polaganje nadzidnih instalacija u kancelarijama, laboratorijama, radionicama itd. Omogu\u0107avaju laku monta\u017eu, brzu zamenu provodnika pri eventualnim kvarovima kao i naknadno izvo\u0111enje instalacija-o\u017ei\u010davanje. Pru\u017ea sigurnu mehani\u010dku za\u0161titu elektrovoda. Omogu\u0107avaju dobru preglednost i daju instalaciji dobar estetski izgled. Stabilnog su oblika i veoma otporni na dejstvo hemikalija. Pogodni su [&hellip;]<\/p>\n","protected":false},"featured_media":265762,"comment_status":"closed","ping_status":"closed","template":"","meta":[],"product_brand":[],"product_cat":[200],"product_tag":[],"class_list":{"0":"post-3287","1":"product","2":"type-product","3":"status-publish","4":"has-post-thumbnail","6":"product_cat-kanali","8":"first","9":"instock","10":"shipping-taxable","11":"product-type-simple"},"_links":{"self":[{"href":"https:\/\/www.feman.net\/eng\/index.php?rest_route=\/wp\/v2\/product\/3287","targetHints":{"allow":["GET"]}}],"collection":[{"href":"https:\/\/www.feman.net\/eng\/index.php?rest_route=\/wp\/v2\/product"}],"about":[{"href":"https:\/\/www.feman.net\/eng\/index.php?rest_route=\/wp\/v2\/types\/product"}],"replies":[{"embeddable":true,"href":"https:\/\/www.feman.net\/eng\/index.php?rest_route=%2Fwp%2Fv2%2Fcomments&post=3287"}],"wp:featuredmedia":[{"embeddable":true,"href":"https:\/\/www.feman.net\/eng\/index.php?rest_route=\/wp\/v2\/media\/265762"}],"wp:attachment":[{"href":"https:\/\/www.feman.net\/eng\/index.php?rest_route=%2Fwp%2Fv2%2Fmedia&parent=3287"}],"wp:term":[{"taxonomy":"product_brand","embeddable":true,"href":"https:\/\/www.feman.net\/eng\/index.php?rest_route=%2Fwp%2Fv2%2Fproduct_brand&post=3287"},{"taxonomy":"product_cat","embeddable":true,"href":"https:\/\/www.feman.net\/eng\/index.php?rest_route=%2Fwp%2Fv2%2Fproduct_cat&post=3287"},{"taxonomy":"product_tag","embeddable":true,"href":"https:\/\/www.feman.net\/eng\/index.php?rest_route=%2Fwp%2Fv2%2Fproduct_tag&post=3287"}],"curies":[{"name":"wp","href":"https:\/\/api.w.org\/{rel}","templated":true}]}}