{"id":3297,"date":"2015-04-14T09:17:49","date_gmt":"2015-04-14T09:17:49","guid":{"rendered":"http:\/\/feman.net\/?p=3297"},"modified":"2022-11-23T22:22:40","modified_gmt":"2022-11-23T22:22:40","slug":"mufovi-za-fin-cevi","status":"publish","type":"product","link":"https:\/\/www.feman.net\/eng\/?product=mufovi-za-fin-cevi","title":{"rendered":"MUFOVI ZA FIN CEVI"},"content":{"rendered":"<p><a href=\"http:\/\/www.feman.net\/wp-content\/uploads\/2015\/03\/12-13.png\"><img loading=\"lazy\" decoding=\"async\" class=\"alignnone wp-image-1726\" src=\"http:\/\/www.feman.net\/wp-content\/uploads\/2015\/03\/12-13-300x269.png\" alt=\"MUFOVI ZA FIN CEVI\" width=\"230\" height=\"206\" srcset=\"https:\/\/www.feman.net\/eng\/wp-content\/uploads\/2015\/03\/12-13-300x269.png 300w, https:\/\/www.feman.net\/eng\/wp-content\/uploads\/2015\/03\/12-13-335x300.png 335w, https:\/\/www.feman.net\/eng\/wp-content\/uploads\/2015\/03\/12-13-150x134.png 150w, https:\/\/www.feman.net\/eng\/wp-content\/uploads\/2015\/03\/12-13.png 559w\" sizes=\"(max-width: 230px) 100vw, 230px\" \/><\/a><\/p>\n<p>Koriste se za nastavljanje FIN cevi. Izra\u0111uju se od tvrdog samogasivog PVC-a, glatke povr\u0161ine, u sivoj boji RAL 7035. Nastavak i monta\u017ea FIN cevi sa FIN mufovima je brza, laka, pouzdana i jednostavna.<\/p>\n<table style=\"height: 138px; width: 70.21%;\" width=\"500\">\n<tbody>\n<tr style=\"background-color: #c8e4f7;\">\n<td style=\"text-align: center;\">Kodni broj<\/td>\n<td style=\"text-align: center;\">Za FIN cev<\/td>\n<td style=\"text-align: center;\">\u2205 unutr.\/ \u2205 spolj. mm<\/td>\n<td style=\"text-align: center;\">Pakovanje kom<\/td>\n<td style=\"text-align: center;\">Te\u017eina kg\/100kom<\/td>\n<\/tr>\n<tr>\n<td style=\"text-align: center;\">5310109<\/td>\n<td style=\"text-align: center;\">Pg 9<\/td>\n<td style=\"text-align: center;\">15,2\/17,6<\/td>\n<td style=\"text-align: center;\">50<\/td>\n<td style=\"text-align: center;\">6,8<\/td>\n<\/tr>\n<tr>\n<td style=\"text-align: center;\">5310110<\/td>\n<td style=\"text-align: center;\">Pg 11<\/td>\n<td style=\"text-align: center;\">18,6\/21<\/td>\n<td style=\"text-align: center;\">50<\/td>\n<td style=\"text-align: center;\">7,5<\/td>\n<\/tr>\n<tr>\n<td style=\"text-align: center;\">5310130<\/td>\n<td style=\"text-align: center;\">Pg 13,5<\/td>\n<td style=\"text-align: center;\">20,4\/23,1<\/td>\n<td style=\"text-align: center;\">50<\/td>\n<td style=\"text-align: center;\">8<\/td>\n<\/tr>\n<tr>\n<td style=\"text-align: center;\">5310160<\/td>\n<td style=\"text-align: center;\">Pg 16<\/td>\n<td style=\"text-align: center;\">22,5\/25,4<\/td>\n<td style=\"text-align: center;\">50<\/td>\n<td style=\"text-align: center;\">9,6<\/td>\n<\/tr>\n<tr>\n<td style=\"text-align: center;\">5310210<\/td>\n<td style=\"text-align: center;\">Pg 21<\/td>\n<td style=\"text-align: center;\">28,3\/31,5<\/td>\n<td style=\"text-align: center;\">50<\/td>\n<td style=\"text-align: center;\">13,5<\/td>\n<\/tr>\n<tr>\n<td style=\"text-align: center;\">5310290<\/td>\n<td style=\"text-align: center;\">Pg 29<\/td>\n<td style=\"text-align: center;\">37\/40,2<\/td>\n<td style=\"text-align: center;\">25<\/td>\n<td style=\"text-align: center;\">29<\/td>\n<\/tr>\n<tr>\n<td style=\"text-align: center;\">5310360<\/td>\n<td style=\"text-align: center;\">Pg 36<\/td>\n<td style=\"text-align: center;\">47\/51,1<\/td>\n<td style=\"text-align: center;\">25<\/td>\n<td style=\"text-align: center;\">30<\/td>\n<\/tr>\n<tr>\n<td style=\"text-align: center;\">5340516<\/td>\n<td style=\"text-align: center;\">M &#8211; 16<\/td>\n<td style=\"text-align: center;\">16\/18,7<\/td>\n<td style=\"text-align: center;\">50<\/td>\n<td style=\"text-align: center;\">0,6<\/td>\n<\/tr>\n<tr>\n<td style=\"text-align: center;\">5340520<\/td>\n<td style=\"text-align: center;\">M &#8211; 20<\/td>\n<td style=\"text-align: center;\">20\/22,9<\/td>\n<td style=\"text-align: center;\">50<\/td>\n<td style=\"text-align: center;\">0,8<\/td>\n<\/tr>\n<tr>\n<td style=\"text-align: center;\">5340525<\/td>\n<td style=\"text-align: center;\">M &#8211; 25<\/td>\n<td style=\"text-align: center;\">25\/27,9<\/td>\n<td style=\"text-align: center;\">50<\/td>\n<td style=\"text-align: center;\">1,2<\/td>\n<\/tr>\n<tr>\n<td style=\"text-align: center;\">5340532<\/td>\n<td style=\"text-align: center;\">M &#8211; 32<\/td>\n<td style=\"text-align: center;\">32\/35<\/td>\n<td style=\"text-align: center;\">50<\/td>\n<td style=\"text-align: center;\">1,4<\/td>\n<\/tr>\n<tr>\n<td style=\"text-align: center;\">5340540<\/td>\n<td style=\"text-align: center;\">M &#8211; 40<\/td>\n<td style=\"text-align: center;\">40\/43,5<\/td>\n<td style=\"text-align: center;\">50<\/td>\n<td style=\"text-align: center;\">1,6<\/td>\n<\/tr>\n<\/tbody>\n<\/table>\n<p>&nbsp;<\/p>\n","protected":false},"excerpt":{"rendered":"<p>Koriste se za nastavljanje FIN cevi. Izra\u0111uju se od tvrdog samogasivog PVC-a, glatke povr\u0161ine, u sivoj boji RAL 7035. Nastavak i monta\u017ea FIN cevi sa FIN mufovima je brza, laka, pouzdana i jednostavna. Kodni broj Za FIN cev \u2205 unutr.\/ \u2205 spolj. mm Pakovanje kom Te\u017eina kg\/100kom 5310109 Pg 9 15,2\/17,6 50 6,8 5310110 Pg [&hellip;]<\/p>\n","protected":false},"featured_media":265780,"comment_status":"closed","ping_status":"closed","template":"","meta":[],"product_brand":[],"product_cat":[199],"product_tag":[],"class_list":{"0":"post-3297","1":"product","2":"type-product","3":"status-publish","4":"has-post-thumbnail","6":"product_cat-cevi","8":"first","9":"instock","10":"shipping-taxable","11":"product-type-simple"},"_links":{"self":[{"href":"https:\/\/www.feman.net\/eng\/index.php?rest_route=\/wp\/v2\/product\/3297","targetHints":{"allow":["GET"]}}],"collection":[{"href":"https:\/\/www.feman.net\/eng\/index.php?rest_route=\/wp\/v2\/product"}],"about":[{"href":"https:\/\/www.feman.net\/eng\/index.php?rest_route=\/wp\/v2\/types\/product"}],"replies":[{"embeddable":true,"href":"https:\/\/www.feman.net\/eng\/index.php?rest_route=%2Fwp%2Fv2%2Fcomments&post=3297"}],"wp:featuredmedia":[{"embeddable":true,"href":"https:\/\/www.feman.net\/eng\/index.php?rest_route=\/wp\/v2\/media\/265780"}],"wp:attachment":[{"href":"https:\/\/www.feman.net\/eng\/index.php?rest_route=%2Fwp%2Fv2%2Fmedia&parent=3297"}],"wp:term":[{"taxonomy":"product_brand","embeddable":true,"href":"https:\/\/www.feman.net\/eng\/index.php?rest_route=%2Fwp%2Fv2%2Fproduct_brand&post=3297"},{"taxonomy":"product_cat","embeddable":true,"href":"https:\/\/www.feman.net\/eng\/index.php?rest_route=%2Fwp%2Fv2%2Fproduct_cat&post=3297"},{"taxonomy":"product_tag","embeddable":true,"href":"https:\/\/www.feman.net\/eng\/index.php?rest_route=%2Fwp%2Fv2%2Fproduct_tag&post=3297"}],"curies":[{"name":"wp","href":"https:\/\/api.w.org\/{rel}","templated":true}]}}