{"id":3301,"date":"2015-04-14T09:32:04","date_gmt":"2015-04-14T09:32:04","guid":{"rendered":"http:\/\/feman.net\/?p=3301"},"modified":"2022-11-23T22:14:39","modified_gmt":"2022-11-23T22:14:39","slug":"metalne-obujmice","status":"publish","type":"product","link":"https:\/\/www.feman.net\/eng\/?product=metalne-obujmice","title":{"rendered":"METALNE OBUJMICE"},"content":{"rendered":"<p><a href=\"http:\/\/www.feman.net\/wp-content\/uploads\/2015\/03\/12-32.png\"><img loading=\"lazy\" decoding=\"async\" class=\"alignnone wp-image-1728 \" src=\"http:\/\/www.feman.net\/wp-content\/uploads\/2015\/03\/12-32-300x164.png\" alt=\"METALNE OBUJMICE\" width=\"229\" height=\"125\" srcset=\"https:\/\/www.feman.net\/eng\/wp-content\/uploads\/2015\/03\/12-32-300x164.png 300w, https:\/\/www.feman.net\/eng\/wp-content\/uploads\/2015\/03\/12-32-150x82.png 150w, https:\/\/www.feman.net\/eng\/wp-content\/uploads\/2015\/03\/12-32.png 402w\" sizes=\"(max-width: 229px) 100vw, 229px\" \/><\/a><\/p>\n<p>Koriste se za izvo|enje el. instalacija na zidu, tj. za pri\u010dvr\u0161\u0107ivanje instalacionih cevi. Izra\u0111ene su od lima i za\u0161ti\u0107ene od korozije cinkovanjem.<\/p>\n<table style=\"height: 230px; width: 74.5739%;\" width=\"575\">\n<tbody>\n<tr style=\"height: 23px; background-color: #c8e4f7;\">\n<td style=\"text-align: center; height: 23px; width: 14.2326%;\">Kodni broj<\/td>\n<td style=\"text-align: center; height: 23px; width: 14.6047%;\">Za FIN cevi<\/td>\n<td style=\"text-align: center; height: 23px; width: 25.3023%;\">Pre\u010dnik otvora mm<\/td>\n<td style=\"text-align: center; height: 23px; width: 20.3721%;\">Pakovanje kom<\/td>\n<td style=\"text-align: center; height: 23px; width: 24.093%;\">Te\u017eina kg\/100kom<\/td>\n<\/tr>\n<tr style=\"height: 23px;\">\n<td style=\"text-align: center; height: 23px; width: 14.2326%;\">5340109<\/td>\n<td style=\"text-align: center; height: 23px; width: 14.6047%;\">Pg 9<\/td>\n<td style=\"text-align: center; height: 23px; width: 25.3023%;\">15,2<\/td>\n<td style=\"text-align: center; height: 23px; width: 20.3721%;\">100<\/td>\n<td style=\"text-align: center; height: 23px; width: 24.093%;\">0,7<\/td>\n<\/tr>\n<tr style=\"height: 23px;\">\n<td style=\"text-align: center; height: 23px; width: 14.2326%;\">5340111<\/td>\n<td style=\"text-align: center; height: 23px; width: 14.6047%;\">Pg 11<\/td>\n<td style=\"text-align: center; height: 23px; width: 25.3023%;\">18,6<\/td>\n<td style=\"text-align: center; height: 23px; width: 20.3721%;\">100<\/td>\n<td style=\"text-align: center; height: 23px; width: 24.093%;\">0,8<\/td>\n<\/tr>\n<tr style=\"height: 23px;\">\n<td style=\"text-align: center; height: 23px; width: 14.2326%;\">5340113<\/td>\n<td style=\"text-align: center; height: 23px; width: 14.6047%;\">Pg 13,5<\/td>\n<td style=\"text-align: center; height: 23px; width: 25.3023%;\">20,9<\/td>\n<td style=\"text-align: center; height: 23px; width: 20.3721%;\">100<\/td>\n<td style=\"text-align: center; height: 23px; width: 24.093%;\">0,9<\/td>\n<\/tr>\n<tr style=\"height: 23px;\">\n<td style=\"text-align: center; height: 23px; width: 14.2326%;\">5340116<\/td>\n<td style=\"text-align: center; height: 23px; width: 14.6047%;\">Pg 16<\/td>\n<td style=\"text-align: center; height: 23px; width: 25.3023%;\">22,5<\/td>\n<td style=\"text-align: center; height: 23px; width: 20.3721%;\">100<\/td>\n<td style=\"text-align: center; height: 23px; width: 24.093%;\">0,9<\/td>\n<\/tr>\n<tr style=\"height: 23px;\">\n<td style=\"text-align: center; height: 23px; width: 14.2326%;\">5340121<\/td>\n<td style=\"text-align: center; height: 23px; width: 14.6047%;\">Pg 21<\/td>\n<td style=\"text-align: center; height: 23px; width: 25.3023%;\">28,3<\/td>\n<td style=\"text-align: center; height: 23px; width: 20.3721%;\">50<\/td>\n<td style=\"text-align: center; height: 23px; width: 24.093%;\">1<\/td>\n<\/tr>\n<tr style=\"height: 23px;\">\n<td style=\"text-align: center; height: 23px; width: 14.2326%;\">5340129<\/td>\n<td style=\"text-align: center; height: 23px; width: 14.6047%;\">Pg 29<\/td>\n<td style=\"text-align: center; height: 23px; width: 25.3023%;\">37<\/td>\n<td style=\"text-align: center; height: 23px; width: 20.3721%;\">50<\/td>\n<td style=\"text-align: center; height: 23px; width: 24.093%;\">1,3<\/td>\n<\/tr>\n<tr style=\"height: 23px;\">\n<td style=\"text-align: center; height: 23px; width: 14.2326%;\">5340136<\/td>\n<td style=\"text-align: center; height: 23px; width: 14.6047%;\">Pg 36<\/td>\n<td style=\"text-align: center; height: 23px; width: 25.3023%;\">47<\/td>\n<td style=\"text-align: center; height: 23px; width: 20.3721%;\">25<\/td>\n<td style=\"text-align: center; height: 23px; width: 24.093%;\">2,2<\/td>\n<\/tr>\n<tr style=\"height: 23px;\">\n<td style=\"text-align: center; height: 23px; width: 14.2326%;\">5340142<\/td>\n<td style=\"text-align: center; height: 23px; width: 14.6047%;\">Pg 42<\/td>\n<td style=\"text-align: center; height: 23px; width: 25.3023%;\">54<\/td>\n<td style=\"text-align: center; height: 23px; width: 20.3721%;\">25<\/td>\n<td style=\"text-align: center; height: 23px; width: 24.093%;\">3,1<\/td>\n<\/tr>\n<tr style=\"height: 23px;\">\n<td style=\"text-align: center; height: 23px; width: 14.2326%;\">5340148<\/td>\n<td style=\"text-align: center; height: 23px; width: 14.6047%;\">Pg 48<\/td>\n<td style=\"text-align: center; height: 23px; width: 25.3023%;\">59,6<\/td>\n<td style=\"text-align: center; height: 23px; width: 20.3721%;\">25<\/td>\n<td style=\"text-align: center; height: 23px; width: 24.093%;\">3,6<\/td>\n<\/tr>\n<\/tbody>\n<\/table>\n<p>&nbsp;<\/p>\n","protected":false},"excerpt":{"rendered":"<p>Koriste se za izvo|enje el. instalacija na zidu, tj. za pri\u010dvr\u0161\u0107ivanje instalacionih cevi. Izra\u0111ene su od lima i za\u0161ti\u0107ene od korozije cinkovanjem. Kodni broj Za FIN cevi Pre\u010dnik otvora mm Pakovanje kom Te\u017eina kg\/100kom 5340109 Pg 9 15,2 100 0,7 5340111 Pg 11 18,6 100 0,8 5340113 Pg 13,5 20,9 100 0,9 5340116 Pg 16 [&hellip;]<\/p>\n","protected":false},"featured_media":0,"comment_status":"closed","ping_status":"closed","template":"","meta":[],"product_brand":[],"product_cat":[203],"product_tag":[],"class_list":{"0":"post-3301","1":"product","2":"type-product","3":"status-publish","5":"product_cat-instalacioni-pribor-ostalo","7":"first","8":"instock","9":"shipping-taxable","10":"product-type-simple"},"_links":{"self":[{"href":"https:\/\/www.feman.net\/eng\/index.php?rest_route=\/wp\/v2\/product\/3301","targetHints":{"allow":["GET"]}}],"collection":[{"href":"https:\/\/www.feman.net\/eng\/index.php?rest_route=\/wp\/v2\/product"}],"about":[{"href":"https:\/\/www.feman.net\/eng\/index.php?rest_route=\/wp\/v2\/types\/product"}],"replies":[{"embeddable":true,"href":"https:\/\/www.feman.net\/eng\/index.php?rest_route=%2Fwp%2Fv2%2Fcomments&post=3301"}],"wp:attachment":[{"href":"https:\/\/www.feman.net\/eng\/index.php?rest_route=%2Fwp%2Fv2%2Fmedia&parent=3301"}],"wp:term":[{"taxonomy":"product_brand","embeddable":true,"href":"https:\/\/www.feman.net\/eng\/index.php?rest_route=%2Fwp%2Fv2%2Fproduct_brand&post=3301"},{"taxonomy":"product_cat","embeddable":true,"href":"https:\/\/www.feman.net\/eng\/index.php?rest_route=%2Fwp%2Fv2%2Fproduct_cat&post=3301"},{"taxonomy":"product_tag","embeddable":true,"href":"https:\/\/www.feman.net\/eng\/index.php?rest_route=%2Fwp%2Fv2%2Fproduct_tag&post=3301"}],"curies":[{"name":"wp","href":"https:\/\/api.w.org\/{rel}","templated":true}]}}