{"id":3310,"date":"2015-04-14T11:59:59","date_gmt":"2015-04-14T11:59:59","guid":{"rendered":"http:\/\/feman.net\/?p=3310"},"modified":"2022-03-19T15:19:30","modified_gmt":"2022-03-19T15:19:30","slug":"cetvrtasta-razvodna-kutija-2","status":"publish","type":"product","link":"https:\/\/www.feman.net\/eng\/?product=cetvrtasta-razvodna-kutija-2","title":{"rendered":"\u010cETVRTASTA RAZVODNA KUTIJA"},"content":{"rendered":"<p>Koriste se kao nadzidne razvodne kutije za sve vrste instalacija. Izra\u0111enje su od tvrdog samogasivog PVC-a. Na kutijama postoje nazna\u010dena mesta za uvod kablova. U kombinaciji sa brtvenicama kutija obezbe\u0111uje stepen<\/p>\n<p><a href=\"http:\/\/www.feman.net\/wp-content\/uploads\/2015\/03\/13-23.png\"><img loading=\"lazy\" decoding=\"async\" class=\"alignnone wp-image-1730\" src=\"http:\/\/www.feman.net\/wp-content\/uploads\/2015\/03\/13-23-300x276.png\" alt=\"\u010cETVRTASTA RAZVODNA KUTIJA\" width=\"271\" height=\"249\" srcset=\"https:\/\/www.feman.net\/eng\/wp-content\/uploads\/2015\/03\/13-23-300x276.png 300w, https:\/\/www.feman.net\/eng\/wp-content\/uploads\/2015\/03\/13-23-326x300.png 326w, https:\/\/www.feman.net\/eng\/wp-content\/uploads\/2015\/03\/13-23-150x138.png 150w, https:\/\/www.feman.net\/eng\/wp-content\/uploads\/2015\/03\/13-23.png 493w\" sizes=\"(max-width: 271px) 100vw, 271px\" \/><\/a><\/p>\n<table style=\"height: 137px;\" width=\"489\">\n<tbody>\n<tr>\n<td>Kodni broj<\/td>\n<td>Dimenzije mm<\/td>\n<td>Pakovanje kom<\/td>\n<td>Te\u017eina kg\/100kom<\/td>\n<\/tr>\n<tr>\n<td>5110040<\/td>\n<td>110x110x70<\/td>\n<td>100<\/td>\n<td>18,2<\/td>\n<\/tr>\n<tr>\n<td>5129090<\/td>\n<td>90x90x55<\/td>\n<td>100<\/td>\n<td>11,8<\/td>\n<\/tr>\n<\/tbody>\n<\/table>\n<p><a href=\"http:\/\/www.feman.net\/wp-content\/uploads\/2015\/03\/13-31.png\"><img loading=\"lazy\" decoding=\"async\" class=\"alignnone wp-image-1731\" src=\"http:\/\/www.feman.net\/wp-content\/uploads\/2015\/03\/13-31-150x150.png\" alt=\"13-3\" width=\"203\" height=\"203\" srcset=\"https:\/\/www.feman.net\/eng\/wp-content\/uploads\/2015\/03\/13-31-150x150.png 150w, https:\/\/www.feman.net\/eng\/wp-content\/uploads\/2015\/03\/13-31-100x100.png 100w\" sizes=\"(max-width: 203px) 100vw, 203px\" \/><\/a><a href=\"http:\/\/www.feman.net\/wp-content\/uploads\/2015\/03\/13-41.png\"><img loading=\"lazy\" decoding=\"async\" class=\"alignnone wp-image-1732\" src=\"http:\/\/www.feman.net\/wp-content\/uploads\/2015\/03\/13-41-150x150.png\" alt=\"13-4\" width=\"195\" height=\"195\" srcset=\"https:\/\/www.feman.net\/eng\/wp-content\/uploads\/2015\/03\/13-41-150x150.png 150w, https:\/\/www.feman.net\/eng\/wp-content\/uploads\/2015\/03\/13-41-100x100.png 100w\" sizes=\"(max-width: 195px) 100vw, 195px\" \/><\/a><\/p>\n","protected":false},"excerpt":{"rendered":"<p>Koriste se kao nadzidne razvodne kutije za sve vrste instalacija. Izra\u0111enje su od tvrdog samogasivog PVC-a. Na kutijama postoje nazna\u010dena mesta za uvod kablova. U kombinaciji sa brtvenicama kutija obezbe\u0111uje stepen Kodni broj Dimenzije mm Pakovanje kom Te\u017eina kg\/100kom 5110040 110x110x70 100 18,2 5129090 90x90x55 100 11,8<\/p>\n","protected":false},"featured_media":265838,"comment_status":"closed","ping_status":"closed","template":"","meta":[],"product_brand":[],"product_cat":[204],"product_tag":[],"class_list":{"0":"post-3310","1":"product","2":"type-product","3":"status-publish","4":"has-post-thumbnail","6":"product_cat-razvodne-kutije","8":"first","9":"instock","10":"shipping-taxable","11":"product-type-simple"},"_links":{"self":[{"href":"https:\/\/www.feman.net\/eng\/index.php?rest_route=\/wp\/v2\/product\/3310","targetHints":{"allow":["GET"]}}],"collection":[{"href":"https:\/\/www.feman.net\/eng\/index.php?rest_route=\/wp\/v2\/product"}],"about":[{"href":"https:\/\/www.feman.net\/eng\/index.php?rest_route=\/wp\/v2\/types\/product"}],"replies":[{"embeddable":true,"href":"https:\/\/www.feman.net\/eng\/index.php?rest_route=%2Fwp%2Fv2%2Fcomments&post=3310"}],"wp:featuredmedia":[{"embeddable":true,"href":"https:\/\/www.feman.net\/eng\/index.php?rest_route=\/wp\/v2\/media\/265838"}],"wp:attachment":[{"href":"https:\/\/www.feman.net\/eng\/index.php?rest_route=%2Fwp%2Fv2%2Fmedia&parent=3310"}],"wp:term":[{"taxonomy":"product_brand","embeddable":true,"href":"https:\/\/www.feman.net\/eng\/index.php?rest_route=%2Fwp%2Fv2%2Fproduct_brand&post=3310"},{"taxonomy":"product_cat","embeddable":true,"href":"https:\/\/www.feman.net\/eng\/index.php?rest_route=%2Fwp%2Fv2%2Fproduct_cat&post=3310"},{"taxonomy":"product_tag","embeddable":true,"href":"https:\/\/www.feman.net\/eng\/index.php?rest_route=%2Fwp%2Fv2%2Fproduct_tag&post=3310"}],"curies":[{"name":"wp","href":"https:\/\/api.w.org\/{rel}","templated":true}]}}