{"id":3312,"date":"2015-04-14T12:01:35","date_gmt":"2015-04-14T12:01:35","guid":{"rendered":"http:\/\/feman.net\/?p=3312"},"modified":"2022-03-01T18:48:32","modified_gmt":"2022-03-01T18:48:32","slug":"nazidna-razvodna-kutija-sa-klemama","status":"publish","type":"product","link":"https:\/\/www.feman.net\/eng\/?product=nazidna-razvodna-kutija-sa-klemama","title":{"rendered":"NAZIDNA RAZVODNA KUTIJA SA KLEMAMA"},"content":{"rendered":"<p>&nbsp;<\/p>\n<p>Ovo je veoma prakti\u010dna razvodna kutija jer se ra\u010dvanje instalacija vr\u0161i kori\u0161\u0107enjem klema \u0161to u mnogome ubrzava rad i pove\u0107ava pouzdanost.<\/p>\n<p>&nbsp;<\/p>\n<ul>\n<li><strong>Dimenzije: 80 x 80 mm<a href=\"http:\/\/www.feman.net\/wp-content\/uploads\/2015\/03\/14-14.png\"><img loading=\"lazy\" decoding=\"async\" class=\"alignright wp-image-1733 size-medium\" src=\"http:\/\/www.feman.net\/wp-content\/uploads\/2015\/03\/14-14-300x170.png\" alt=\"NAZIDNA RAZVODNA KUTIJA SA KLEMAMA\" width=\"300\" height=\"170\" srcset=\"https:\/\/www.feman.net\/eng\/wp-content\/uploads\/2015\/03\/14-14-300x170.png 300w, https:\/\/www.feman.net\/eng\/wp-content\/uploads\/2015\/03\/14-14-600x340.png 600w, https:\/\/www.feman.net\/eng\/wp-content\/uploads\/2015\/03\/14-14-150x85.png 150w, https:\/\/www.feman.net\/eng\/wp-content\/uploads\/2015\/03\/14-14.png 634w\" sizes=\"(max-width: 300px) 100vw, 300px\" \/><\/a><\/strong><\/li>\n<li><strong>Pakovanje: 100 kom<\/strong><\/li>\n<li><strong>T<\/strong><strong>e\u017eina: 7 kg\/100kom<\/strong><\/li>\n<li><strong>Kodni broj: 5138080<\/strong><\/li>\n<\/ul>\n<p>&nbsp;<\/p>\n<p>&nbsp;<\/p>\n<p>&nbsp;<\/p>\n<p>&nbsp;<\/p>\n<p>&nbsp;<\/p>\n<p>&nbsp;<\/p>\n<p>&nbsp;<\/p>\n","protected":false},"excerpt":{"rendered":"<p>&nbsp; Ovo je veoma prakti\u010dna razvodna kutija jer se ra\u010dvanje instalacija vr\u0161i kori\u0161\u0107enjem klema \u0161to u mnogome ubrzava rad i pove\u0107ava pouzdanost. &nbsp; Dimenzije: 80 x 80 mm Pakovanje: 100 kom Te\u017eina: 7 kg\/100kom Kodni broj: 5138080 &nbsp; &nbsp; &nbsp; &nbsp; &nbsp; &nbsp; &nbsp;<\/p>\n","protected":false},"featured_media":0,"comment_status":"closed","ping_status":"closed","template":"","meta":[],"product_brand":[],"product_cat":[204],"product_tag":[],"class_list":{"0":"post-3312","1":"product","2":"type-product","3":"status-publish","5":"product_cat-razvodne-kutije","7":"first","8":"instock","9":"shipping-taxable","10":"product-type-simple"},"_links":{"self":[{"href":"https:\/\/www.feman.net\/eng\/index.php?rest_route=\/wp\/v2\/product\/3312","targetHints":{"allow":["GET"]}}],"collection":[{"href":"https:\/\/www.feman.net\/eng\/index.php?rest_route=\/wp\/v2\/product"}],"about":[{"href":"https:\/\/www.feman.net\/eng\/index.php?rest_route=\/wp\/v2\/types\/product"}],"replies":[{"embeddable":true,"href":"https:\/\/www.feman.net\/eng\/index.php?rest_route=%2Fwp%2Fv2%2Fcomments&post=3312"}],"wp:attachment":[{"href":"https:\/\/www.feman.net\/eng\/index.php?rest_route=%2Fwp%2Fv2%2Fmedia&parent=3312"}],"wp:term":[{"taxonomy":"product_brand","embeddable":true,"href":"https:\/\/www.feman.net\/eng\/index.php?rest_route=%2Fwp%2Fv2%2Fproduct_brand&post=3312"},{"taxonomy":"product_cat","embeddable":true,"href":"https:\/\/www.feman.net\/eng\/index.php?rest_route=%2Fwp%2Fv2%2Fproduct_cat&post=3312"},{"taxonomy":"product_tag","embeddable":true,"href":"https:\/\/www.feman.net\/eng\/index.php?rest_route=%2Fwp%2Fv2%2Fproduct_tag&post=3312"}],"curies":[{"name":"wp","href":"https:\/\/api.w.org\/{rel}","templated":true}]}}