{"id":3333,"date":"2015-04-14T12:27:17","date_gmt":"2015-04-14T12:27:17","guid":{"rendered":"http:\/\/feman.net\/?p=3333"},"modified":"2022-03-01T18:47:28","modified_gmt":"2022-03-01T18:47:28","slug":"instalacione-uzidne-modularne-kutije","status":"publish","type":"product","link":"https:\/\/www.feman.net\/eng\/?product=instalacione-uzidne-modularne-kutije","title":{"rendered":"INSTALACIONE UZIDNE MODULARNE KUTIJE"},"content":{"rendered":"<p>&nbsp;<\/p>\n<p>Ove kutije se ni\u017eu, imaju dva uvoda i koriste se za sve vrste uzidnih priklju\u010dnica i prekida\u010da.<\/p>\n<p>&nbsp;<\/p>\n<ul>\n<li><strong>Dimenzije: \u00f860 x 60 mm <\/strong><\/li>\n<li><strong>Pakovanje: 100 kom<\/strong><\/li>\n<li><strong>T<\/strong><strong>e\u017eina: 2 kg\/100kom<\/strong><\/li>\n<li><strong>Kodni broj: 5136060<a href=\"http:\/\/www.feman.net\/wp-content\/uploads\/2015\/03\/15-42.png\"><img loading=\"lazy\" decoding=\"async\" class=\"alignright wp-image-1744\" src=\"http:\/\/www.feman.net\/wp-content\/uploads\/2015\/03\/15-42-270x300.png\" alt=\"INSTALACIONE UZIDNE MODULARNE KUTIJE\" width=\"238\" height=\"264\" srcset=\"https:\/\/www.feman.net\/eng\/wp-content\/uploads\/2015\/03\/15-42-270x300.png 270w, https:\/\/www.feman.net\/eng\/wp-content\/uploads\/2015\/03\/15-42-300x333.png 300w, https:\/\/www.feman.net\/eng\/wp-content\/uploads\/2015\/03\/15-42-150x166.png 150w, https:\/\/www.feman.net\/eng\/wp-content\/uploads\/2015\/03\/15-42.png 302w\" sizes=\"(max-width: 238px) 100vw, 238px\" \/><\/a><\/strong><\/li>\n<\/ul>\n<p>&nbsp;<\/p>\n<p>&nbsp;<\/p>\n<p>&nbsp;<\/p>\n<p>&nbsp;<\/p>\n<p>&nbsp;<\/p>\n<p>&nbsp;<\/p>\n<p>&nbsp;<\/p>\n<p>&nbsp;<\/p>\n","protected":false},"excerpt":{"rendered":"<p>&nbsp; Ove kutije se ni\u017eu, imaju dva uvoda i koriste se za sve vrste uzidnih priklju\u010dnica i prekida\u010da. &nbsp; Dimenzije: \u00f860 x 60 mm Pakovanje: 100 kom Te\u017eina: 2 kg\/100kom Kodni broj: 5136060 &nbsp; &nbsp; &nbsp; &nbsp; &nbsp; &nbsp; &nbsp; &nbsp;<\/p>\n","protected":false},"featured_media":0,"comment_status":"closed","ping_status":"closed","template":"","meta":[],"product_brand":[],"product_cat":[204],"product_tag":[],"class_list":{"0":"post-3333","1":"product","2":"type-product","3":"status-publish","5":"product_cat-razvodne-kutije","7":"first","8":"instock","9":"shipping-taxable","10":"product-type-simple"},"_links":{"self":[{"href":"https:\/\/www.feman.net\/eng\/index.php?rest_route=\/wp\/v2\/product\/3333","targetHints":{"allow":["GET"]}}],"collection":[{"href":"https:\/\/www.feman.net\/eng\/index.php?rest_route=\/wp\/v2\/product"}],"about":[{"href":"https:\/\/www.feman.net\/eng\/index.php?rest_route=\/wp\/v2\/types\/product"}],"replies":[{"embeddable":true,"href":"https:\/\/www.feman.net\/eng\/index.php?rest_route=%2Fwp%2Fv2%2Fcomments&post=3333"}],"wp:attachment":[{"href":"https:\/\/www.feman.net\/eng\/index.php?rest_route=%2Fwp%2Fv2%2Fmedia&parent=3333"}],"wp:term":[{"taxonomy":"product_brand","embeddable":true,"href":"https:\/\/www.feman.net\/eng\/index.php?rest_route=%2Fwp%2Fv2%2Fproduct_brand&post=3333"},{"taxonomy":"product_cat","embeddable":true,"href":"https:\/\/www.feman.net\/eng\/index.php?rest_route=%2Fwp%2Fv2%2Fproduct_cat&post=3333"},{"taxonomy":"product_tag","embeddable":true,"href":"https:\/\/www.feman.net\/eng\/index.php?rest_route=%2Fwp%2Fv2%2Fproduct_tag&post=3333"}],"curies":[{"name":"wp","href":"https:\/\/api.w.org\/{rel}","templated":true}]}}