{"id":3346,"date":"2015-04-14T12:51:28","date_gmt":"2015-04-14T12:51:28","guid":{"rendered":"http:\/\/feman.net\/?p=3346"},"modified":"2022-03-01T18:46:52","modified_gmt":"2022-03-01T18:46:52","slug":"instalaciona-uzidna-razvodna-kutija-za-rigips-okrugla","status":"publish","type":"product","link":"https:\/\/www.feman.net\/eng\/?product=instalaciona-uzidna-razvodna-kutija-za-rigips-okrugla","title":{"rendered":"INSTALACIONA UZIDNA RAZVODNA KUTIJA ZA RIGIPS &#8211; OKRUGLA"},"content":{"rendered":"<p>&nbsp;<\/p>\n<p>Koristi se za povezivanje instalacija kao uzidna razvodna kutija kod rigips plo\u010da.<\/p>\n<p>&nbsp;<\/p>\n<ul>\n<li><strong>Dimenzije: \u00f8 80&#215;45 mm <\/strong><\/li>\n<li><strong>Pakovanje: 50 kom<\/strong><\/li>\n<li><strong>T<\/strong><strong>e\u017eina: 3,4 kg\/100kom<\/strong><\/li>\n<li><strong>Kodni broj: 5116042<a href=\"http:\/\/www.feman.net\/wp-content\/uploads\/2015\/03\/16-23.png\"><img loading=\"lazy\" decoding=\"async\" class=\"alignright wp-image-1747\" src=\"http:\/\/www.feman.net\/wp-content\/uploads\/2015\/03\/16-23-300x242.png\" alt=\"INSTALACIONA UZIDNA RAZVODNA KUTIJA ZA RIGIPS - OKRUGLA\" width=\"267\" height=\"215\" srcset=\"https:\/\/www.feman.net\/eng\/wp-content\/uploads\/2015\/03\/16-23-300x242.png 300w, https:\/\/www.feman.net\/eng\/wp-content\/uploads\/2015\/03\/16-23-371x300.png 371w, https:\/\/www.feman.net\/eng\/wp-content\/uploads\/2015\/03\/16-23-150x121.png 150w, https:\/\/www.feman.net\/eng\/wp-content\/uploads\/2015\/03\/16-23.png 411w\" sizes=\"(max-width: 267px) 100vw, 267px\" \/><\/a><\/strong><\/li>\n<\/ul>\n<p>&nbsp;<\/p>\n<p>&nbsp;<\/p>\n<p>&nbsp;<\/p>\n<p>&nbsp;<\/p>\n<p>&nbsp;<\/p>\n<p>&nbsp;<\/p>\n<p>&nbsp;<\/p>\n","protected":false},"excerpt":{"rendered":"<p>&nbsp; Koristi se za povezivanje instalacija kao uzidna razvodna kutija kod rigips plo\u010da. &nbsp; Dimenzije: \u00f8 80&#215;45 mm Pakovanje: 50 kom Te\u017eina: 3,4 kg\/100kom Kodni broj: 5116042 &nbsp; &nbsp; &nbsp; &nbsp; &nbsp; &nbsp; &nbsp;<\/p>\n","protected":false},"featured_media":0,"comment_status":"closed","ping_status":"closed","template":"","meta":[],"product_brand":[],"product_cat":[204],"product_tag":[],"class_list":{"0":"post-3346","1":"product","2":"type-product","3":"status-publish","5":"product_cat-razvodne-kutije","7":"first","8":"instock","9":"shipping-taxable","10":"product-type-simple"},"_links":{"self":[{"href":"https:\/\/www.feman.net\/eng\/index.php?rest_route=\/wp\/v2\/product\/3346","targetHints":{"allow":["GET"]}}],"collection":[{"href":"https:\/\/www.feman.net\/eng\/index.php?rest_route=\/wp\/v2\/product"}],"about":[{"href":"https:\/\/www.feman.net\/eng\/index.php?rest_route=\/wp\/v2\/types\/product"}],"replies":[{"embeddable":true,"href":"https:\/\/www.feman.net\/eng\/index.php?rest_route=%2Fwp%2Fv2%2Fcomments&post=3346"}],"wp:attachment":[{"href":"https:\/\/www.feman.net\/eng\/index.php?rest_route=%2Fwp%2Fv2%2Fmedia&parent=3346"}],"wp:term":[{"taxonomy":"product_brand","embeddable":true,"href":"https:\/\/www.feman.net\/eng\/index.php?rest_route=%2Fwp%2Fv2%2Fproduct_brand&post=3346"},{"taxonomy":"product_cat","embeddable":true,"href":"https:\/\/www.feman.net\/eng\/index.php?rest_route=%2Fwp%2Fv2%2Fproduct_cat&post=3346"},{"taxonomy":"product_tag","embeddable":true,"href":"https:\/\/www.feman.net\/eng\/index.php?rest_route=%2Fwp%2Fv2%2Fproduct_tag&post=3346"}],"curies":[{"name":"wp","href":"https:\/\/api.w.org\/{rel}","templated":true}]}}