{"id":3349,"date":"2015-04-14T12:56:34","date_gmt":"2015-04-14T12:56:34","guid":{"rendered":"http:\/\/feman.net\/?p=3349"},"modified":"2022-11-23T22:26:11","modified_gmt":"2022-11-23T22:26:11","slug":"pe-cevi-za-polaganje-elektricnih-instalacija-u-beton","status":"publish","type":"product","link":"https:\/\/www.feman.net\/eng\/?product=pe-cevi-za-polaganje-elektricnih-instalacija-u-beton","title":{"rendered":"PE CEVI ZA POLAGANJE ELEKTRI\u010cNIH INSTALACIJA U BETON"},"content":{"rendered":"<p><a href=\"http:\/\/www.feman.net\/wp-content\/uploads\/2015\/03\/16-32.png\"><img loading=\"lazy\" decoding=\"async\" class=\"alignnone wp-image-1748\" src=\"http:\/\/www.feman.net\/wp-content\/uploads\/2015\/03\/16-32-300x204.png\" alt=\"PE CEVI ZA POLAGANJE ELEKTRI\u010cNIH INSTALACIJA U BETON\" width=\"271\" height=\"184\" srcset=\"https:\/\/www.feman.net\/eng\/wp-content\/uploads\/2015\/03\/16-32-300x204.png 300w, https:\/\/www.feman.net\/eng\/wp-content\/uploads\/2015\/03\/16-32-600x408.png 600w, https:\/\/www.feman.net\/eng\/wp-content\/uploads\/2015\/03\/16-32-150x102.png 150w, https:\/\/www.feman.net\/eng\/wp-content\/uploads\/2015\/03\/16-32.png 713w\" sizes=\"(max-width: 271px) 100vw, 271px\" \/><\/a><\/p>\n<p style=\"text-align: justify;\">Koriste se za polaganje u betonskim konstrukcijama kao i za polaganje EL i TT instalacija u plo\u010dama objekta pre betona\u017ee. Izra\u0111ene su od samogasivog polietilena po evropskim standardima. Savitljive su i lako se pola\u017eu u svim uglovima. Kroz njih se lako provla\u010de sve vrste provodnika &#8211; kablova.Odlikuju se velikom otporno\u0161\u0107u na pritisak japanerom, kolicima, u toku izlivanja betona pumpom kao i na sva druga mogu\u0107a o\u0161te\u0107enja. Za razliku od grkljan creva u praaksi su se pokazala kao daleko pouzdanija i efikasnija.<\/p>\n<table style=\"height: 138px; width: 69.1187%;\" width=\"593\">\n<tbody>\n<tr style=\"height: 23px; background-color: #c8e4f7;\">\n<td style=\"width: 14.5516%; text-align: center; height: 23px;\">Kodni broj<\/td>\n<td style=\"width: 18.2741%; text-align: center; height: 23px;\">Tip<\/td>\n<td style=\"width: 30.1184%; text-align: center; height: 23px;\">Spolja\u0161nji pre\u010dnik mm<\/td>\n<td style=\"width: 17.7665%; text-align: center; height: 23px;\">Pakovanje m<\/td>\n<td style=\"width: 16.7513%; text-align: center; height: 23px;\">Te\u017eina kg\/m<\/td>\n<\/tr>\n<tr style=\"height: 23px;\">\n<td style=\"width: 14.5516%; text-align: center; height: 23px;\">5330016<\/td>\n<td style=\"width: 18.2741%; text-align: center; height: 23px;\">PE CEVI M-16<\/td>\n<td style=\"width: 30.1184%; text-align: center; height: 23px;\">16<\/td>\n<td style=\"width: 17.7665%; text-align: center; height: 23px;\">50<\/td>\n<td style=\"width: 16.7513%; text-align: center; height: 23px;\">0,08<\/td>\n<\/tr>\n<tr style=\"height: 23px;\">\n<td style=\"width: 14.5516%; text-align: center; height: 23px;\">5330020<\/td>\n<td style=\"width: 18.2741%; text-align: center; height: 23px;\">PE CEVI M-20<\/td>\n<td style=\"width: 30.1184%; text-align: center; height: 23px;\">20<\/td>\n<td style=\"width: 17.7665%; text-align: center; height: 23px;\">50<\/td>\n<td style=\"width: 16.7513%; text-align: center; height: 23px;\">0,11<\/td>\n<\/tr>\n<tr style=\"height: 23px;\">\n<td style=\"width: 14.5516%; text-align: center; height: 23px;\">5330025<\/td>\n<td style=\"width: 18.2741%; text-align: center; height: 23px;\">PE CEVI M-25<\/td>\n<td style=\"width: 30.1184%; text-align: center; height: 23px;\">25<\/td>\n<td style=\"width: 17.7665%; text-align: center; height: 23px;\">50<\/td>\n<td style=\"width: 16.7513%; text-align: center; height: 23px;\">0,15<\/td>\n<\/tr>\n<tr style=\"height: 23px;\">\n<td style=\"width: 14.5516%; text-align: center; height: 23px;\">5330032<\/td>\n<td style=\"width: 18.2741%; text-align: center; height: 23px;\">PE CEVI M-32<\/td>\n<td style=\"width: 30.1184%; text-align: center; height: 23px;\">32<\/td>\n<td style=\"width: 17.7665%; text-align: center; height: 23px;\">25<\/td>\n<td style=\"width: 16.7513%; text-align: center; height: 23px;\">0,23<\/td>\n<\/tr>\n<tr style=\"height: 23px;\">\n<td style=\"width: 14.5516%; text-align: center; height: 23px;\">5330040<\/td>\n<td style=\"width: 18.2741%; text-align: center; height: 23px;\">PE CEVI M-40<\/td>\n<td style=\"width: 30.1184%; text-align: center; height: 23px;\">40<\/td>\n<td style=\"width: 17.7665%; text-align: center; height: 23px;\">25<\/td>\n<td style=\"width: 16.7513%; text-align: center; height: 23px;\">0,36<\/td>\n<\/tr>\n<\/tbody>\n<\/table>\n<p>&nbsp;<\/p>\n<p><a href=\"http:\/\/www.feman.net\/wp-content\/uploads\/2015\/03\/16-41.png\"><img loading=\"lazy\" decoding=\"async\" class=\"alignnone wp-image-1749 size-medium\" src=\"http:\/\/www.feman.net\/wp-content\/uploads\/2015\/03\/16-41-226x300.png\" alt=\"16-4\" width=\"226\" height=\"300\" srcset=\"https:\/\/www.feman.net\/eng\/wp-content\/uploads\/2015\/03\/16-41-226x300.png 226w, https:\/\/www.feman.net\/eng\/wp-content\/uploads\/2015\/03\/16-41-300x399.png 300w, https:\/\/www.feman.net\/eng\/wp-content\/uploads\/2015\/03\/16-41-150x199.png 150w, https:\/\/www.feman.net\/eng\/wp-content\/uploads\/2015\/03\/16-41.png 523w\" sizes=\"(max-width: 226px) 100vw, 226px\" \/><\/a> \u00a0 \u00a0 \u00a0 \u00a0 \u00a0 \u00a0<a href=\"http:\/\/www.feman.net\/wp-content\/uploads\/2015\/03\/16-51.png\"><img loading=\"lazy\" decoding=\"async\" class=\"wp-image-1750  alignnone\" src=\"http:\/\/www.feman.net\/wp-content\/uploads\/2015\/03\/16-51-300x226.png\" alt=\"16-5\" width=\"400\" height=\"301\" srcset=\"https:\/\/www.feman.net\/eng\/wp-content\/uploads\/2015\/03\/16-51-300x226.png 300w, https:\/\/www.feman.net\/eng\/wp-content\/uploads\/2015\/03\/16-51-600x452.png 600w, https:\/\/www.feman.net\/eng\/wp-content\/uploads\/2015\/03\/16-51-150x113.png 150w, https:\/\/www.feman.net\/eng\/wp-content\/uploads\/2015\/03\/16-51.png 930w\" sizes=\"(max-width: 400px) 100vw, 400px\" \/><\/a><\/p>\n","protected":false},"excerpt":{"rendered":"<p>Koriste se za polaganje u betonskim konstrukcijama kao i za polaganje EL i TT instalacija u plo\u010dama objekta pre betona\u017ee. Izra\u0111ene su od samogasivog polietilena po evropskim standardima. Savitljive su i lako se pola\u017eu u svim uglovima. Kroz njih se lako provla\u010de sve vrste provodnika &#8211; kablova.Odlikuju se velikom otporno\u0161\u0107u na pritisak japanerom, kolicima, u [&hellip;]<\/p>\n","protected":false},"featured_media":265786,"comment_status":"closed","ping_status":"closed","template":"","meta":[],"product_brand":[],"product_cat":[199],"product_tag":[],"class_list":{"0":"post-3349","1":"product","2":"type-product","3":"status-publish","4":"has-post-thumbnail","6":"product_cat-cevi","8":"first","9":"instock","10":"shipping-taxable","11":"product-type-simple"},"_links":{"self":[{"href":"https:\/\/www.feman.net\/eng\/index.php?rest_route=\/wp\/v2\/product\/3349","targetHints":{"allow":["GET"]}}],"collection":[{"href":"https:\/\/www.feman.net\/eng\/index.php?rest_route=\/wp\/v2\/product"}],"about":[{"href":"https:\/\/www.feman.net\/eng\/index.php?rest_route=\/wp\/v2\/types\/product"}],"replies":[{"embeddable":true,"href":"https:\/\/www.feman.net\/eng\/index.php?rest_route=%2Fwp%2Fv2%2Fcomments&post=3349"}],"wp:featuredmedia":[{"embeddable":true,"href":"https:\/\/www.feman.net\/eng\/index.php?rest_route=\/wp\/v2\/media\/265786"}],"wp:attachment":[{"href":"https:\/\/www.feman.net\/eng\/index.php?rest_route=%2Fwp%2Fv2%2Fmedia&parent=3349"}],"wp:term":[{"taxonomy":"product_brand","embeddable":true,"href":"https:\/\/www.feman.net\/eng\/index.php?rest_route=%2Fwp%2Fv2%2Fproduct_brand&post=3349"},{"taxonomy":"product_cat","embeddable":true,"href":"https:\/\/www.feman.net\/eng\/index.php?rest_route=%2Fwp%2Fv2%2Fproduct_cat&post=3349"},{"taxonomy":"product_tag","embeddable":true,"href":"https:\/\/www.feman.net\/eng\/index.php?rest_route=%2Fwp%2Fv2%2Fproduct_tag&post=3349"}],"curies":[{"name":"wp","href":"https:\/\/api.w.org\/{rel}","templated":true}]}}