{"id":3372,"date":"2015-04-14T13:41:58","date_gmt":"2015-04-14T13:41:58","guid":{"rendered":"http:\/\/feman.net\/?p=3372"},"modified":"2022-03-19T15:11:31","modified_gmt":"2022-03-19T15:11:31","slug":"tropolne-osnove-nozastih-osiguraca-2","status":"publish","type":"product","link":"https:\/\/www.feman.net\/eng\/?product=tropolne-osnove-nozastih-osiguraca-2","title":{"rendered":"TROPOLNE OSNOVE NO\u017dASTIH OSIGURA\u010cA"},"content":{"rendered":"<p>&nbsp;<\/p>\n<p>Koriste se za za\u0161titu elektri\u010dnih mre\u017ea od kratkih spojeva i preoptere\u0107enja. Napomena: Za\u0161tite kontakta se poru\u010duju posebno i slu\u017ee kao dodatna za\u0161tita od slu\u010dajnog dodira delova pod naponom.<\/p>\n<p><a href=\"http:\/\/www.feman.net\/wp-content\/uploads\/2015\/03\/19-42.png\"><img loading=\"lazy\" decoding=\"async\" class=\"alignnone wp-image-1759 size-medium\" src=\"http:\/\/www.feman.net\/wp-content\/uploads\/2015\/03\/19-42-300x240.png\" alt=\"TROPOLNE OSNOVE NO\u017dASTIH OSIGURA\u010cA\" width=\"300\" height=\"240\" srcset=\"https:\/\/www.feman.net\/eng\/wp-content\/uploads\/2015\/03\/19-42-300x240.png 300w, https:\/\/www.feman.net\/eng\/wp-content\/uploads\/2015\/03\/19-42-600x481.png 600w, https:\/\/www.feman.net\/eng\/wp-content\/uploads\/2015\/03\/19-42-150x120.png 150w, https:\/\/www.feman.net\/eng\/wp-content\/uploads\/2015\/03\/19-42.png 719w\" sizes=\"(max-width: 300px) 100vw, 300px\" \/><\/a><\/p>\n<p>&nbsp;<\/p>\n<table style=\"height: 215px;\" width=\"790\">\n<tbody>\n<tr>\n<td>Kodni broj<\/td>\n<td>Tip<\/td>\n<td>In A<\/td>\n<td>Pakovanje kom<\/td>\n<td>Te\u017eina kg\/kom<\/td>\n<\/tr>\n<tr>\n<td>5410103<\/td>\n<td>FPK 160\/3<\/td>\n<td>160<\/td>\n<td>1<\/td>\n<td>0,56<\/td>\n<\/tr>\n<tr>\n<td>5410253<\/td>\n<td>FPK 250\/3<\/td>\n<td>250<\/td>\n<td>1<\/td>\n<td>1,76<\/td>\n<\/tr>\n<tr>\n<td>5410403<\/td>\n<td>FPK 400\/3<\/td>\n<td>400<\/td>\n<td>1<\/td>\n<td>3,07<\/td>\n<\/tr>\n<\/tbody>\n<\/table>\n<p>&nbsp;<\/p>\n","protected":false},"excerpt":{"rendered":"<p>&nbsp; Koriste se za za\u0161titu elektri\u010dnih mre\u017ea od kratkih spojeva i preoptere\u0107enja. Napomena: Za\u0161tite kontakta se poru\u010duju posebno i slu\u017ee kao dodatna za\u0161tita od slu\u010dajnog dodira delova pod naponom. &nbsp; Kodni broj Tip In A Pakovanje kom Te\u017eina kg\/kom 5410103 FPK 160\/3 160 1 0,56 5410253 FPK 250\/3 250 1 1,76 5410403 FPK 400\/3 400 [&hellip;]<\/p>\n","protected":false},"featured_media":265834,"comment_status":"closed","ping_status":"closed","template":"","meta":[],"product_brand":[],"product_cat":[202],"product_tag":[],"class_list":{"0":"post-3372","1":"product","2":"type-product","3":"status-publish","4":"has-post-thumbnail","6":"product_cat-osiguraci","8":"first","9":"instock","10":"shipping-taxable","11":"product-type-simple"},"_links":{"self":[{"href":"https:\/\/www.feman.net\/eng\/index.php?rest_route=\/wp\/v2\/product\/3372","targetHints":{"allow":["GET"]}}],"collection":[{"href":"https:\/\/www.feman.net\/eng\/index.php?rest_route=\/wp\/v2\/product"}],"about":[{"href":"https:\/\/www.feman.net\/eng\/index.php?rest_route=\/wp\/v2\/types\/product"}],"replies":[{"embeddable":true,"href":"https:\/\/www.feman.net\/eng\/index.php?rest_route=%2Fwp%2Fv2%2Fcomments&post=3372"}],"wp:featuredmedia":[{"embeddable":true,"href":"https:\/\/www.feman.net\/eng\/index.php?rest_route=\/wp\/v2\/media\/265834"}],"wp:attachment":[{"href":"https:\/\/www.feman.net\/eng\/index.php?rest_route=%2Fwp%2Fv2%2Fmedia&parent=3372"}],"wp:term":[{"taxonomy":"product_brand","embeddable":true,"href":"https:\/\/www.feman.net\/eng\/index.php?rest_route=%2Fwp%2Fv2%2Fproduct_brand&post=3372"},{"taxonomy":"product_cat","embeddable":true,"href":"https:\/\/www.feman.net\/eng\/index.php?rest_route=%2Fwp%2Fv2%2Fproduct_cat&post=3372"},{"taxonomy":"product_tag","embeddable":true,"href":"https:\/\/www.feman.net\/eng\/index.php?rest_route=%2Fwp%2Fv2%2Fproduct_tag&post=3372"}],"curies":[{"name":"wp","href":"https:\/\/api.w.org\/{rel}","templated":true}]}}